{"id":5088,"date":"2022-03-17T19:27:25","date_gmt":"2022-03-17T18:27:25","guid":{"rendered":"https:\/\/lerevedelouise.fr\/?page_id=5088"},"modified":"2024-02-05T16:22:39","modified_gmt":"2024-02-05T15:22:39","slug":"case-43","status":"publish","type":"page","link":"https:\/\/lerevedelouise.fr\/index.php\/case-0\/case-43\/","title":{"rendered":"Case 43"},"content":{"rendered":"<span class=\"span-reading-time rt-reading-time\" style=\"display: block;\"><span class=\"rt-label rt-prefix\">Temps de lecture\u00a0: <\/span> <span class=\"rt-time\"> 2<\/span> <span class=\"rt-label rt-postfix\">minutes<\/span><\/span>\n<div class=\"wp-block-image\"><figure class=\"aligncenter size-medium\"><a href=\"https:\/\/lerevedelouise.fr\/wp-content\/uploads\/2022\/03\/bouclier-1.png\"><img loading=\"lazy\" decoding=\"async\" width=\"300\" height=\"300\" src=\"https:\/\/lerevedelouise.fr\/wp-content\/uploads\/2022\/03\/bouclier-1-300x300.png\" alt=\"\" class=\"wp-image-5108\" srcset=\"https:\/\/lerevedelouise.fr\/wp-content\/uploads\/2022\/03\/bouclier-1-300x300.png 300w, https:\/\/lerevedelouise.fr\/wp-content\/uploads\/2022\/03\/bouclier-1-100x100.png 100w, https:\/\/lerevedelouise.fr\/wp-content\/uploads\/2022\/03\/bouclier-1-600x600.png 600w, https:\/\/lerevedelouise.fr\/wp-content\/uploads\/2022\/03\/bouclier-1-1024x1024.png 1024w, https:\/\/lerevedelouise.fr\/wp-content\/uploads\/2022\/03\/bouclier-1-150x150.png 150w, https:\/\/lerevedelouise.fr\/wp-content\/uploads\/2022\/03\/bouclier-1-768x768.png 768w, https:\/\/lerevedelouise.fr\/wp-content\/uploads\/2022\/03\/bouclier-1-80x80.png 80w, https:\/\/lerevedelouise.fr\/wp-content\/uploads\/2022\/03\/bouclier-1.png 1280w\" sizes=\"auto, (max-width: 300px) 100vw, 300px\" \/><\/a><\/figure><\/div>\n\n\n\n<h4 class=\"has-text-color wp-block-heading\" style=\"color:#d7760e\">Le bouclier<\/h4>\n\n\n\n<p>C&rsquo;est \u00e9videmment un symbole de protection. Toutefois, il faut se souvenir que, dans l&rsquo;esprit de nos anc\u00eatres, cette arme d&rsquo;autod\u00e9fense qu&rsquo;ils invent\u00e8rent eut pour eux un caract\u00e8re magique, du fait m\u00eame qu&rsquo;elle pouvait leur permettre de d\u00e9fier la mort et de sortir indemnes d&rsquo;une bataille meurtri\u00e8re. C&rsquo;est ainsi que les boucliers de l&rsquo;Antiquit\u00e9 \u00e9taient souvent recouverts de symboles \u00e0 caract\u00e8re magique, qui \u00e9taient cens\u00e9s terrifier et repousser les ennemis et donc prot\u00e9ger les guerriers qui les portaient.<\/p>\n\n\n\n<h4 class=\"has-text-color wp-block-heading\" style=\"color:#d7760e\">Signification<\/h4>\n\n\n\n<p>Si votre pion se trouve sur cette case, c&rsquo;est un message de r\u00e9confort qui vous est donn\u00e9. Encore faut-il comprendre pourquoi et comment vous n&rsquo;avez rien \u00e0 craindre. En effet, ce que vous r\u00e9v\u00e8le le symbole du bouclier, c&rsquo;est que vos qualit\u00e9s naturelles, votre confiance, votre foi en vous-m\u00eame doivent vous mettre \u00e0 l&rsquo;abri des risques que vous prenez ou des dangers que vous craignez peut-\u00eatre. Vous devez donc faire appel \u00e0 toutes vos ressources int\u00e9rieures pour vous d\u00e9fendre contre les coups du sort ou les al\u00e9as de l&rsquo;existence. Vous poss\u00e9dez en vous votre propre bouclier et si vous savez l&rsquo;utiliser \u00e0 bon escient, vous n&rsquo;avez rien \u00e0 craindre. Ainsi, ce symbole pr\u00e9sent dans votre parcours est souvent le signe d&rsquo;une protection providentielle dont vous b\u00e9n\u00e9ficiez \u00e0 un moment peut-\u00eatre difficile de votre vie.<\/p>\n\n\n\n<p class=\"has-text-color has-small-font-size\" style=\"color:#d7760e\">Image par : <a href=\"https:\/\/pixabay.com\/fr\/users\/openclipart-vectors-30363\/\" target=\"_blank\" rel=\"noreferrer noopener\">OpenClipart-Vectors<\/a> de <a href=\"https:\/\/pixabay.com\/fr\/\" target=\"_blank\" rel=\"noreferrer noopener\">Pixabay<\/a><\/p>\n\n\n\n<p class=\"has-text-color has-small-font-size\" style=\"color:#d7760e\">Source : <a href=\"https:\/\/www.hachette-collections.com\/fr-fr\/?gclid=CjwKCAjw8J32BRBCEiwApQEKgdiFVIkH2wypRsYiCjhK4KTn5ifV_DR1FX_lAZt9mKdtG8ksfXzYzxoCfegQAvD_BwE\" target=\"_blank\" rel=\"noreferrer noopener\">les arts divina<em>toires \u2013 Hachette Collection<\/em><\/a><\/p>\n","protected":false},"excerpt":{"rendered":"<p>Le bouclier C&rsquo;est \u00e9videmment un symbole de protection. Toutefois, il faut se souvenir que, dans l&rsquo;esprit de nos anc\u00eatres, cette arme d&rsquo;autod\u00e9fense qu&rsquo;ils invent\u00e8rent eut pour eux un caract\u00e8re magique, du fait m\u00eame qu&rsquo;elle pouvait leur permettre de d\u00e9fier la mort et de sortir indemnes d&rsquo;une bataille meurtri\u00e8re. C&rsquo;est ainsi que les boucliers de l&rsquo;Antiquit\u00e9 [&hellip;]<\/p>\n","protected":false},"author":1,"featured_media":0,"parent":480,"menu_order":43,"comment_status":"closed","ping_status":"closed","template":"","meta":{"_eb_attr":"","footnotes":""},"class_list":["post-5088","page","type-page","status-publish","hentry"],"_links":{"self":[{"href":"https:\/\/lerevedelouise.fr\/index.php\/wp-json\/wp\/v2\/pages\/5088","targetHints":{"allow":["GET"]}}],"collection":[{"href":"https:\/\/lerevedelouise.fr\/index.php\/wp-json\/wp\/v2\/pages"}],"about":[{"href":"https:\/\/lerevedelouise.fr\/index.php\/wp-json\/wp\/v2\/types\/page"}],"author":[{"embeddable":true,"href":"https:\/\/lerevedelouise.fr\/index.php\/wp-json\/wp\/v2\/users\/1"}],"replies":[{"embeddable":true,"href":"https:\/\/lerevedelouise.fr\/index.php\/wp-json\/wp\/v2\/comments?post=5088"}],"version-history":[{"count":11,"href":"https:\/\/lerevedelouise.fr\/index.php\/wp-json\/wp\/v2\/pages\/5088\/revisions"}],"predecessor-version":[{"id":5109,"href":"https:\/\/lerevedelouise.fr\/index.php\/wp-json\/wp\/v2\/pages\/5088\/revisions\/5109"}],"up":[{"embeddable":true,"href":"https:\/\/lerevedelouise.fr\/index.php\/wp-json\/wp\/v2\/pages\/480"}],"wp:attachment":[{"href":"https:\/\/lerevedelouise.fr\/index.php\/wp-json\/wp\/v2\/media?parent=5088"}],"curies":[{"name":"wp","href":"https:\/\/api.w.org\/{rel}","templated":true}]}}