{"id":5112,"date":"2022-03-20T18:48:44","date_gmt":"2022-03-20T17:48:44","guid":{"rendered":"https:\/\/lerevedelouise.fr\/?page_id=5112"},"modified":"2024-02-05T16:22:48","modified_gmt":"2024-02-05T15:22:48","slug":"case-44","status":"publish","type":"page","link":"https:\/\/lerevedelouise.fr\/index.php\/case-0\/case-44\/","title":{"rendered":"Case 44"},"content":{"rendered":"<span class=\"span-reading-time rt-reading-time\" style=\"display: block;\"><span class=\"rt-label rt-prefix\">Temps de lecture\u00a0: <\/span> <span class=\"rt-time\"> 2<\/span> <span class=\"rt-label rt-postfix\">minutes<\/span><\/span>\n<div class=\"wp-block-image wp-duotone-6e572d-322916-1\"><figure class=\"aligncenter size-medium\"><a href=\"https:\/\/lerevedelouise.fr\/wp-content\/uploads\/2022\/03\/tunique.png\"><img loading=\"lazy\" decoding=\"async\" width=\"152\" height=\"300\" src=\"https:\/\/lerevedelouise.fr\/wp-content\/uploads\/2022\/03\/tunique-152x300.png\" alt=\"\" class=\"wp-image-5120\" srcset=\"https:\/\/lerevedelouise.fr\/wp-content\/uploads\/2022\/03\/tunique-152x300.png 152w, https:\/\/lerevedelouise.fr\/wp-content\/uploads\/2022\/03\/tunique-600x1184.png 600w, https:\/\/lerevedelouise.fr\/wp-content\/uploads\/2022\/03\/tunique-519x1024.png 519w, https:\/\/lerevedelouise.fr\/wp-content\/uploads\/2022\/03\/tunique-768x1515.png 768w, https:\/\/lerevedelouise.fr\/wp-content\/uploads\/2022\/03\/tunique-778x1536.png 778w, https:\/\/lerevedelouise.fr\/wp-content\/uploads\/2022\/03\/tunique.png 973w\" sizes=\"auto, (max-width: 152px) 100vw, 152px\" \/><\/a><\/figure><\/div>\n\n\n\n<h4 class=\"has-text-color wp-block-heading\" style=\"color:#d7760e\">La tunique<\/h4>\n\n\n\n<p>Il s&rsquo;agit d&rsquo;un symbole repr\u00e9sentant le corps per\u00e7u comme v\u00eatement ou tunique de l&rsquo;\u00e2me, mais aussi de tout ce qui \u00ab\u00a0colle \u00e0 la peau\u00a0\u00bb, expression qui fait allusion aux d\u00e9sirs, passions, sentiments humains exacerb\u00e9s de possession et de jalousie. Une l\u00e9gende mythique dont H\u00e9racl\u00e8s est le h\u00e9ros et une fois n&rsquo;est pas coutume la victime, illustre bien cette m\u00e9taphore. D\u00e9janire \u00e9pouse D&rsquo;H\u00e9racl\u00e8s avait re\u00e7u en cadeau un filtre magique qui pouvait lui ramener son mari en cas d&rsquo;infid\u00e9lit\u00e9, il lui suffirait de tremper sa tunique dans le liquide pour qu&rsquo;il lui revienne. En r\u00e9alit\u00e9, ce filtre \u00e9tait du poison, quand H\u00e9racl\u00e8s rev\u00eatit sa tunique celle-ci lui colla \u00e0 la peau et une br\u00fblure insoutenable envahit tout son corps d\u00e9sesp\u00e9r\u00e9 il se jeta dans un brasier pour abr\u00e9ger ses souffrances.<\/p>\n\n\n\n<h4 class=\"has-text-color wp-block-heading\" style=\"color:#d7760e\"> <\/h4>\n\n\n\n<h4 class=\"has-text-color wp-block-heading\" style=\"color:#d7760e\">Signification<\/h4>\n\n\n\n<p>D\u00e8s lors que votre pion se pose sur cette case, vous devez vous interroger \u00e0 propos de la nature de vos sentiments, sachant que vos d\u00e9sirs et passions vous \u00ab\u00a0collent \u00e0 la peau\u00a0\u00bb, que le corps et la tunique de l&rsquo;\u00e2me en quelque sorte. Ce sont vos intentions qui comptent alors, que vos actes sont issus de vos faiblesses. Car, vous pouvez vous rendre souvent victime de vos propres sentiments de jalousie, de passions et de d\u00e9sirs qui tourmentent votre \u00e2me et vous aveuglent. Quand par ailleurs et simultan\u00e9ment vous pouvez pourtant \u00eatre pourvu de nobles qualit\u00e9s.<\/p>\n\n\n\n<p class=\"has-text-color has-small-font-size\" style=\"color:#d7760e\">Image par : <a href=\"https:\/\/pixabay.com\/fr\/users\/jo-b-246441\/\" target=\"_blank\" rel=\"noreferrer noopener\">Jo-B<\/a> de <a href=\"https:\/\/pixabay.com\/fr\/\" target=\"_blank\" rel=\"noreferrer noopener\">Pixabay<\/a><\/p>\n\n\n\n<p class=\"has-text-color has-small-font-size\" style=\"color:#d7760e\">Source : <a href=\"https:\/\/www.hachette-collections.com\/fr-fr\/?gclid=CjwKCAjw8J32BRBCEiwApQEKgdiFVIkH2wypRsYiCjhK4KTn5ifV_DR1FX_lAZt9mKdtG8ksfXzYzxoCfegQAvD_BwE\" target=\"_blank\" rel=\"noreferrer noopener\">les arts divina<em>toires \u2013 Hachette Collection<\/em><\/a><\/p>\n","protected":false},"excerpt":{"rendered":"<p>La tunique Il s&rsquo;agit d&rsquo;un symbole repr\u00e9sentant le corps per\u00e7u comme v\u00eatement ou tunique de l&rsquo;\u00e2me, mais aussi de tout ce qui \u00ab\u00a0colle \u00e0 la peau\u00a0\u00bb, expression qui fait allusion aux d\u00e9sirs, passions, sentiments humains exacerb\u00e9s de possession et de jalousie. Une l\u00e9gende mythique dont H\u00e9racl\u00e8s est le h\u00e9ros et une fois n&rsquo;est pas coutume [&hellip;]<\/p>\n","protected":false},"author":1,"featured_media":0,"parent":480,"menu_order":44,"comment_status":"closed","ping_status":"closed","template":"","meta":{"_eb_attr":"","footnotes":""},"class_list":["post-5112","page","type-page","status-publish","hentry"],"_links":{"self":[{"href":"https:\/\/lerevedelouise.fr\/index.php\/wp-json\/wp\/v2\/pages\/5112","targetHints":{"allow":["GET"]}}],"collection":[{"href":"https:\/\/lerevedelouise.fr\/index.php\/wp-json\/wp\/v2\/pages"}],"about":[{"href":"https:\/\/lerevedelouise.fr\/index.php\/wp-json\/wp\/v2\/types\/page"}],"author":[{"embeddable":true,"href":"https:\/\/lerevedelouise.fr\/index.php\/wp-json\/wp\/v2\/users\/1"}],"replies":[{"embeddable":true,"href":"https:\/\/lerevedelouise.fr\/index.php\/wp-json\/wp\/v2\/comments?post=5112"}],"version-history":[{"count":18,"href":"https:\/\/lerevedelouise.fr\/index.php\/wp-json\/wp\/v2\/pages\/5112\/revisions"}],"predecessor-version":[{"id":6834,"href":"https:\/\/lerevedelouise.fr\/index.php\/wp-json\/wp\/v2\/pages\/5112\/revisions\/6834"}],"up":[{"embeddable":true,"href":"https:\/\/lerevedelouise.fr\/index.php\/wp-json\/wp\/v2\/pages\/480"}],"wp:attachment":[{"href":"https:\/\/lerevedelouise.fr\/index.php\/wp-json\/wp\/v2\/media?parent=5112"}],"curies":[{"name":"wp","href":"https:\/\/api.w.org\/{rel}","templated":true}]}}