{"id":5301,"date":"2022-03-22T23:10:46","date_gmt":"2022-03-22T22:10:46","guid":{"rendered":"https:\/\/lerevedelouise.fr\/?page_id=5301"},"modified":"2024-02-05T16:23:01","modified_gmt":"2024-02-05T15:23:01","slug":"case-45","status":"publish","type":"page","link":"https:\/\/lerevedelouise.fr\/index.php\/case-0\/case-45\/","title":{"rendered":"Case 45"},"content":{"rendered":"<span class=\"span-reading-time rt-reading-time\" style=\"display: block;\"><span class=\"rt-label rt-prefix\">Temps de lecture\u00a0: <\/span> <span class=\"rt-time\"> &lt;\u00a01<\/span> <span class=\"rt-label rt-postfix\">minute<\/span><\/span>\n<div class=\"wp-block-image\"><figure class=\"aligncenter size-medium\"><a href=\"https:\/\/lerevedelouise.fr\/wp-content\/uploads\/2022\/03\/cinquieme-oie.jpg\"><img loading=\"lazy\" decoding=\"async\" width=\"300\" height=\"211\" src=\"https:\/\/lerevedelouise.fr\/wp-content\/uploads\/2022\/03\/cinquieme-oie-300x211.jpg\" alt=\"\" class=\"wp-image-5302\" srcset=\"https:\/\/lerevedelouise.fr\/wp-content\/uploads\/2022\/03\/cinquieme-oie-300x211.jpg 300w, https:\/\/lerevedelouise.fr\/wp-content\/uploads\/2022\/03\/cinquieme-oie-600x422.jpg 600w, https:\/\/lerevedelouise.fr\/wp-content\/uploads\/2022\/03\/cinquieme-oie-1024x721.jpg 1024w, https:\/\/lerevedelouise.fr\/wp-content\/uploads\/2022\/03\/cinquieme-oie-768x541.jpg 768w, https:\/\/lerevedelouise.fr\/wp-content\/uploads\/2022\/03\/cinquieme-oie-130x90.jpg 130w, https:\/\/lerevedelouise.fr\/wp-content\/uploads\/2022\/03\/cinquieme-oie.jpg 1280w\" sizes=\"auto, (max-width: 300px) 100vw, 300px\" \/><\/a><\/figure><\/div>\n\n\n\n<h4 class=\"has-text-color wp-block-heading\" style=\"color:#d7760e\">La cinqui\u00e8me Oie<\/h4>\n\n\n\n<p>A l&rsquo;or\u00e9e du sixi\u00e8me cycle, la cinqui\u00e8me Oie annonce l&rsquo;av\u00e8nement des temps nouveaux. En effet, l&rsquo;\u00eatre qui a su se d\u00e9pouiller de sa tunique de peau, dont nous avons d\u00e9couvert le sens \u00e0 la case pr\u00e9c\u00e9dente, s&rsquo;est d\u00e9barrass\u00e9 des faiblesses, vices et tourments de son \u00e2me, qui rel\u00e9guaient au second plan ses qualit\u00e9s et ses vertus. D\u00e8s lors, il est en mesure d&rsquo;apercevoir en lui une lueur : celle de sa conscience qui lui montre la voie pour apprendre \u00e0 se conna\u00eetre, \u00e0 n&rsquo;\u00eatre plus dupe de lui-m\u00eame.<\/p>\n\n\n\n<h4 class=\"has-text-color wp-block-heading\" style=\"color:#d7760e\">Signification<\/h4>\n\n\n\n<p>Si votre pion se pose sur cette case, agissez d\u00e9sormais en votre \u00e2me et conscience et avancez pas \u00e0 pas sur le chemin de votre vie et de votre destin\u00e9e, en \u00e9tant conscient de vos lacunes et de vos richesses, sans rien nier de vos faiblesses, ni de vos qualit\u00e9s. Sans les minimiser ni les surestimer, car c&rsquo;est ainsi que vous \u00e9voluerez et que vous atteindrez votre but. En d&rsquo;autres termes, la cinqui\u00e8me Oie de ce parcours symbolique et initiatique vous donne une grande le\u00e7on de sagesse, qui est \u00e0 votre port\u00e9e.<\/p>\n\n\n\n<p class=\"has-text-color has-small-font-size\" style=\"color:#d7760e\">Image par : <a href=\"http:\/\/Inactive account \u2013 ID 70154 70154\">Ray Miller<\/a> de <a href=\"https:\/\/pixabay.com\/fr\/\" target=\"_blank\" rel=\"noreferrer noopener\">Pixabay<\/a><\/p>\n\n\n\n<p class=\"has-text-color has-small-font-size\" style=\"color:#d7760e\">Source : <a href=\"https:\/\/www.hachette-collections.com\/fr-fr\/?gclid=CjwKCAjw8J32BRBCEiwApQEKgdiFVIkH2wypRsYiCjhK4KTn5ifV_DR1FX_lAZt9mKdtG8ksfXzYzxoCfegQAvD_BwE\" target=\"_blank\" rel=\"noreferrer noopener\">les arts divina<em>toires \u2013 Hachette Collection<\/em><\/a><\/p>\n","protected":false},"excerpt":{"rendered":"<p>La cinqui\u00e8me Oie A l&rsquo;or\u00e9e du sixi\u00e8me cycle, la cinqui\u00e8me Oie annonce l&rsquo;av\u00e8nement des temps nouveaux. En effet, l&rsquo;\u00eatre qui a su se d\u00e9pouiller de sa tunique de peau, dont nous avons d\u00e9couvert le sens \u00e0 la case pr\u00e9c\u00e9dente, s&rsquo;est d\u00e9barrass\u00e9 des faiblesses, vices et tourments de son \u00e2me, qui rel\u00e9guaient au second plan ses [&hellip;]<\/p>\n","protected":false},"author":1,"featured_media":0,"parent":480,"menu_order":45,"comment_status":"closed","ping_status":"closed","template":"","meta":{"_eb_attr":"","footnotes":""},"class_list":["post-5301","page","type-page","status-publish","hentry"],"_links":{"self":[{"href":"https:\/\/lerevedelouise.fr\/index.php\/wp-json\/wp\/v2\/pages\/5301","targetHints":{"allow":["GET"]}}],"collection":[{"href":"https:\/\/lerevedelouise.fr\/index.php\/wp-json\/wp\/v2\/pages"}],"about":[{"href":"https:\/\/lerevedelouise.fr\/index.php\/wp-json\/wp\/v2\/types\/page"}],"author":[{"embeddable":true,"href":"https:\/\/lerevedelouise.fr\/index.php\/wp-json\/wp\/v2\/users\/1"}],"replies":[{"embeddable":true,"href":"https:\/\/lerevedelouise.fr\/index.php\/wp-json\/wp\/v2\/comments?post=5301"}],"version-history":[{"count":5,"href":"https:\/\/lerevedelouise.fr\/index.php\/wp-json\/wp\/v2\/pages\/5301\/revisions"}],"predecessor-version":[{"id":5321,"href":"https:\/\/lerevedelouise.fr\/index.php\/wp-json\/wp\/v2\/pages\/5301\/revisions\/5321"}],"up":[{"embeddable":true,"href":"https:\/\/lerevedelouise.fr\/index.php\/wp-json\/wp\/v2\/pages\/480"}],"wp:attachment":[{"href":"https:\/\/lerevedelouise.fr\/index.php\/wp-json\/wp\/v2\/media?parent=5301"}],"curies":[{"name":"wp","href":"https:\/\/api.w.org\/{rel}","templated":true}]}}