{"id":5305,"date":"2022-03-22T17:36:53","date_gmt":"2022-03-22T16:36:53","guid":{"rendered":"https:\/\/lerevedelouise.fr\/?page_id=5305"},"modified":"2024-02-05T16:13:34","modified_gmt":"2024-02-05T15:13:34","slug":"cycle-6-de-parcours-et-dinterpretation","status":"publish","type":"page","link":"https:\/\/lerevedelouise.fr\/index.php\/cycle-1-de-parcours-et-dinterpretation\/cycle-6-de-parcours-et-dinterpretation\/","title":{"rendered":"Cycle 6 de parcours et d&rsquo;interpr\u00e9tation"},"content":{"rendered":"<span class=\"span-reading-time rt-reading-time\" style=\"display: block;\"><span class=\"rt-label rt-prefix\">Temps de lecture\u00a0: <\/span> <span class=\"rt-time\"> 3<\/span> <span class=\"rt-label rt-postfix\">minutes<\/span><\/span>\n<p class=\"has-text-align-right\" style=\"font-size:15px\"><a href=\"https:\/\/lerevedelouise.fr\/index.php\/cycle-7-de-parcours-et-dinterpretation\/\" title=\"Parcours et cycle 7 d'interpr\u00e9tation\">Parcours et cycle 7 d&rsquo;interpr\u00e9tation<\/a><\/p>\n\n\n\n<div class=\"wp-block-columns is-layout-flex wp-container-core-columns-is-layout-9d6595d7 wp-block-columns-is-layout-flex\">\n<div class=\"wp-block-column is-layout-flow wp-block-column-is-layout-flow\">\n<h6 class=\"has-text-color wp-block-heading\" style=\"color:#d7760e\">Case 46<\/h6>\n\n\n\n<div class=\"wp-block-image\"><figure class=\"aligncenter size-thumbnail\"><img loading=\"lazy\" decoding=\"async\" width=\"150\" height=\"150\" src=\"https:\/\/lerevedelouise.fr\/wp-content\/uploads\/2022\/03\/echelle-150x150.jpg\" alt=\"jeu de l'oie\" class=\"wp-image-5348\" srcset=\"https:\/\/lerevedelouise.fr\/wp-content\/uploads\/2022\/03\/echelle-150x150.jpg 150w, https:\/\/lerevedelouise.fr\/wp-content\/uploads\/2022\/03\/echelle-100x100.jpg 100w, https:\/\/lerevedelouise.fr\/wp-content\/uploads\/2022\/03\/echelle-80x80.jpg 80w\" sizes=\"auto, (max-width: 150px) 100vw, 150px\" \/><\/figure><\/div>\n\n\n\n<h6 class=\"has-text-color wp-block-heading\" style=\"color:#d7760e\">L&rsquo;\u00e9chelle<\/h6>\n\n\n\n<p>L\u2019\u00e9chelle, au sens le plus pur et le plus vrai est un symbole de r\u00e9g\u00e9n\u00e9ration, figurant la circulation des \u00e9nergies vitales du bas&#8230; <a href=\"https:\/\/lerevedelouise.fr\/index.php\/case-0\/case-46\/\">Lire la suite<\/a><\/p>\n<\/div>\n\n\n\n<div class=\"wp-block-column is-layout-flow wp-block-column-is-layout-flow\">\n<h6 class=\"has-text-color wp-block-heading\" style=\"color:#d7760e\">Case 47<\/h6>\n\n\n\n<div class=\"wp-block-image\"><figure class=\"aligncenter size-thumbnail\"><img loading=\"lazy\" decoding=\"async\" width=\"150\" height=\"150\" src=\"https:\/\/lerevedelouise.fr\/wp-content\/uploads\/2022\/03\/lac-150x150.jpg\" alt=\"jeu de l'oie\" class=\"wp-image-5364\" srcset=\"https:\/\/lerevedelouise.fr\/wp-content\/uploads\/2022\/03\/lac-150x150.jpg 150w, https:\/\/lerevedelouise.fr\/wp-content\/uploads\/2022\/03\/lac-100x100.jpg 100w, https:\/\/lerevedelouise.fr\/wp-content\/uploads\/2022\/03\/lac-80x80.jpg 80w\" sizes=\"auto, (max-width: 150px) 100vw, 150px\" \/><\/figure><\/div>\n\n\n\n<h6 class=\"has-text-color wp-block-heading\" style=\"color:#d7760e\">Le lac<\/h6>\n\n\n\n<p>Le lac est une eau dormante. Or, comme l\u2019indique le proverbe \u201cil n\u2019est pire eau que l\u2019eau qui dort\u201d. Est-ce-\u00e0-dire que le lac&#8230; <a href=\"https:\/\/lerevedelouise.fr\/index.php\/case-0\/case-47\/\">Lire la suite <\/a><\/p>\n<\/div>\n\n\n\n<div class=\"wp-block-column is-layout-flow wp-block-column-is-layout-flow\">\n<h6 class=\"has-text-color wp-block-heading\" style=\"color:#d7760e\">Case 48<\/h6>\n\n\n\n<div class=\"wp-block-image\"><figure class=\"aligncenter size-thumbnail\"><img loading=\"lazy\" decoding=\"async\" width=\"150\" height=\"150\" src=\"https:\/\/lerevedelouise.fr\/wp-content\/uploads\/2022\/04\/source-150x150.jpg\" alt=\"jeu de l'oie\" class=\"wp-image-5842\" srcset=\"https:\/\/lerevedelouise.fr\/wp-content\/uploads\/2022\/04\/source-150x150.jpg 150w, https:\/\/lerevedelouise.fr\/wp-content\/uploads\/2022\/04\/source-100x100.jpg 100w, https:\/\/lerevedelouise.fr\/wp-content\/uploads\/2022\/04\/source-80x80.jpg 80w\" sizes=\"auto, (max-width: 150px) 100vw, 150px\" \/><\/figure><\/div>\n\n\n\n<h6 class=\"has-text-color wp-block-heading\" style=\"color:#d7760e\">La source<\/h6>\n\n\n\n<p>Nous voici encore en pr\u00e9sence d\u2019un symbole dit universel, parce qu\u2019il est commun \u00e0 toutes les cultures et&#8230; <a href=\"https:\/\/lerevedelouise.fr\/index.php\/case-0\/case-48\/\">Lire la suite <\/a><\/p>\n<\/div>\n<\/div>\n\n\n\n<div class=\"wp-block-columns is-layout-flex wp-container-core-columns-is-layout-9d6595d7 wp-block-columns-is-layout-flex\">\n<div class=\"wp-block-column is-layout-flow wp-block-column-is-layout-flow\">\n<h6 class=\"has-text-color wp-block-heading\" style=\"color:#d7760e\">Case 49<\/h6>\n\n\n\n<div class=\"wp-block-image\"><figure class=\"aligncenter size-thumbnail\"><img loading=\"lazy\" decoding=\"async\" width=\"150\" height=\"150\" src=\"https:\/\/lerevedelouise.fr\/wp-content\/uploads\/2022\/02\/5-sens-150x150.png\" alt=\"jeu de l'oie\" class=\"wp-image-4332\" srcset=\"https:\/\/lerevedelouise.fr\/wp-content\/uploads\/2022\/02\/5-sens-150x150.png 150w, https:\/\/lerevedelouise.fr\/wp-content\/uploads\/2022\/02\/5-sens-100x100.png 100w, https:\/\/lerevedelouise.fr\/wp-content\/uploads\/2022\/02\/5-sens-80x80.png 80w\" sizes=\"auto, (max-width: 150px) 100vw, 150px\" \/><\/figure><\/div>\n\n\n\n<h6 class=\"has-text-color wp-block-heading\" style=\"color:#d7760e\">Les cinq sens<\/h6>\n\n\n\n<p>Cette case sur votre parcours, vous invite \u00e0 faire un retour sur vous-m\u00eame, \u00e0 rebrousser votre chemin, car&#8230; <a href=\"https:\/\/lerevedelouise.fr\/index.php\/case-0\/case-49\/\">Lire la suite <\/a><\/p>\n<\/div>\n\n\n\n<div class=\"wp-block-column is-layout-flow wp-block-column-is-layout-flow\">\n<h6 class=\"has-text-color wp-block-heading\" style=\"color:#d7760e\">Case 50<\/h6>\n\n\n\n<div class=\"wp-block-image is-style-default\"><figure class=\"aligncenter size-thumbnail\"><img loading=\"lazy\" decoding=\"async\" width=\"150\" height=\"150\" src=\"https:\/\/lerevedelouise.fr\/wp-content\/uploads\/2022\/04\/prison-150x150.jpg\" alt=\"jeu de l'oie\" class=\"wp-image-6423\" srcset=\"https:\/\/lerevedelouise.fr\/wp-content\/uploads\/2022\/04\/prison-150x150.jpg 150w, https:\/\/lerevedelouise.fr\/wp-content\/uploads\/2022\/04\/prison-100x100.jpg 100w, https:\/\/lerevedelouise.fr\/wp-content\/uploads\/2022\/04\/prison-80x80.jpg 80w\" sizes=\"auto, (max-width: 150px) 100vw, 150px\" \/><\/figure><\/div>\n\n\n\n<h6 class=\"has-text-color wp-block-heading\" style=\"color:#d7760e\">La prison<\/h6>\n\n\n\n<p>La prison est un lieu de passage. Aussi curieux et paradoxal que celui puisse para\u00eetre, ce symbole&#8230; <a href=\"https:\/\/lerevedelouise.fr\/index.php\/case-0\/case-50\/\">Lire la suite<\/a><\/p>\n<\/div>\n\n\n\n<div class=\"wp-block-column is-layout-flow wp-block-column-is-layout-flow\">\n<h6 class=\"has-text-color wp-block-heading\" style=\"color:#d7760e\">Case 51<\/h6>\n\n\n\n<div class=\"wp-block-image is-style-default\"><figure class=\"aligncenter size-thumbnail\"><img loading=\"lazy\" decoding=\"async\" width=\"150\" height=\"150\" src=\"https:\/\/lerevedelouise.fr\/wp-content\/uploads\/2022\/04\/feu-150x150.jpg\" alt=\"jeu de l'oie\" class=\"wp-image-6761\" srcset=\"https:\/\/lerevedelouise.fr\/wp-content\/uploads\/2022\/04\/feu-150x150.jpg 150w, https:\/\/lerevedelouise.fr\/wp-content\/uploads\/2022\/04\/feu-100x100.jpg 100w, https:\/\/lerevedelouise.fr\/wp-content\/uploads\/2022\/04\/feu-80x80.jpg 80w\" sizes=\"auto, (max-width: 150px) 100vw, 150px\" \/><\/figure><\/div>\n\n\n\n<h6 class=\"has-text-color wp-block-heading\" style=\"color:#d7760e\">Le feu<\/h6>\n\n\n\n<p>C\u2019est un symbole de purification et de destruction, de lumi\u00e8re et d\u2019aveuglement, de v\u00e9rit\u00e9 et de passion, de vie&#8230; <a href=\"https:\/\/lerevedelouise.fr\/index.php\/case-0\/case-51\/\" title=\"Case 51\">Lire la suite<\/a> <\/p>\n<\/div>\n<\/div>\n\n\n\n<div class=\"wp-block-columns is-layout-flex wp-container-core-columns-is-layout-9d6595d7 wp-block-columns-is-layout-flex\">\n<div class=\"wp-block-column is-layout-flow wp-block-column-is-layout-flow\">\n<h6 class=\"has-text-color wp-block-heading\" style=\"color:#d7760e\">Case 52<\/h6>\n\n\n\n<div class=\"wp-block-image is-style-default\"><figure class=\"aligncenter size-thumbnail\"><img loading=\"lazy\" decoding=\"async\" width=\"150\" height=\"150\" src=\"https:\/\/lerevedelouise.fr\/wp-content\/uploads\/2023\/04\/de-150x150.jpg\" alt=\"\" class=\"wp-image-7812\" srcset=\"https:\/\/lerevedelouise.fr\/wp-content\/uploads\/2023\/04\/de-150x150.jpg 150w, https:\/\/lerevedelouise.fr\/wp-content\/uploads\/2023\/04\/de-80x80.jpg 80w\" sizes=\"auto, (max-width: 150px) 100vw, 150px\" \/><\/figure><\/div>\n\n\n\n<h6 class=\"has-text-color wp-block-heading\" style=\"color:#d7760e\">Les d\u00e9s<\/h6>\n\n\n\n<p>Les d\u00e9s sont associ\u00e9s \u00e0 la chance, mais de quelle chance s\u2019agit-il ? Au moyen \u00c2ge, chance se disait&#8230; <a href=\"https:\/\/lerevedelouise.fr\/index.php\/case-0\/case-52\/\" title=\"Case 52\">Lire la suite<\/a><\/p>\n<\/div>\n\n\n\n<div class=\"wp-block-column is-layout-flow wp-block-column-is-layout-flow\">\n<h6 class=\"has-text-color wp-block-heading\" style=\"color:#d7760e\">Case 53<\/h6>\n\n\n\n<div class=\"wp-block-image is-style-default\"><figure class=\"aligncenter size-thumbnail\"><img loading=\"lazy\" decoding=\"async\" width=\"150\" height=\"150\" src=\"https:\/\/lerevedelouise.fr\/wp-content\/uploads\/2022\/05\/arc-en-ciel-150x150.jpg\" alt=\"\" class=\"wp-image-7132\" srcset=\"https:\/\/lerevedelouise.fr\/wp-content\/uploads\/2022\/05\/arc-en-ciel-150x150.jpg 150w, https:\/\/lerevedelouise.fr\/wp-content\/uploads\/2022\/05\/arc-en-ciel-100x100.jpg 100w, https:\/\/lerevedelouise.fr\/wp-content\/uploads\/2022\/05\/arc-en-ciel-80x80.jpg 80w\" sizes=\"auto, (max-width: 150px) 100vw, 150px\" \/><\/figure><\/div>\n\n\n\n<h6 class=\"has-text-color wp-block-heading\" style=\"color:#d7760e\">L&rsquo;arc-en-ciel<\/h6>\n\n\n\n<p>Ce symbole poss\u00e8de des significations en analogie avec celles du pont (case 24) et de l\u2019\u00e9chelle (case 46)&#8230; <a href=\"https:\/\/lerevedelouise.fr\/index.php\/case-0\/case-53\/\" title=\"Case 53\">Lire la suite<\/a><\/p>\n<\/div>\n\n\n\n<div class=\"wp-block-column is-layout-flow wp-block-column-is-layout-flow\">\n<h6 class=\"has-text-color wp-block-heading\" style=\"color:#d7760e\">Case 54<\/h6>\n\n\n\n<div class=\"wp-block-image is-style-default\"><figure class=\"aligncenter size-thumbnail is-resized\"><img loading=\"lazy\" decoding=\"async\" src=\"https:\/\/lerevedelouise.fr\/wp-content\/uploads\/2023\/01\/sixieme-oie-150x150.jpg\" alt=\"jeu de l'oie\" class=\"wp-image-7555\" width=\"150\" height=\"150\" srcset=\"https:\/\/lerevedelouise.fr\/wp-content\/uploads\/2023\/01\/sixieme-oie-150x150.jpg 150w, https:\/\/lerevedelouise.fr\/wp-content\/uploads\/2023\/01\/sixieme-oie-100x100.jpg 100w, https:\/\/lerevedelouise.fr\/wp-content\/uploads\/2023\/01\/sixieme-oie-80x80.jpg 80w\" sizes=\"auto, (max-width: 150px) 100vw, 150px\" \/><\/figure><\/div>\n\n\n\n<h6 class=\"has-text-color wp-block-heading\" style=\"color:#d7760e\">La sixi\u00e8me Oie<\/h6>\n\n\n\n<p>La sixi\u00e8me Oie vous invite \u00e0 aller encore plus loin dans votre progression sur le chemin de la vie et de votre&#8230; <a href=\"https:\/\/lerevedelouise.fr\/index.php\/case-0\/case-54\/\" title=\"Case 54\">Lire la suite<\/a><\/p>\n<\/div>\n<\/div>\n\n\n\n<p style=\"font-size:15px\"><a href=\"https:\/\/lerevedelouise.fr\/index.php\/cycle-7-de-parcours-et-dinterpretation\/\" title=\"Parcours et cycle 7 d'interpr\u00e9tation\">Parcours et cycle 7 d&rsquo;interpr\u00e9tation<\/a><\/p>\n","protected":false},"excerpt":{"rendered":"<p>Parcours et cycle 7 d&rsquo;interpr\u00e9tation Case 46 L&rsquo;\u00e9chelle L\u2019\u00e9chelle, au sens le plus pur et le plus vrai est un symbole de r\u00e9g\u00e9n\u00e9ration, figurant la circulation des \u00e9nergies vitales du bas&#8230; Lire la suite Case 47 Le lac Le lac est une eau dormante. Or, comme l\u2019indique le proverbe \u201cil n\u2019est pire eau que l\u2019eau [&hellip;]<\/p>\n","protected":false},"author":1,"featured_media":0,"parent":1377,"menu_order":6,"comment_status":"closed","ping_status":"closed","template":"","meta":{"_eb_attr":"","footnotes":""},"class_list":["post-5305","page","type-page","status-publish","hentry"],"_links":{"self":[{"href":"https:\/\/lerevedelouise.fr\/index.php\/wp-json\/wp\/v2\/pages\/5305","targetHints":{"allow":["GET"]}}],"collection":[{"href":"https:\/\/lerevedelouise.fr\/index.php\/wp-json\/wp\/v2\/pages"}],"about":[{"href":"https:\/\/lerevedelouise.fr\/index.php\/wp-json\/wp\/v2\/types\/page"}],"author":[{"embeddable":true,"href":"https:\/\/lerevedelouise.fr\/index.php\/wp-json\/wp\/v2\/users\/1"}],"replies":[{"embeddable":true,"href":"https:\/\/lerevedelouise.fr\/index.php\/wp-json\/wp\/v2\/comments?post=5305"}],"version-history":[{"count":33,"href":"https:\/\/lerevedelouise.fr\/index.php\/wp-json\/wp\/v2\/pages\/5305\/revisions"}],"predecessor-version":[{"id":7814,"href":"https:\/\/lerevedelouise.fr\/index.php\/wp-json\/wp\/v2\/pages\/5305\/revisions\/7814"}],"up":[{"embeddable":true,"href":"https:\/\/lerevedelouise.fr\/index.php\/wp-json\/wp\/v2\/pages\/1377"}],"wp:attachment":[{"href":"https:\/\/lerevedelouise.fr\/index.php\/wp-json\/wp\/v2\/media?parent=5305"}],"curies":[{"name":"wp","href":"https:\/\/api.w.org\/{rel}","templated":true}]}}