{"id":5329,"date":"2022-04-08T14:11:11","date_gmt":"2022-04-08T12:11:11","guid":{"rendered":"https:\/\/lerevedelouise.fr\/?page_id=5329"},"modified":"2024-08-30T16:00:31","modified_gmt":"2024-08-30T14:00:31","slug":"le-signe-du-taureau","status":"publish","type":"page","link":"https:\/\/lerevedelouise.fr\/index.php\/le-signe-du-belier\/le-signe-du-taureau\/","title":{"rendered":"Le signe du Taureau"},"content":{"rendered":"<span class=\"span-reading-time rt-reading-time\" style=\"display: block;\"><span class=\"rt-label rt-prefix\">Temps de lecture\u00a0: <\/span> <span class=\"rt-time\"> 2<\/span> <span class=\"rt-label rt-postfix\">minutes<\/span><\/span>\n<h2 class=\"wp-block-heading has-text-color\" style=\"color:#d7760e\">Une \u00e9nergie stable et paisible<\/h2>\n\n\n\n<div class=\"wp-block-columns is-layout-flex wp-container-core-columns-is-layout-9d6595d7 wp-block-columns-is-layout-flex\">\n<div class=\"wp-block-column is-layout-flow wp-block-column-is-layout-flow\" style=\"flex-basis:33.33%\">\n<figure class=\"wp-block-image size-medium\"><a href=\"https:\/\/lerevedelouise.fr\/wp-content\/uploads\/2022\/02\/taureau-zodiaque-2.jpg\"><img loading=\"lazy\" decoding=\"async\" width=\"300\" height=\"300\" src=\"https:\/\/lerevedelouise.fr\/wp-content\/uploads\/2022\/02\/taureau-zodiaque-2-300x300.jpg\" alt=\"\" class=\"wp-image-4140\" srcset=\"https:\/\/lerevedelouise.fr\/wp-content\/uploads\/2022\/02\/taureau-zodiaque-2-300x300.jpg 300w, https:\/\/lerevedelouise.fr\/wp-content\/uploads\/2022\/02\/taureau-zodiaque-2-100x100.jpg 100w, https:\/\/lerevedelouise.fr\/wp-content\/uploads\/2022\/02\/taureau-zodiaque-2-600x600.jpg 600w, https:\/\/lerevedelouise.fr\/wp-content\/uploads\/2022\/02\/taureau-zodiaque-2-1024x1024.jpg 1024w, https:\/\/lerevedelouise.fr\/wp-content\/uploads\/2022\/02\/taureau-zodiaque-2-150x150.jpg 150w, https:\/\/lerevedelouise.fr\/wp-content\/uploads\/2022\/02\/taureau-zodiaque-2-768x768.jpg 768w, https:\/\/lerevedelouise.fr\/wp-content\/uploads\/2022\/02\/taureau-zodiaque-2-80x80.jpg 80w, https:\/\/lerevedelouise.fr\/wp-content\/uploads\/2022\/02\/taureau-zodiaque-2.jpg 1280w\" sizes=\"auto, (max-width: 300px) 100vw, 300px\" \/><\/a><\/figure>\n\n\n\n<p><mark style=\"background-color:rgba(0, 0, 0, 0)\" class=\"has-inline-color has-luminous-vivid-amber-color\">Mots cl\u00e9s :<\/mark> stabilit\u00e9, t\u00e9nacit\u00e9, ent\u00eatement, s\u00e9curit\u00e9, patience, r\u00e9alisme.<\/p>\n\n\n\n<p><mark style=\"background-color:rgba(0, 0, 0, 0)\" class=\"has-inline-color has-luminous-vivid-amber-color\">Signe compl\u00e9mentaire : <\/mark>Taureau \/ Scorpion<\/p>\n<\/div>\n\n\n\n<div class=\"wp-block-column is-layout-flow wp-block-column-is-layout-flow\" style=\"flex-basis:66.66%\">\n<p><mark style=\"background-color:rgba(0, 0, 0, 0)\" class=\"has-inline-color has-luminous-vivid-amber-color\">Le Taureau<\/mark><mark style=\"background-color:rgba(0, 0, 0, 0)\" class=\"has-inline-color has-black-color\"> <\/mark>est le deuxi\u00e8me signe du zodiaque du 21 avril au 20 mai, sa saison le printemps, c&rsquo;est un signe fixe f\u00e9minin, son \u00e9l\u00e9ment la Terre, gouvern\u00e9 par V\u00e9nus, sa couleur le vert, sa pierre l&rsquo;\u00e9meraude.<\/p>\n\n\n\n<p><mark style=\"background-color:rgba(0, 0, 0, 0)\" class=\"has-inline-color has-luminous-vivid-amber-color\">La symbolique de votre signe :<\/mark> les cornes du taureau en forme de croissant de lune, symbolisent l&rsquo;exercice du pouvoir, la persistance et la p\u00e9rennit\u00e9.<\/p>\n\n\n\n<p><mark style=\"background-color:rgba(0, 0, 0, 0)\" class=\"has-inline-color has-luminous-vivid-amber-color\">Vos traits de caract\u00e8re : <\/mark>vous \u00eates une personne fiable, pers\u00e9v\u00e9rante, tenace et qui sait patienter, mais vous \u00eates ent\u00eat\u00e9 et rare sont ceux qui peuvent vous faire changer d&rsquo;avis. Vous \u00eates aussi d&rsquo;une nature calme, car vous aimez votre tranquillit\u00e9, endurante et travailleuse, vous vous d\u00e9brouillez toujours pour surmonter les difficult\u00e9s de la vie. En amour, vous \u00eates sensuelle, tactile, et vous avez un \u00e9norme besoin de tendresse et de c\u00e2lins.<\/p>\n\n\n\n<p>Vous \u00eates m\u00e9thodique, conservatrice et vous d\u00e9testez le changement, car vous aimez avancer \u00e0 votre rythme. Vous examinez chacune de vos d\u00e9cisions, afin de vous assurer qu\u2019elles vont dans le sens de votre protection et de votre s\u00e9curit\u00e9.&nbsp;De plus votre personnalit\u00e9 est \u00e9quilibr\u00e9e, puisque vous \u00eates li\u00e9s \u00e0 la terre et \u00e0 la nature. Vous \u00eates g\u00e9n\u00e9reuse, mais vous avez besoin de vous sentir \u00e0 l&rsquo;abri avant de partager vos richesses, attention vous ne savez pas dire non \u00e0 ceux que vous aimez.<\/p>\n<\/div>\n<\/div>\n\n\n\n<h2 class=\"wp-block-heading has-text-color\" style=\"color:#d7760e\">Les d\u00e9cans dans votre signe<\/h2>\n\n\n\n<div class=\"wp-block-columns is-layout-flex wp-container-core-columns-is-layout-9d6595d7 wp-block-columns-is-layout-flex\">\n<div class=\"wp-block-column is-layout-flow wp-block-column-is-layout-flow\">\n<p>De 30 \u00e0 40\u00b0-1er d\u00e9can-du 21 au 30 avril<\/p>\n\n\n\n<h5 class=\"wp-block-heading has-text-color\" style=\"color:#d7760e\">Le bon sens<\/h5>\n\n\n\n<p>Le ma\u00eetre de ce d\u00e9can est Mercure. Votre d\u00e9can est celui de l&rsquo;esprit pratique, de l&rsquo;attachement aux biens mat\u00e9riels et des id\u00e9es fixes. Vous \u00eates une personne avec un besoin de s\u00e9curit\u00e9 et vous avez une d\u00e9termination sereine \u00e0 satisfaire. Vos d\u00e9sirs sont ici renforc\u00e9s, car pour vous vouloir c&rsquo;est souvent pouvoir.<\/p>\n<\/div>\n\n\n\n<div class=\"wp-block-column is-layout-flow wp-block-column-is-layout-flow\">\n<p>De 40 \u00e0 50\u00b0-2\u00e8me d\u00e9can-du 1er au 11 mai<\/p>\n\n\n\n<h5 class=\"wp-block-heading has-text-color\" style=\"color:#f7760e\">La fertilit\u00e9<\/h5>\n\n\n\n<p>Le ma\u00eetre de ce d\u00e9can est la Lune. Votre d\u00e9can est celui de l&rsquo;exaltation des valeurs sensuelles, affectives et mat\u00e9rielles. Vous \u00eates une personne dont la vie amoureuse est une condition primordiale \u00e0 votre \u00e9panouissement. Vous avez un attachement \u00e0 votre milieu naturel, ce qui vous rend productive et fertile.<\/p>\n<\/div>\n\n\n\n<div class=\"wp-block-column is-layout-flow wp-block-column-is-layout-flow\">\n<p>De 50 \u00e0 60\u00b0-3\u00e8me d\u00e9can-du 12 au 20 mai<\/p>\n\n\n\n<h5 class=\"wp-block-heading has-text-color\" style=\"color:#d7760e\">Le r\u00e9alisme<\/h5>\n\n\n\n<p>Le ma\u00eetre de ce d\u00e9can est Saturne. Votre d\u00e9can est celui de la r\u00e9alit\u00e9 tangible, du mat\u00e9riel et du pouvoir de r\u00e9alisation. Vous \u00eates une personne avec une force physique et morale avec le sens du concret, du r\u00e9alisme. La fid\u00e9lit\u00e9 \u00e0 vos sentiments et vos convictions sont ici renforc\u00e9s.<\/p>\n<\/div>\n<\/div>\n\n\n\n<p class=\"has-text-color has-small-font-size\" style=\"color:#d7760e\">Image par <a href=\"https:\/\/pixabay.com\/fr\/users\/thedigitalartist-202249\/\" target=\"_blank\" rel=\"noreferrer noopener\">TheDigitalArtis<\/a> de <a href=\"https:\/\/www.google.com\/search?channel=trow5&amp;client=firefox-b-d&amp;q=pixabay\" target=\"_blank\" rel=\"noreferrer noopener\">Pixabay<\/a><\/p>\n","protected":false},"excerpt":{"rendered":"<p>Une \u00e9nergie stable et paisible Mots cl\u00e9s : stabilit\u00e9, t\u00e9nacit\u00e9, ent\u00eatement, s\u00e9curit\u00e9, patience, r\u00e9alisme. Signe compl\u00e9mentaire : Taureau \/ Scorpion Le Taureau est le deuxi\u00e8me signe du zodiaque du 21 avril au 20 mai, sa saison le printemps, c&rsquo;est un signe fixe f\u00e9minin, son \u00e9l\u00e9ment la Terre, gouvern\u00e9 par V\u00e9nus, sa couleur le vert, sa [&hellip;]<\/p>\n","protected":false},"author":1,"featured_media":0,"parent":3297,"menu_order":1,"comment_status":"closed","ping_status":"closed","template":"","meta":{"_eb_attr":"","footnotes":""},"class_list":["post-5329","page","type-page","status-publish","hentry"],"_links":{"self":[{"href":"https:\/\/lerevedelouise.fr\/index.php\/wp-json\/wp\/v2\/pages\/5329","targetHints":{"allow":["GET"]}}],"collection":[{"href":"https:\/\/lerevedelouise.fr\/index.php\/wp-json\/wp\/v2\/pages"}],"about":[{"href":"https:\/\/lerevedelouise.fr\/index.php\/wp-json\/wp\/v2\/types\/page"}],"author":[{"embeddable":true,"href":"https:\/\/lerevedelouise.fr\/index.php\/wp-json\/wp\/v2\/users\/1"}],"replies":[{"embeddable":true,"href":"https:\/\/lerevedelouise.fr\/index.php\/wp-json\/wp\/v2\/comments?post=5329"}],"version-history":[{"count":28,"href":"https:\/\/lerevedelouise.fr\/index.php\/wp-json\/wp\/v2\/pages\/5329\/revisions"}],"predecessor-version":[{"id":10189,"href":"https:\/\/lerevedelouise.fr\/index.php\/wp-json\/wp\/v2\/pages\/5329\/revisions\/10189"}],"up":[{"embeddable":true,"href":"https:\/\/lerevedelouise.fr\/index.php\/wp-json\/wp\/v2\/pages\/3297"}],"wp:attachment":[{"href":"https:\/\/lerevedelouise.fr\/index.php\/wp-json\/wp\/v2\/media?parent=5329"}],"curies":[{"name":"wp","href":"https:\/\/api.w.org\/{rel}","templated":true}]}}