{"id":5347,"date":"2022-03-25T13:15:55","date_gmt":"2022-03-25T12:15:55","guid":{"rendered":"https:\/\/lerevedelouise.fr\/?page_id=5347"},"modified":"2024-02-05T16:23:11","modified_gmt":"2024-02-05T15:23:11","slug":"case-46","status":"publish","type":"page","link":"https:\/\/lerevedelouise.fr\/index.php\/case-0\/case-46\/","title":{"rendered":"Case 46"},"content":{"rendered":"<span class=\"span-reading-time rt-reading-time\" style=\"display: block;\"><span class=\"rt-label rt-prefix\">Temps de lecture\u00a0: <\/span> <span class=\"rt-time\"> 2<\/span> <span class=\"rt-label rt-postfix\">minutes<\/span><\/span>\n<div class=\"wp-block-image\"><figure class=\"aligncenter size-medium\"><a href=\"https:\/\/lerevedelouise.fr\/wp-content\/uploads\/2022\/03\/echelle.jpg\"><img loading=\"lazy\" decoding=\"async\" width=\"225\" height=\"300\" src=\"https:\/\/lerevedelouise.fr\/wp-content\/uploads\/2022\/03\/echelle-225x300.jpg\" alt=\"\" class=\"wp-image-5348\" srcset=\"https:\/\/lerevedelouise.fr\/wp-content\/uploads\/2022\/03\/echelle-225x300.jpg 225w, https:\/\/lerevedelouise.fr\/wp-content\/uploads\/2022\/03\/echelle-600x800.jpg 600w, https:\/\/lerevedelouise.fr\/wp-content\/uploads\/2022\/03\/echelle-768x1024.jpg 768w, https:\/\/lerevedelouise.fr\/wp-content\/uploads\/2022\/03\/echelle-1152x1536.jpg 1152w, https:\/\/lerevedelouise.fr\/wp-content\/uploads\/2022\/03\/echelle-1320x1760.jpg 1320w, https:\/\/lerevedelouise.fr\/wp-content\/uploads\/2022\/03\/echelle.jpg 1440w\" sizes=\"auto, (max-width: 225px) 100vw, 225px\" \/><\/a><\/figure><\/div>\n\n\n\n<h4 class=\"has-text-color wp-block-heading\" style=\"color:#d7760e\">L&rsquo;\u00e9chelle<\/h4>\n\n\n\n<p>L&rsquo;\u00e9chelle, au sens le plus pur et le plus vrai est un symbole de r\u00e9g\u00e9n\u00e9ration, figurant la circulation des \u00e9nergies vitales du bas vers le haut et du haut vers le bas, en un cycle incessant qui se produit en effet chez tout \u00eatre humain le long des centres nerveux de la colonne vert\u00e9brale. Car, si un obstacle s&rsquo;y trouve ou s&rsquo;y dresse, le flux des \u00e9nergies est interrompu et les tension apparaissent, qui peuvent \u00eatre \u00e0 l&rsquo;origine de toutes sortes de maux physiologiques et organiques, plus ou moins graves selon les individus. Ainsi, on ne peut voir dans l&rsquo;\u00e9chelle un sens d&rsquo;\u00e9l\u00e9vation que si l&rsquo;\u00e9chelle repose sur des bases solides, sur la terre ferme, c&rsquo;est-\u00e0-dire, pour l&rsquo;individu, sur des reins forts et \u00e9quilibr\u00e9s. Alors, il peut grandir, sa conscience peut gravir les \u00e9chelons et s&rsquo;\u00e9lever spirituellement.<\/p>\n\n\n\n<h4 class=\"has-text-color wp-block-heading\" style=\"color:#d7760e\">  Signification<\/h4>\n\n\n\n<p>Si votre pion se pose sur cette case, c&rsquo;est d&rsquo;abord votre vitalit\u00e9 qui est en cause. Interrogez-vous \u00e0 son sujet, car elle peut-\u00eatre d\u00e9ficiente ou bien il est n\u00e9cessaire que vous vous en pr\u00e9occupiez plus s\u00e9rieusement. Il se peut que vous ayez \u00e9t\u00e9 n\u00e9gligent \u00e0 ce sujet. Or vous ne pouvez envisager aucune \u00e9volution dans votre situation, dans votre vie professionnelle, sociale, personnelle, intellectuelle ou spirituelle, tant que vous ne b\u00e9n\u00e9ficierez pas d&rsquo;une saine vitalit\u00e9, tant que vous ne disposerez pas de tout votre pouvoir de r\u00e9g\u00e9n\u00e9ration, symbolis\u00e9 par l&rsquo;\u00e9chelle.<\/p>\n\n\n\n<p class=\"has-text-color has-small-font-size\" style=\"color:#d7760e\">Image par : <a href=\"https:\/\/pixabay.com\/fr\/users\/jerzygorecki-2233926\/\" target=\"_blank\" rel=\"noreferrer noopener\">JerzyGorecki<\/a>  de <a href=\"https:\/\/pixabay.com\/fr\/\" target=\"_blank\" rel=\"noreferrer noopener\">Pixabay<\/a><\/p>\n\n\n\n<p class=\"has-text-color has-small-font-size\" style=\"color:#d7760e\">Source : <a href=\"https:\/\/www.hachette-collections.com\/fr-fr\/?gclid=CjwKCAjw8J32BRBCEiwApQEKgdiFVIkH2wypRsYiCjhK4KTn5ifV_DR1FX_lAZt9mKdtG8ksfXzYzxoCfegQAvD_BwE\" target=\"_blank\" rel=\"noreferrer noopener\">les arts divina<em>toires \u2013 Hachette Collection<\/em><\/a><\/p>\n","protected":false},"excerpt":{"rendered":"<p>L&rsquo;\u00e9chelle L&rsquo;\u00e9chelle, au sens le plus pur et le plus vrai est un symbole de r\u00e9g\u00e9n\u00e9ration, figurant la circulation des \u00e9nergies vitales du bas vers le haut et du haut vers le bas, en un cycle incessant qui se produit en effet chez tout \u00eatre humain le long des centres nerveux de la colonne vert\u00e9brale. [&hellip;]<\/p>\n","protected":false},"author":1,"featured_media":0,"parent":480,"menu_order":46,"comment_status":"closed","ping_status":"closed","template":"","meta":{"_eb_attr":"","footnotes":""},"class_list":["post-5347","page","type-page","status-publish","hentry"],"_links":{"self":[{"href":"https:\/\/lerevedelouise.fr\/index.php\/wp-json\/wp\/v2\/pages\/5347","targetHints":{"allow":["GET"]}}],"collection":[{"href":"https:\/\/lerevedelouise.fr\/index.php\/wp-json\/wp\/v2\/pages"}],"about":[{"href":"https:\/\/lerevedelouise.fr\/index.php\/wp-json\/wp\/v2\/types\/page"}],"author":[{"embeddable":true,"href":"https:\/\/lerevedelouise.fr\/index.php\/wp-json\/wp\/v2\/users\/1"}],"replies":[{"embeddable":true,"href":"https:\/\/lerevedelouise.fr\/index.php\/wp-json\/wp\/v2\/comments?post=5347"}],"version-history":[{"count":4,"href":"https:\/\/lerevedelouise.fr\/index.php\/wp-json\/wp\/v2\/pages\/5347\/revisions"}],"predecessor-version":[{"id":5360,"href":"https:\/\/lerevedelouise.fr\/index.php\/wp-json\/wp\/v2\/pages\/5347\/revisions\/5360"}],"up":[{"embeddable":true,"href":"https:\/\/lerevedelouise.fr\/index.php\/wp-json\/wp\/v2\/pages\/480"}],"wp:attachment":[{"href":"https:\/\/lerevedelouise.fr\/index.php\/wp-json\/wp\/v2\/media?parent=5347"}],"curies":[{"name":"wp","href":"https:\/\/api.w.org\/{rel}","templated":true}]}}