{"id":5363,"date":"2022-03-28T17:48:49","date_gmt":"2022-03-28T15:48:49","guid":{"rendered":"https:\/\/lerevedelouise.fr\/?page_id=5363"},"modified":"2024-02-05T16:23:21","modified_gmt":"2024-02-05T15:23:21","slug":"case-47","status":"publish","type":"page","link":"https:\/\/lerevedelouise.fr\/index.php\/case-0\/case-47\/","title":{"rendered":"Case 47"},"content":{"rendered":"<span class=\"span-reading-time rt-reading-time\" style=\"display: block;\"><span class=\"rt-label rt-prefix\">Temps de lecture\u00a0: <\/span> <span class=\"rt-time\"> 2<\/span> <span class=\"rt-label rt-postfix\">minutes<\/span><\/span>\n<div class=\"wp-block-image\"><figure class=\"aligncenter size-medium\"><a href=\"https:\/\/lerevedelouise.fr\/wp-content\/uploads\/2022\/03\/lac.jpg\"><img loading=\"lazy\" decoding=\"async\" width=\"300\" height=\"199\" src=\"https:\/\/lerevedelouise.fr\/wp-content\/uploads\/2022\/03\/lac-300x199.jpg\" alt=\"\" class=\"wp-image-5364\" srcset=\"https:\/\/lerevedelouise.fr\/wp-content\/uploads\/2022\/03\/lac-300x199.jpg 300w, https:\/\/lerevedelouise.fr\/wp-content\/uploads\/2022\/03\/lac-600x398.jpg 600w, https:\/\/lerevedelouise.fr\/wp-content\/uploads\/2022\/03\/lac-1024x680.jpg 1024w, https:\/\/lerevedelouise.fr\/wp-content\/uploads\/2022\/03\/lac-768x510.jpg 768w, https:\/\/lerevedelouise.fr\/wp-content\/uploads\/2022\/03\/lac.jpg 1280w\" sizes=\"auto, (max-width: 300px) 100vw, 300px\" \/><\/a><\/figure><\/div>\n\n\n\n<h4 class=\"has-text-color wp-block-heading\" style=\"color:#d7760e\">Le lac<\/h4>\n\n\n\n<p>Le lac est une eau dormante. Or, comme l&rsquo;indique le proverbe \u00ab\u00a0il n&rsquo;est pire eau que l&rsquo;eau qui dort\u00a0\u00bb. Est-ce-\u00e0-dire que le lac, symboliquement, doit nous incliner \u00e0 la m\u00e9fiance ? Non, nous n&rsquo;irons pas jusque-l\u00e0. Mais il est en tout cas une repr\u00e9sentation des apparences qui sont parfois trompeuses. En effet, on sait bien que, malgr\u00e9 son apparence paisible, calme, reposante, le lac rec\u00e8le une faune grouillante et de remous parfois mortels. A l&rsquo;instar du labyrinthe, pr\u00e9sent \u00e0 la case 42, il s&rsquo;agit encore d&rsquo;un symbole de gestation. Sous le lac, une vie se forme, quelque chose se pr\u00e9pare, va surgir ou bien va na\u00eetre&#8230;<\/p>\n\n\n\n<h4 class=\"has-text-color wp-block-heading\" style=\"color:#d7760e\">Signification<\/h4>\n\n\n\n<p>Si votre pion se pose sur cette case, c&rsquo;est bien sous cet angle que vous devez interpr\u00e9ter ce symbole. En effet, quand bien m\u00eame votre vie actuelle vous semblerait plut\u00f4t calme  et votre situation tranquille, vous ne devez pas moins vous attendre \u00e0 ce qu&rsquo;un \u00e9v\u00e9nement surgisse, qui pourrait bien remettre en cause cette paix apparente et vous permettre d&rsquo;\u00e9voluer. Et vous pouvez consid\u00e9rer qu&rsquo;il en sera d&rsquo;autant plus ainsi si vous \u00eates enclin \u00e0 refouler ou dissimuler des tensions ou insatisfactions dues \u00e0 des probl\u00e8mes non r\u00e9solus.  <\/p>\n\n\n\n<p class=\"has-text-color has-small-font-size\" style=\"color:#d7760e\">Image par : <a href=\"https:\/\/pixabay.com\/fr\/users\/pride1979-8424946\/\" target=\"_blank\" rel=\"noreferrer noopener\">pride1979<\/a><a href=\"https:\/\/pixabay.com\/fr\/users\/jerzygorecki-2233926\/\" target=\"_blank\" rel=\"noreferrer noopener\"> <\/a>de <a href=\"https:\/\/pixabay.com\/fr\/\" target=\"_blank\" rel=\"noreferrer noopener\">Pixabay<\/a><\/p>\n\n\n\n<p class=\"has-text-color has-small-font-size\" style=\"color:#d7760e\">Source : <a href=\"https:\/\/www.hachette-collections.com\/fr-fr\/?gclid=CjwKCAjw8J32BRBCEiwApQEKgdiFVIkH2wypRsYiCjhK4KTn5ifV_DR1FX_lAZt9mKdtG8ksfXzYzxoCfegQAvD_BwE\" target=\"_blank\" rel=\"noreferrer noopener\">les arts divina<em>toires \u2013 Hachette Collection<\/em><\/a><\/p>\n","protected":false},"excerpt":{"rendered":"<p>Le lac Le lac est une eau dormante. Or, comme l&rsquo;indique le proverbe \u00ab\u00a0il n&rsquo;est pire eau que l&rsquo;eau qui dort\u00a0\u00bb. Est-ce-\u00e0-dire que le lac, symboliquement, doit nous incliner \u00e0 la m\u00e9fiance ? Non, nous n&rsquo;irons pas jusque-l\u00e0. Mais il est en tout cas une repr\u00e9sentation des apparences qui sont parfois trompeuses. En effet, on [&hellip;]<\/p>\n","protected":false},"author":1,"featured_media":0,"parent":480,"menu_order":47,"comment_status":"closed","ping_status":"closed","template":"","meta":{"_eb_attr":"","footnotes":""},"class_list":["post-5363","page","type-page","status-publish","hentry"],"_links":{"self":[{"href":"https:\/\/lerevedelouise.fr\/index.php\/wp-json\/wp\/v2\/pages\/5363","targetHints":{"allow":["GET"]}}],"collection":[{"href":"https:\/\/lerevedelouise.fr\/index.php\/wp-json\/wp\/v2\/pages"}],"about":[{"href":"https:\/\/lerevedelouise.fr\/index.php\/wp-json\/wp\/v2\/types\/page"}],"author":[{"embeddable":true,"href":"https:\/\/lerevedelouise.fr\/index.php\/wp-json\/wp\/v2\/users\/1"}],"replies":[{"embeddable":true,"href":"https:\/\/lerevedelouise.fr\/index.php\/wp-json\/wp\/v2\/comments?post=5363"}],"version-history":[{"count":6,"href":"https:\/\/lerevedelouise.fr\/index.php\/wp-json\/wp\/v2\/pages\/5363\/revisions"}],"predecessor-version":[{"id":5445,"href":"https:\/\/lerevedelouise.fr\/index.php\/wp-json\/wp\/v2\/pages\/5363\/revisions\/5445"}],"up":[{"embeddable":true,"href":"https:\/\/lerevedelouise.fr\/index.php\/wp-json\/wp\/v2\/pages\/480"}],"wp:attachment":[{"href":"https:\/\/lerevedelouise.fr\/index.php\/wp-json\/wp\/v2\/media?parent=5363"}],"curies":[{"name":"wp","href":"https:\/\/api.w.org\/{rel}","templated":true}]}}