{"id":557,"date":"2020-05-23T15:58:07","date_gmt":"2020-05-23T13:58:07","guid":{"rendered":"https:\/\/lerevedelouise.fr\/?page_id=557"},"modified":"2024-02-05T16:02:28","modified_gmt":"2024-02-05T15:02:28","slug":"case-3","status":"publish","type":"page","link":"https:\/\/lerevedelouise.fr\/index.php\/case-0\/case-3\/","title":{"rendered":"Case 3"},"content":{"rendered":"<span class=\"span-reading-time rt-reading-time\" style=\"display: block;\"><span class=\"rt-label rt-prefix\">Temps de lecture\u00a0: <\/span> <span class=\"rt-time\"> 2<\/span> <span class=\"rt-label rt-postfix\">minutes<\/span><\/span>\n<h4 class=\"wp-block-heading\"><span style=\"color:#d7760e\" class=\"has-inline-color\">L&rsquo;arbre<\/span><\/h4>\n\n\n\n<div class=\"wp-block-image\"><figure class=\"aligncenter size-medium\"><a href=\"https:\/\/lerevedelouise.fr\/wp-content\/uploads\/2020\/05\/arbre-1.jpg\"><img loading=\"lazy\" decoding=\"async\" width=\"300\" height=\"200\" src=\"https:\/\/lerevedelouise.fr\/wp-content\/uploads\/2020\/05\/arbre-1-300x200.jpg\" alt=\"\" class=\"wp-image-558\" srcset=\"https:\/\/lerevedelouise.fr\/wp-content\/uploads\/2020\/05\/arbre-1-300x200.jpg 300w, https:\/\/lerevedelouise.fr\/wp-content\/uploads\/2020\/05\/arbre-1-600x399.jpg 600w, https:\/\/lerevedelouise.fr\/wp-content\/uploads\/2020\/05\/arbre-1-1024x682.jpg 1024w, https:\/\/lerevedelouise.fr\/wp-content\/uploads\/2020\/05\/arbre-1-768x511.jpg 768w, https:\/\/lerevedelouise.fr\/wp-content\/uploads\/2020\/05\/arbre-1-272x182.jpg 272w, https:\/\/lerevedelouise.fr\/wp-content\/uploads\/2020\/05\/arbre-1.jpg 1280w\" sizes=\"auto, (max-width: 300px) 100vw, 300px\" \/><\/a><\/figure><\/div>\n\n\n\n<p>L&rsquo;arbre est le symbole de la vie, de l&rsquo;axe du monde, de l&rsquo;\u00eatre humain dont la t\u00eate est plong\u00e9e dans la terre et les pieds tourn\u00e9s vers le ciel, puisant dans ses pens\u00e9es et ses id\u00e9es la s\u00e8ve dont il a besoin pour grandir et donner ses fruits. Car l&rsquo;arbre figure l&rsquo;\u00eatre humain \u00e0 l&rsquo;envers, il est un symbole asexu\u00e9. Il repr\u00e9sente surtout l&rsquo;existence humaine dans sa croissance perp\u00e9tuelle, dont les fruits qu&rsquo;il donne sont alors consid\u00e9r\u00e9s comme les actes e<span style=\"color:#395a6f\" class=\"has-inline-color\">t <\/span>les \u0153uvres qu&rsquo;il produit.<\/p>\n\n\n\n<h4 class=\"wp-block-heading\"><span style=\"color:#d7760e\" class=\"has-inline-color\">Signification<\/span><\/h4>\n\n\n\n<p>Lors de votre parcours votre pion tombe sur cette case, c&rsquo;est que vous devez r\u00e9fl\u00e9chir aux actes et aux \u0153uvres que vous avez accomplis, justement. L&rsquo;arbre vous encourage \u00e0 progresser, \u00e0 aller de l&rsquo;avant et \u00e0 poursuivre votre route en tenant compte de vos exp\u00e9riences pass\u00e9es et en vous appuyant sur vos racines, c&rsquo;est \u00e0 dire ce que vous avez d\u00e9j\u00e0 construit, r\u00e9alis\u00e9 et accompli dans votre vie. Il ne s&rsquo;agit pas de vous juger, de vous critiquer ou de vous culpabiliser, mais simplement de vous voir tel que vous \u00eates et l\u00e0 o\u00f9 vous en \u00eates pour continuer \u00e0 aller plus loin et de r\u00e9aliser ce que vous avez \u00e0 faire. Le conseil qui vous est donn\u00e9, c&rsquo;est de faire un petit bilan de votre vie, de sorte que vous puissiez \u00eatre plus conscient de votre parcours de vie, tout en sachant que celui-ci continue de cro\u00eetre.<\/p>\n\n\n\n<p class=\"has-small-font-size\"><span style=\"color:#d7760e\" class=\"has-inline-color\">Image par :<\/span> <a href=\"https:\/\/pixabay.com\/fr\/users\/jplenio-7645255\/?utm_source=link-attribution&amp;utm_medium=referral&amp;utm_campaign=image&amp;utm_content=3822149\" target=\"_blank\" rel=\"noreferrer noopener\">Jplenio<\/a> <span style=\"color:#d7760e\" class=\"has-inline-color\">de<\/span> <a href=\"https:\/\/pixabay.com\/fr\/\" target=\"_blank\" rel=\"noreferrer noopener\">Pixabay<\/a><\/p>\n\n\n\n<p class=\"has-small-font-size\"><span style=\"color:#d7760e\" class=\"has-inline-color\">Source : <\/span><a aria-label=\" (opens in a new tab)\" class=\"aioseop-link\" href=\"https:\/\/www.hachette-collections.com\/fr-fr\/?gclid=CjwKCAjw8J32BRBCEiwApQEKgdiFVIkH2wypRsYiCjhK4KTn5ifV_DR1FX_lAZt9mKdtG8ksfXzYzxoCfegQAvD_BwE\" target=\"_blank\" rel=\"noreferrer noopener\">les arts divina<em>toires \u2013 Hachette Collection<\/em><\/a><\/p>\n","protected":false},"excerpt":{"rendered":"<p>L&rsquo;arbre L&rsquo;arbre est le symbole de la vie, de l&rsquo;axe du monde, de l&rsquo;\u00eatre humain dont la t\u00eate est plong\u00e9e dans la terre et les pieds tourn\u00e9s vers le ciel, puisant dans ses pens\u00e9es et ses id\u00e9es la s\u00e8ve dont il a besoin pour grandir et donner ses fruits. Car l&rsquo;arbre figure l&rsquo;\u00eatre humain \u00e0 [&hellip;]<\/p>\n","protected":false},"author":1,"featured_media":0,"parent":480,"menu_order":3,"comment_status":"closed","ping_status":"closed","template":"","meta":{"_eb_attr":"","footnotes":""},"class_list":["post-557","page","type-page","status-publish","hentry"],"_links":{"self":[{"href":"https:\/\/lerevedelouise.fr\/index.php\/wp-json\/wp\/v2\/pages\/557","targetHints":{"allow":["GET"]}}],"collection":[{"href":"https:\/\/lerevedelouise.fr\/index.php\/wp-json\/wp\/v2\/pages"}],"about":[{"href":"https:\/\/lerevedelouise.fr\/index.php\/wp-json\/wp\/v2\/types\/page"}],"author":[{"embeddable":true,"href":"https:\/\/lerevedelouise.fr\/index.php\/wp-json\/wp\/v2\/users\/1"}],"replies":[{"embeddable":true,"href":"https:\/\/lerevedelouise.fr\/index.php\/wp-json\/wp\/v2\/comments?post=557"}],"version-history":[{"count":9,"href":"https:\/\/lerevedelouise.fr\/index.php\/wp-json\/wp\/v2\/pages\/557\/revisions"}],"predecessor-version":[{"id":4272,"href":"https:\/\/lerevedelouise.fr\/index.php\/wp-json\/wp\/v2\/pages\/557\/revisions\/4272"}],"up":[{"embeddable":true,"href":"https:\/\/lerevedelouise.fr\/index.php\/wp-json\/wp\/v2\/pages\/480"}],"wp:attachment":[{"href":"https:\/\/lerevedelouise.fr\/index.php\/wp-json\/wp\/v2\/media?parent=557"}],"curies":[{"name":"wp","href":"https:\/\/api.w.org\/{rel}","templated":true}]}}