{"id":596,"date":"2020-05-23T22:23:55","date_gmt":"2020-05-23T20:23:55","guid":{"rendered":"https:\/\/lerevedelouise.fr\/?page_id=596"},"modified":"2026-02-22T19:39:52","modified_gmt":"2026-02-22T18:39:52","slug":"ma-meilleure-amie-sappelle-intuition","status":"publish","type":"page","link":"https:\/\/lerevedelouise.fr\/index.php\/mon-journal\/ma-meilleure-amie-sappelle-intuition\/","title":{"rendered":"Ma meilleure amie s&rsquo;appelle Intuition"},"content":{"rendered":"<span class=\"span-reading-time rt-reading-time\" style=\"display: block;\"><span class=\"rt-label rt-prefix\">Temps de lecture\u00a0: <\/span> <span class=\"rt-time\"> 2<\/span> <span class=\"rt-label rt-postfix\">minutes<\/span><\/span>\n<h2 class=\"wp-block-heading has-text-color\" style=\"color:#aa94d1\">Mes intuitions :<\/h2>\n\n\n\n<p class=\"has-text-color\" style=\"color:#aa94d1\">__________<\/p>\n\n\n<div class=\"wp-block-image is-style-rounded\">\n<figure class=\"alignright size-medium\"><a href=\"https:\/\/lerevedelouise.fr\/wp-content\/uploads\/2025\/10\/ma-meilleure-amie-s-appelle-intuition-aquarelle.jpg\"><img loading=\"lazy\" decoding=\"async\" width=\"300\" height=\"300\" src=\"https:\/\/lerevedelouise.fr\/wp-content\/uploads\/2025\/10\/ma-meilleure-amie-s-appelle-intuition-aquarelle-300x300.jpg\" alt=\"\" class=\"wp-image-12067\" srcset=\"https:\/\/lerevedelouise.fr\/wp-content\/uploads\/2025\/10\/ma-meilleure-amie-s-appelle-intuition-aquarelle-300x300.jpg 300w, https:\/\/lerevedelouise.fr\/wp-content\/uploads\/2025\/10\/ma-meilleure-amie-s-appelle-intuition-aquarelle-150x150.jpg 150w, https:\/\/lerevedelouise.fr\/wp-content\/uploads\/2025\/10\/ma-meilleure-amie-s-appelle-intuition-aquarelle-768x768.jpg 768w, https:\/\/lerevedelouise.fr\/wp-content\/uploads\/2025\/10\/ma-meilleure-amie-s-appelle-intuition-aquarelle-80x80.jpg 80w, https:\/\/lerevedelouise.fr\/wp-content\/uploads\/2025\/10\/ma-meilleure-amie-s-appelle-intuition-aquarelle.jpg 1024w\" sizes=\"auto, (max-width: 300px) 100vw, 300px\" \/><\/a><\/figure>\n<\/div>\n\n\n<p class=\"has-medium-font-size\"><mark style=\"background-color:rgba(0, 0, 0, 0);color:#9392c7\" class=\"has-inline-color\"><em><strong>C<\/strong>e matin c\u2019est l\u2019effervescence dans la maison, maman veut que tout soit parfait pour mon anniversaire, aujourd\u2019hui j\u2019ai 20 ans. Tout le rez-de-chauss\u00e9e m\u2019est interdit,<\/em> <em>c\u2019est Grany qui gendarme<\/em>.<\/mark><\/p>\n\n\n\n<p class=\"has-medium-font-size\"><em><mark style=\"background-color:rgba(0, 0, 0, 0);color:#9392c7\" class=\"has-inline-color\">\u201cFile dans<\/mark> <mark style=\"background-color:rgba(0, 0, 0, 0);color:#9392c7\" class=\"has-inline-color\">ta chambre\u00a0\u00bb ! me dit-elle avec autorit\u00e9.<\/mark><\/em><\/p>\n\n\n\n<p class=\"has-medium-font-size\"><em><span style=\"color:#9392c7\" class=\"has-inline-color\">En remontant l\u2019escalier quatre \u00e0 quatre je suis prise d\u2019un fou rire, Grany avait pris une grosse voix qui me faisait penser \u00e0 celle de notre voisin Henri, cet homme \u00e9tait vieux et grincheux, il d\u00e9testait tout le monde, mais sous ses airs bourrus, je savais qu\u2019il \u00e9tait bon.<\/span><\/em><\/p>\n\n\n\n<p class=\"has-medium-font-size\"><em><span style=\"color:#9392c7\" class=\"has-inline-color\">Puisque tout m\u2019\u00e9tait interdit, j\u2019ouvris ma fen\u00eatre et je profitais de l\u2019air frais, la neige avait recouvert d\u2019un beau manteau blanc notre jardin, je me sentais l\u00e9g\u00e8re et heureuse. Soudain sans raison particuli\u00e8re, j\u2019avais la sensation qu\u2019il fallait que je fasse attention, je me sentais oppress\u00e9e. Que pouvait-il m\u2019arriver je me trouvais \u00e0 l\u2019int\u00e9rieur de ma maison et \u00e0 l\u2019abri dans ma chambre. Quelque chose me poussait \u00e0 descendre et tant pis si Grany ne voulait pas. Arriv\u00e9e en bas tout \u00e9tait calme, Grany n\u2019\u00e9tait plus \u00e0 son poste, plus aucun bruit, ni dans la cuisine, ni dans la grande pi\u00e8ce. J\u2019avais l\u2019impression que la maison \u00e9tait vide.<\/span><\/em><\/p>\n\n\n\n<p class=\"has-medium-font-size\"><em><mark style=\"background-color:rgba(0, 0, 0, 0);color:#9392c7\" class=\"has-inline-color\">J\u2019<\/mark><\/em><mark style=\"background-color:rgba(0, 0, 0, 0);color:#9392c7\" class=\"has-inline-color\"><em>allais remonter quand la sensation d\u2019un danger se fit \u00e0 nouveau ressentir. Je ne comprenais pas ce qui se passait, je sentais la sueur perler sur mon front. J\u2019ouvris la porte de la cuisine et l\u00e0 une odeur \u00e2cre me pris \u00e0 la gorge la friteuse \u00e9tait en feu<\/em>. <em>Sans r\u00e9fl\u00e9chir j\u2019\u00e9teignis le gaz, je mis un torchon sur la friteuse et un couvercle par dessus. J\u2019ouvris la fen\u00eatre et appela de toutes mes forces \u00e0 l\u2019aide en sortant de la maison. Tout le monde sorti de la remise en courant<\/em>. <em>Dans la pr\u00e9cipitation d\u2019aider grand p\u00e8re et Grany \u00e0 transporter chaises et d\u00e9corations, Maman en avait oubli\u00e9 d\u2019\u00e9teindre la friteuse, elle \u00e9tait entrain de faire des beignets. Si ce jour l\u00e0 je n\u2019avais pas \u00e9cout\u00e9 mon intuition,<\/em> <em>la maison aurait pris feu. Cela aurait \u00e9t\u00e9 une v\u00e9ritable catastrophe pour moi et ma famille.<\/em><\/mark><\/p>\n\n\n\n<p class=\"has-text-color\" style=\"color:#aa94d1\">__________<\/p>\n\n\n\n<figure class=\"wp-block-image size-medium\"><a href=\"https:\/\/lerevedelouise.fr\/wp-content\/uploads\/2025\/09\/louise.jpg\"><img loading=\"lazy\" decoding=\"async\" width=\"300\" height=\"300\" src=\"https:\/\/lerevedelouise.fr\/wp-content\/uploads\/2025\/09\/louise-300x300.jpg\" alt=\"\" class=\"wp-image-11746\" srcset=\"https:\/\/lerevedelouise.fr\/wp-content\/uploads\/2025\/09\/louise-300x300.jpg 300w, https:\/\/lerevedelouise.fr\/wp-content\/uploads\/2025\/09\/louise-150x150.jpg 150w, https:\/\/lerevedelouise.fr\/wp-content\/uploads\/2025\/09\/louise-768x768.jpg 768w, https:\/\/lerevedelouise.fr\/wp-content\/uploads\/2025\/09\/louise-80x80.jpg 80w, https:\/\/lerevedelouise.fr\/wp-content\/uploads\/2025\/09\/louise.jpg 1024w\" sizes=\"auto, (max-width: 300px) 100vw, 300px\" \/><\/a><\/figure>\n\n\n\n<p class=\"has-small-font-size\">Dessin de Manu pour mes 20 ans<\/p>\n\n\n\n<p class=\"has-text-color\" style=\"color:#aa94d1\">__________<\/p>\n\n\n\n<p class=\"has-text-color has-link-color has-small-font-size wp-elements-dbf64fe5fd4ee3c1d9fb4bf6deaaf016\" style=\"color:#d7760e\">Auteur : Pascale &#8211; Design : Bruno<br>Tous les textes, les illustrations et dessins du journal de Louise et de Louise sont la propri\u00e9t\u00e9 exclusive de Pascale LEBEUR<mark style=\"background-color:rgba(0, 0, 0, 0);color:#395a6f\" class=\"has-inline-color\"><\/mark><br><strong><mark style=\"background-color:rgba(0, 0, 0, 0)\" class=\"has-inline-color has-luminous-vivid-amber-color\">\u00a9 2020-2026 Le r\u00eave de Louise<\/mark><\/strong><\/p>\n","protected":false},"excerpt":{"rendered":"<p>Mes intuitions : __________ Ce matin c\u2019est l\u2019effervescence dans la maison, maman veut que tout soit parfait pour mon anniversaire, aujourd\u2019hui j\u2019ai 20 ans. Tout le rez-de-chauss\u00e9e m\u2019est interdit, c\u2019est Grany qui gendarme. \u201cFile dans ta chambre\u00a0\u00bb ! me dit-elle avec autorit\u00e9. En remontant l\u2019escalier quatre \u00e0 quatre je suis prise d\u2019un fou rire, Grany [&hellip;]<\/p>\n","protected":false},"author":1,"featured_media":0,"parent":1703,"menu_order":0,"comment_status":"closed","ping_status":"closed","template":"","meta":{"_eb_attr":"","footnotes":""},"class_list":["post-596","page","type-page","status-publish","hentry"],"_links":{"self":[{"href":"https:\/\/lerevedelouise.fr\/index.php\/wp-json\/wp\/v2\/pages\/596","targetHints":{"allow":["GET"]}}],"collection":[{"href":"https:\/\/lerevedelouise.fr\/index.php\/wp-json\/wp\/v2\/pages"}],"about":[{"href":"https:\/\/lerevedelouise.fr\/index.php\/wp-json\/wp\/v2\/types\/page"}],"author":[{"embeddable":true,"href":"https:\/\/lerevedelouise.fr\/index.php\/wp-json\/wp\/v2\/users\/1"}],"replies":[{"embeddable":true,"href":"https:\/\/lerevedelouise.fr\/index.php\/wp-json\/wp\/v2\/comments?post=596"}],"version-history":[{"count":97,"href":"https:\/\/lerevedelouise.fr\/index.php\/wp-json\/wp\/v2\/pages\/596\/revisions"}],"predecessor-version":[{"id":12661,"href":"https:\/\/lerevedelouise.fr\/index.php\/wp-json\/wp\/v2\/pages\/596\/revisions\/12661"}],"up":[{"embeddable":true,"href":"https:\/\/lerevedelouise.fr\/index.php\/wp-json\/wp\/v2\/pages\/1703"}],"wp:attachment":[{"href":"https:\/\/lerevedelouise.fr\/index.php\/wp-json\/wp\/v2\/media?parent=596"}],"curies":[{"name":"wp","href":"https:\/\/api.w.org\/{rel}","templated":true}]}}