{"id":6178,"date":"2022-04-05T19:15:02","date_gmt":"2022-04-05T17:15:02","guid":{"rendered":"https:\/\/lerevedelouise.fr\/?page_id=6178"},"modified":"2024-02-05T16:23:45","modified_gmt":"2024-02-05T15:23:45","slug":"case-49","status":"publish","type":"page","link":"https:\/\/lerevedelouise.fr\/index.php\/case-0\/case-49\/","title":{"rendered":"Case 49"},"content":{"rendered":"<span class=\"span-reading-time rt-reading-time\" style=\"display: block;\"><span class=\"rt-label rt-prefix\">Temps de lecture\u00a0: <\/span> <span class=\"rt-time\"> &lt;\u00a01<\/span> <span class=\"rt-label rt-postfix\">minute<\/span><\/span>\n<div class=\"wp-block-image is-style-default\"><figure class=\"aligncenter size-medium\"><a href=\"https:\/\/lerevedelouise.fr\/wp-content\/uploads\/2022\/02\/5-sens.png\"><img loading=\"lazy\" decoding=\"async\" width=\"300\" height=\"255\" src=\"https:\/\/lerevedelouise.fr\/wp-content\/uploads\/2022\/02\/5-sens-300x255.png\" alt=\"\" class=\"wp-image-4332\" srcset=\"https:\/\/lerevedelouise.fr\/wp-content\/uploads\/2022\/02\/5-sens-300x255.png 300w, https:\/\/lerevedelouise.fr\/wp-content\/uploads\/2022\/02\/5-sens.png 471w\" sizes=\"auto, (max-width: 300px) 100vw, 300px\" \/><\/a><\/figure><\/div>\n\n\n\n<h4 class=\"has-text-color wp-block-heading\" style=\"color:#d7760e\">Les cinq sens<\/h4>\n\n\n\n<p>Cette case sur votre parcours, vous invite \u00e0 faire un retour sur vous-m\u00eame, \u00e0 rebrousser votre chemin, car elle vous am\u00e8ne \u00e0 d\u00e9couvrir ou red\u00e9couvrir la case 36 de la quatri\u00e8me Oie et la case 11 de l&rsquo;oreille. Vous devrez donc prendre en plus leurs significations pour votre interpr\u00e9tation. <\/p>\n\n\n\n<h4 class=\"has-text-color wp-block-heading\" style=\"color:#d7760e\">Signification<\/h4>\n\n\n\n<p>Si votre pion se pose sur cette case, cela vous montre la quintessence, c&rsquo;est-\u00e0-dire que le cinqui\u00e8me \u00e9l\u00e9ment est en analogie avec le cinqui\u00e8me sens, l\u2019ou\u00efe et l&rsquo;oreille. Ainsi, pour exploiter votre sixi\u00e8me sens \u00e0 bon escient, vous devez \u00eatre surtout plus attentif \u00e0 ce que vous entendez. Mais, vous devez aussi user de vos quatre autres sens de la bonne mani\u00e8re : votre odorat pour sentir, ressentir et pressentir, votre go\u00fbt pour savourer et savoir, votre vue pour voir et percevoir, votre toucher pour appr\u00e9hender et faire corps avec ce qui vous entoure. Vos cinq sens s&rsquo;apprivoisent et s&rsquo;\u00e9duquent. Ce sont des instruments sensibles. Vous devez en \u00eatre ma\u00eetre et non victime. <\/p>\n\n\n\n<p class=\"has-text-color has-small-font-size\" style=\"color:#d7760e\">Image de <a href=\"https:\/\/www.google.com\/search?q=les+5+sens&amp;client=firefox-b-d&amp;channel=trow5&amp;sxsrf=APq-WBuuZqL0JnhLPI571d0nxD4r6hoBaA:1649526264951&amp;source=lnms&amp;tbm=isch&amp;sa=X&amp;ved=2ahUKEwikrseYxIf3AhXtz4UKHTL4ALIQ_AUoAXoECAIQAw&amp;biw=1536&amp;bih=739&amp;dpr=1.25#imgrc=-kpQ1gfu6xZHZM\" target=\"_blank\" rel=\"noreferrer noopener\">Google  <\/a><\/p>\n\n\n\n<p class=\"has-text-color has-small-font-size\" style=\"color:#d7760e\">Source : <a href=\"https:\/\/www.hachette-collections.com\/fr-fr\/?gclid=CjwKCAjw8J32BRBCEiwApQEKgdiFVIkH2wypRsYiCjhK4KTn5ifV_DR1FX_lAZt9mKdtG8ksfXzYzxoCfegQAvD_BwE\" target=\"_blank\" rel=\"noreferrer noopener\">les arts divina<em>toires \u2013 Hachette Collection<\/em><\/a><\/p>\n","protected":false},"excerpt":{"rendered":"<p>Les cinq sens Cette case sur votre parcours, vous invite \u00e0 faire un retour sur vous-m\u00eame, \u00e0 rebrousser votre chemin, car elle vous am\u00e8ne \u00e0 d\u00e9couvrir ou red\u00e9couvrir la case 36 de la quatri\u00e8me Oie et la case 11 de l&rsquo;oreille. Vous devrez donc prendre en plus leurs significations pour votre interpr\u00e9tation. Signification Si votre [&hellip;]<\/p>\n","protected":false},"author":1,"featured_media":0,"parent":480,"menu_order":49,"comment_status":"closed","ping_status":"closed","template":"","meta":{"_eb_attr":"","footnotes":""},"class_list":["post-6178","page","type-page","status-publish","hentry"],"_links":{"self":[{"href":"https:\/\/lerevedelouise.fr\/index.php\/wp-json\/wp\/v2\/pages\/6178","targetHints":{"allow":["GET"]}}],"collection":[{"href":"https:\/\/lerevedelouise.fr\/index.php\/wp-json\/wp\/v2\/pages"}],"about":[{"href":"https:\/\/lerevedelouise.fr\/index.php\/wp-json\/wp\/v2\/types\/page"}],"author":[{"embeddable":true,"href":"https:\/\/lerevedelouise.fr\/index.php\/wp-json\/wp\/v2\/users\/1"}],"replies":[{"embeddable":true,"href":"https:\/\/lerevedelouise.fr\/index.php\/wp-json\/wp\/v2\/comments?post=6178"}],"version-history":[{"count":10,"href":"https:\/\/lerevedelouise.fr\/index.php\/wp-json\/wp\/v2\/pages\/6178\/revisions"}],"predecessor-version":[{"id":6840,"href":"https:\/\/lerevedelouise.fr\/index.php\/wp-json\/wp\/v2\/pages\/6178\/revisions\/6840"}],"up":[{"embeddable":true,"href":"https:\/\/lerevedelouise.fr\/index.php\/wp-json\/wp\/v2\/pages\/480"}],"wp:attachment":[{"href":"https:\/\/lerevedelouise.fr\/index.php\/wp-json\/wp\/v2\/media?parent=6178"}],"curies":[{"name":"wp","href":"https:\/\/api.w.org\/{rel}","templated":true}]}}