{"id":645,"date":"2020-05-24T02:39:21","date_gmt":"2020-05-24T00:39:21","guid":{"rendered":"https:\/\/lerevedelouise.fr\/?page_id=645"},"modified":"2024-02-05T16:05:21","modified_gmt":"2024-02-05T15:05:21","slug":"case-4","status":"publish","type":"page","link":"https:\/\/lerevedelouise.fr\/index.php\/case-0\/case-4\/","title":{"rendered":"Case 4"},"content":{"rendered":"<span class=\"span-reading-time rt-reading-time\" style=\"display: block;\"><span class=\"rt-label rt-prefix\">Temps de lecture\u00a0: <\/span> <span class=\"rt-time\"> 2<\/span> <span class=\"rt-label rt-postfix\">minutes<\/span><\/span>\n<h4 class=\"wp-block-heading\"><span style=\"color:#d7760e\" class=\"has-inline-color\">La tour<\/span><\/h4>\n\n\n\n<div class=\"wp-block-image\"><figure class=\"aligncenter size-medium\"><a href=\"https:\/\/lerevedelouise.fr\/wp-content\/uploads\/2020\/05\/tour.jpg\"><img loading=\"lazy\" decoding=\"async\" width=\"225\" height=\"300\" src=\"https:\/\/lerevedelouise.fr\/wp-content\/uploads\/2020\/05\/tour-225x300.jpg\" alt=\"\" class=\"wp-image-649\" srcset=\"https:\/\/lerevedelouise.fr\/wp-content\/uploads\/2020\/05\/tour-225x300.jpg 225w, https:\/\/lerevedelouise.fr\/wp-content\/uploads\/2020\/05\/tour-600x800.jpg 600w, https:\/\/lerevedelouise.fr\/wp-content\/uploads\/2020\/05\/tour-768x1024.jpg 768w, https:\/\/lerevedelouise.fr\/wp-content\/uploads\/2020\/05\/tour.jpg 960w\" sizes=\"auto, (max-width: 225px) 100vw, 225px\" \/><\/a><\/figure><\/div>\n\n\n\n<p>Il s&rsquo;agit d&rsquo;un symbole de vigilance et d&rsquo;orgueil. En premier lieu, on a la tour dress\u00e9e pour pouvoir guetter et surveiller ce qui se passe aux alentours. En effet, plus la tour \u00e9tait haute et plus on pouvait voir venir de loin et pr\u00e9venir pour emp\u00eacher le p\u00e9ril d&rsquo;un village, une ville ou un ch\u00e2teau. D\u00e8s la plus haute Antiquit\u00e9, les fortifications install\u00e9es autour des grandes cit\u00e9s \u00e9taient toujours pourvues de tours. Dans un deuxi\u00e8me lieu, on a la tour mythique la plus connue celle de Babel, que des hommes orgueilleux dress\u00e8rent dans l&rsquo;espoir de toucher le ciel.<\/p>\n\n\n\n<h4 class=\"wp-block-heading\"><span style=\"color:#d7760e\" class=\"has-inline-color\">Signification<\/span><\/h4>\n\n\n\n<p>Lorsque votre pion fait une halte dans cette case, deux interpr\u00e9tations sont donc possibles. Soit vous recevez un conseil de vigilance qui doit vous incliner \u00e0 redoubler de prudence. Soit vous p\u00e9chez par orgueil peut \u00eatre sans vous en rendre compte, vous voulez aller trop loin ou trop haut. Et de ce fait vos entreprises risquent d&rsquo;\u00eatre mises en p\u00e9ril \u00e0 cause de vos exc\u00e8s d&rsquo;ambition. Le conseil qui vous est donn\u00e9e, dans le premier cas, prenez le temps de relever qu&rsquo;aucun danger ne vous guette, ni ne vous menace. Dans le deuxi\u00e8me cas, revenez \u00e0 une vision plus modeste et plus justes de choses.<\/p>\n\n\n\n<p class=\"has-small-font-size\"><span style=\"color:#d7760e\" class=\"has-inline-color\">Image par :<\/span> <a href=\"https:\/\/pixabay.com\/fr\/users\/mr-millionaer75-645382\/?utm_source=link-attribution&amp;utm_medium=referral&amp;utm_campaign=image&amp;utm_content=5101470\" target=\"_blank\" rel=\"noreferrer noopener\"> Raffi T\u00fcys\u00fcz<\/a> <span style=\"color:#d7760e\" class=\"has-inline-color\">de<\/span> <a href=\"https:\/\/pixabay.com\/fr\/\" target=\"_blank\" rel=\"noreferrer noopener\">Pixabay<\/a><\/p>\n\n\n\n<p class=\"has-small-font-size\"><span style=\"color:#d7760e\" class=\"has-inline-color\">Source :<\/span> <a class=\"aioseop-link\" rel=\"noreferrer noopener\" href=\"https:\/\/www.hachette-collections.com\/fr-fr\/?gclid=CjwKCAjw8J32BRBCEiwApQEKgdiFVIkH2wypRsYiCjhK4KTn5ifV_DR1FX_lAZt9mKdtG8ksfXzYzxoCfegQAvD_BwE\" target=\"_blank\">les arts divina<em>toires \u2013 Hachette Collection<\/em><\/a><\/p>\n","protected":false},"excerpt":{"rendered":"<p>La tour Il s&rsquo;agit d&rsquo;un symbole de vigilance et d&rsquo;orgueil. En premier lieu, on a la tour dress\u00e9e pour pouvoir guetter et surveiller ce qui se passe aux alentours. En effet, plus la tour \u00e9tait haute et plus on pouvait voir venir de loin et pr\u00e9venir pour emp\u00eacher le p\u00e9ril d&rsquo;un village, une ville ou [&hellip;]<\/p>\n","protected":false},"author":1,"featured_media":0,"parent":480,"menu_order":4,"comment_status":"closed","ping_status":"closed","template":"","meta":{"_eb_attr":"","footnotes":""},"class_list":["post-645","page","type-page","status-publish","hentry"],"_links":{"self":[{"href":"https:\/\/lerevedelouise.fr\/index.php\/wp-json\/wp\/v2\/pages\/645","targetHints":{"allow":["GET"]}}],"collection":[{"href":"https:\/\/lerevedelouise.fr\/index.php\/wp-json\/wp\/v2\/pages"}],"about":[{"href":"https:\/\/lerevedelouise.fr\/index.php\/wp-json\/wp\/v2\/types\/page"}],"author":[{"embeddable":true,"href":"https:\/\/lerevedelouise.fr\/index.php\/wp-json\/wp\/v2\/users\/1"}],"replies":[{"embeddable":true,"href":"https:\/\/lerevedelouise.fr\/index.php\/wp-json\/wp\/v2\/comments?post=645"}],"version-history":[{"count":9,"href":"https:\/\/lerevedelouise.fr\/index.php\/wp-json\/wp\/v2\/pages\/645\/revisions"}],"predecessor-version":[{"id":4273,"href":"https:\/\/lerevedelouise.fr\/index.php\/wp-json\/wp\/v2\/pages\/645\/revisions\/4273"}],"up":[{"embeddable":true,"href":"https:\/\/lerevedelouise.fr\/index.php\/wp-json\/wp\/v2\/pages\/480"}],"wp:attachment":[{"href":"https:\/\/lerevedelouise.fr\/index.php\/wp-json\/wp\/v2\/media?parent=645"}],"curies":[{"name":"wp","href":"https:\/\/api.w.org\/{rel}","templated":true}]}}