{"id":665,"date":"2020-05-24T23:56:34","date_gmt":"2020-05-24T21:56:34","guid":{"rendered":"https:\/\/lerevedelouise.fr\/?page_id=665"},"modified":"2026-02-22T19:41:47","modified_gmt":"2026-02-22T18:41:47","slug":"des-retrouvailles-toutes-particulieres","status":"publish","type":"page","link":"https:\/\/lerevedelouise.fr\/index.php\/mon-journal\/des-retrouvailles-toutes-particulieres\/","title":{"rendered":"Des retrouvailles toutes particuli\u00e8res"},"content":{"rendered":"<span class=\"span-reading-time rt-reading-time\" style=\"display: block;\"><span class=\"rt-label rt-prefix\">Temps de lecture\u00a0: <\/span> <span class=\"rt-time\"> 3<\/span> <span class=\"rt-label rt-postfix\">minutes<\/span><\/span>\n<h2 class=\"wp-block-heading has-text-color\" style=\"color:#aa94d1\">Mes synchronicit\u00e9s :<\/h2>\n\n\n\n<p class=\"has-text-color\" style=\"color:#aa94d1\">__________<\/p>\n\n\n<div class=\"wp-block-image is-style-rounded\">\n<figure class=\"alignright size-medium\"><a href=\"https:\/\/lerevedelouise.fr\/wp-content\/uploads\/2025\/10\/des-retrouvailles-toutes-particulieres-aquarelle.jpg\"><img loading=\"lazy\" decoding=\"async\" width=\"300\" height=\"300\" src=\"https:\/\/lerevedelouise.fr\/wp-content\/uploads\/2025\/10\/des-retrouvailles-toutes-particulieres-aquarelle-300x300.jpg\" alt=\"\" class=\"wp-image-12069\" srcset=\"https:\/\/lerevedelouise.fr\/wp-content\/uploads\/2025\/10\/des-retrouvailles-toutes-particulieres-aquarelle-300x300.jpg 300w, https:\/\/lerevedelouise.fr\/wp-content\/uploads\/2025\/10\/des-retrouvailles-toutes-particulieres-aquarelle-150x150.jpg 150w, https:\/\/lerevedelouise.fr\/wp-content\/uploads\/2025\/10\/des-retrouvailles-toutes-particulieres-aquarelle-768x768.jpg 768w, https:\/\/lerevedelouise.fr\/wp-content\/uploads\/2025\/10\/des-retrouvailles-toutes-particulieres-aquarelle-80x80.jpg 80w, https:\/\/lerevedelouise.fr\/wp-content\/uploads\/2025\/10\/des-retrouvailles-toutes-particulieres-aquarelle.jpg 1024w\" sizes=\"auto, (max-width: 300px) 100vw, 300px\" \/><\/a><\/figure>\n<\/div>\n\n\n<p class=\"has-text-color has-link-color has-medium-font-size wp-elements-e6dfce892c30b911759b61d7be5a9c15\" style=\"color:#aa94d1\"><em>Je m\u2019\u00e9tonne encore de la mani\u00e8re dont la vie tisse ses fils invisibles.<br>La nuit derni\u00e8re, Caroline est venue me visiter en r\u00eave. Son visage, que je n\u2019avais pas vu depuis tant d\u2019ann\u00e9es, avait gard\u00e9 la m\u00eame douceur. Elle riait comme lorsque nous \u00e9tions enfants, et son rire r\u00e9sonnait comme un \u00e9cho du pass\u00e9.<\/em><\/p>\n\n\n\n<p class=\"has-text-color has-link-color has-medium-font-size wp-elements-44ededcc04c0c520cb5a7077710a49fa\" style=\"color:#aa94d1\"><em>Ce matin, au d\u00e9tour d\u2019une promenade sur la plage, mes pas m\u2019ont conduite droit vers elle. \u00c0 plus de cent kilom\u00e8tres de nos souvenirs d\u2019enfance, au c\u0153ur de mes vacances, elle \u00e9tait l\u00e0, debout dans la lumi\u00e8re marine, comme si nos chemins s\u2019\u00e9taient secr\u00e8tement donn\u00e9 rendez-vous.<\/em><\/p>\n\n\n\n<p class=\"has-text-color has-link-color has-medium-font-size wp-elements-446f41efaa821cd6bf98768c3e08ec95\" style=\"color:#aa94d1\"><em>Ses mots m\u2019ont boulevers\u00e9e : \u00ab J\u2019ai pens\u00e9 \u00e0 toi souvent ces derniers temps\u2026 j\u2019ai besoin de toi pour parler \u00e0 ma grand-m\u00e8re. Elle est partie il y a quelques mois. \u00bb<br>Alors j\u2019ai compris que mon r\u00eave \u00e9tait une clef, une invitation subtile de l\u2019invisible.<\/em><\/p>\n\n\n\n<p class=\"has-text-color has-link-color has-medium-font-size wp-elements-e09c682c4beeb6e0858f3fd83f1e4838\" style=\"color:#aa94d1\"><em>Les synchronicit\u00e9s ne sont jamais de simples hasards. Elles ouvrent des passages, elles rappellent que le monde visible et celui de l\u2019\u00e2me se r\u00e9pondent sans cesse. Et dans ce miroir myst\u00e9rieux, nous sommes appel\u00e9s \u00e0 \u00e9couter, \u00e0 accueillir, \u00e0 transmettre.<\/em><\/p>\n\n\n\n<p class=\"has-text-color has-link-color has-medium-font-size wp-elements-dc29b7ed19c6209dbb247347399095e2\" style=\"color:#aa94d1\"><em>Je l\u2019ai regard\u00e9e longuement, les yeux humides d\u2019\u00e9motion, incapable de parler tout de suite. Comme si le destin venait de d\u00e9poser devant moi une mission que je ne pouvais refuser.<\/em><\/p>\n\n\n\n<p class=\"has-text-color has-link-color has-medium-font-size wp-elements-0a2e6af17f4cb50bf081a37918a99a8d\" style=\"color:#aa94d1\"><em>Je lui ai dit doucement<\/em> : <em>\u00ab Oui, je t\u2019aiderai. Ta grand-m\u00e8re n\u2019est pas loin\u2026 elle cherche s\u00fbrement \u00e0 te rassurer, \u00e0 te dire que l\u2019amour n\u2019a pas de fin. \u00bb<\/em><\/p>\n\n\n\n<p class=\"has-text-color has-link-color has-medium-font-size wp-elements-35eba45764e50ca3fc6e80fd7d962ac2\" style=\"color:#aa94d1\"><em>Alors nous nous sommes assises sur le sable, face \u00e0 l\u2019horizon. La mer roulait ses vagues avec une lenteur apaisante, comme un souffle qui nous enveloppait toutes les deux. J\u2019ai ferm\u00e9 les yeux, j\u2019ai laiss\u00e9 mon c\u0153ur s\u2019ouvrir, et d\u00e9j\u00e0 une pr\u00e9sence douce se faisait sentir.<\/em><\/p>\n\n\n\n<p class=\"has-text-color has-link-color has-medium-font-size wp-elements-0f82b987cdcdcede776be39e288088f7\" style=\"color:#aa94d1\"><em>J\u2019ai murmur\u00e9 \u00e0 Caroline :<\/em><br><em>\u00ab \u00c9coute, ce n\u2019est pas moi que tu dois entendre. C\u2019est elle. Mets ta main sur ton c\u0153ur, et laisse ses mots trouver leur chemin. \u00bb<\/em><\/p>\n\n\n\n<p class=\"has-text-color has-link-color has-medium-font-size wp-elements-70686cdc66712e39a242d668720341c0\" style=\"color:#aa94d1\"><em>Une larme a gliss\u00e9 sur sa joue. Elle a chuchot\u00e9 :<\/em><br><em>\u00ab Je crois que je l\u2019entends\u2026 elle me dit de ne pas avoir peur. \u00bb<\/em><\/p>\n\n\n\n<p class=\"has-text-color has-link-color has-medium-font-size wp-elements-c3c4ba61f9116a3885a769d7c5a0c7f8\" style=\"color:#aa94d1\">\u00c0 cet instant, je savais que la synchronicit\u00e9 avait accompli son \u0153uvre : elle avait r\u00e9uni nos \u00e2mes au bord de la mer pour un passage, une transmission invisible.<\/p>\n\n\n\n<p class=\"has-text-color has-link-color has-medium-font-size wp-elements-20c3681908d6ff97600a6bbf2e1165f1\" style=\"color:#aa94d1\"><em>Et je comprends encore une fois que les synchronicit\u00e9s sont des portes. Elles surgissent pour nous rappeler que nous ne sommes jamais seuls, que l\u2019univers nous parle \u00e0 travers des rencontres improbables, des r\u00eaves ou des signes. Ce sont des fils de lumi\u00e8re qui nous relient, et qu\u2019il nous suffit d\u2019accueillir pour marcher plus confiants dans l\u2019inconnu.<\/em><\/p>\n\n\n\n<p class=\"has-text-color\" style=\"color:#aa94d1\">__________<\/p>\n\n\n\n<figure class=\"wp-block-image size-medium\"><a href=\"https:\/\/lerevedelouise.fr\/wp-content\/uploads\/2025\/09\/louise-caroline.jpg\"><img loading=\"lazy\" decoding=\"async\" width=\"300\" height=\"300\" src=\"https:\/\/lerevedelouise.fr\/wp-content\/uploads\/2025\/09\/louise-caroline-300x300.jpg\" alt=\"\" class=\"wp-image-11763\" srcset=\"https:\/\/lerevedelouise.fr\/wp-content\/uploads\/2025\/09\/louise-caroline-300x300.jpg 300w, https:\/\/lerevedelouise.fr\/wp-content\/uploads\/2025\/09\/louise-caroline-150x150.jpg 150w, https:\/\/lerevedelouise.fr\/wp-content\/uploads\/2025\/09\/louise-caroline-768x768.jpg 768w, https:\/\/lerevedelouise.fr\/wp-content\/uploads\/2025\/09\/louise-caroline-80x80.jpg 80w, https:\/\/lerevedelouise.fr\/wp-content\/uploads\/2025\/09\/louise-caroline.jpg 1024w\" sizes=\"auto, (max-width: 300px) 100vw, 300px\" \/><\/a><\/figure>\n\n\n\n<p class=\"has-small-font-size\">Un r\u00eave pr\u00e9monitoire de retrouvailles dessin\u00e9es par Manu. <\/p>\n\n\n\n<p class=\"has-text-color\" style=\"color:#aa94d1\">__________<\/p>\n\n\n\n<p class=\"has-text-color has-link-color has-small-font-size wp-elements-bd46cd7ad54f2e8e7658ce3ffef376e8\" style=\"color:#d7760e\">Auteur : Pascale &#8211; Design : Bruno<br>Tous les textes, les illustrations et dessins du journal de Louise et de Louise sont la propri\u00e9t\u00e9 exclusive de Pascale LEBEUR<br><strong><mark style=\"background-color:rgba(0, 0, 0, 0)\" class=\"has-inline-color has-luminous-vivid-amber-color\">\u00a9 2020-2026 Le r\u00eave de Louise<\/mark><\/strong><mark style=\"background-color:rgba(0, 0, 0, 0);color:#395a6f\" class=\"has-inline-color\"><\/mark><\/p>\n","protected":false},"excerpt":{"rendered":"<p>Mes synchronicit\u00e9s : __________ Je m\u2019\u00e9tonne encore de la mani\u00e8re dont la vie tisse ses fils invisibles.La nuit derni\u00e8re, Caroline est venue me visiter en r\u00eave. Son visage, que je n\u2019avais pas vu depuis tant d\u2019ann\u00e9es, avait gard\u00e9 la m\u00eame douceur. Elle riait comme lorsque nous \u00e9tions enfants, et son rire r\u00e9sonnait comme un \u00e9cho [&hellip;]<\/p>\n","protected":false},"author":1,"featured_media":0,"parent":1703,"menu_order":0,"comment_status":"closed","ping_status":"closed","template":"","meta":{"_eb_attr":"","footnotes":""},"class_list":["post-665","page","type-page","status-publish","hentry"],"_links":{"self":[{"href":"https:\/\/lerevedelouise.fr\/index.php\/wp-json\/wp\/v2\/pages\/665","targetHints":{"allow":["GET"]}}],"collection":[{"href":"https:\/\/lerevedelouise.fr\/index.php\/wp-json\/wp\/v2\/pages"}],"about":[{"href":"https:\/\/lerevedelouise.fr\/index.php\/wp-json\/wp\/v2\/types\/page"}],"author":[{"embeddable":true,"href":"https:\/\/lerevedelouise.fr\/index.php\/wp-json\/wp\/v2\/users\/1"}],"replies":[{"embeddable":true,"href":"https:\/\/lerevedelouise.fr\/index.php\/wp-json\/wp\/v2\/comments?post=665"}],"version-history":[{"count":42,"href":"https:\/\/lerevedelouise.fr\/index.php\/wp-json\/wp\/v2\/pages\/665\/revisions"}],"predecessor-version":[{"id":12662,"href":"https:\/\/lerevedelouise.fr\/index.php\/wp-json\/wp\/v2\/pages\/665\/revisions\/12662"}],"up":[{"embeddable":true,"href":"https:\/\/lerevedelouise.fr\/index.php\/wp-json\/wp\/v2\/pages\/1703"}],"wp:attachment":[{"href":"https:\/\/lerevedelouise.fr\/index.php\/wp-json\/wp\/v2\/media?parent=665"}],"curies":[{"name":"wp","href":"https:\/\/api.w.org\/{rel}","templated":true}]}}