{"id":672,"date":"2020-05-25T00:32:27","date_gmt":"2020-05-24T22:32:27","guid":{"rendered":"https:\/\/lerevedelouise.fr\/?page_id=672"},"modified":"2024-02-05T16:05:40","modified_gmt":"2024-02-05T15:05:40","slug":"case-5","status":"publish","type":"page","link":"https:\/\/lerevedelouise.fr\/index.php\/case-0\/case-5\/","title":{"rendered":"Case 5"},"content":{"rendered":"<span class=\"span-reading-time rt-reading-time\" style=\"display: block;\"><span class=\"rt-label rt-prefix\">Temps de lecture\u00a0: <\/span> <span class=\"rt-time\"> 2<\/span> <span class=\"rt-label rt-postfix\">minutes<\/span><\/span>\n<h4 class=\"wp-block-heading\"><span style=\"color:#d7760e\" class=\"has-inline-color\">La grotte<\/span><\/h4>\n\n\n\n<div class=\"wp-block-image\"><figure class=\"aligncenter size-medium\"><a href=\"https:\/\/lerevedelouise.fr\/wp-content\/uploads\/2020\/05\/grotte.jpg\"><img loading=\"lazy\" decoding=\"async\" width=\"300\" height=\"200\" src=\"https:\/\/lerevedelouise.fr\/wp-content\/uploads\/2020\/05\/grotte-300x200.jpg\" alt=\"\" class=\"wp-image-673\" srcset=\"https:\/\/lerevedelouise.fr\/wp-content\/uploads\/2020\/05\/grotte-300x200.jpg 300w, https:\/\/lerevedelouise.fr\/wp-content\/uploads\/2020\/05\/grotte-600x400.jpg 600w, https:\/\/lerevedelouise.fr\/wp-content\/uploads\/2020\/05\/grotte-1024x682.jpg 1024w, https:\/\/lerevedelouise.fr\/wp-content\/uploads\/2020\/05\/grotte-768x512.jpg 768w, https:\/\/lerevedelouise.fr\/wp-content\/uploads\/2020\/05\/grotte-272x182.jpg 272w, https:\/\/lerevedelouise.fr\/wp-content\/uploads\/2020\/05\/grotte.jpg 1280w\" sizes=\"auto, (max-width: 300px) 100vw, 300px\" \/><\/a><\/figure><\/div>\n\n\n\n<p>On a souvent vu dans la grotte un refuge, l&rsquo;endroit o\u00f9 les hommes et les femmes de la pr\u00e9histoire vivaient pour se mettre \u00e0 l&rsquo;abri des grands fauves ou des b\u00eates sauvages, mais aussi des intemp\u00e9ries et du froid. Les arch\u00e9ologues ont d&rsquo;ailleurs retrouv\u00e9s des traces de passages et de s\u00e9jours que firent nos lointains anc\u00eatres dans ces lieux retir\u00e9s et relativement prot\u00e9g\u00e9s, notamment les fameuses peintures rupestres qui sont les signatures d&rsquo;un autre \u00e2ge. Mais, on sait aujourd&rsquo;hui que la grotte fut aussi un lieu sacr\u00e9 \u00e0 connotation magique, c&rsquo;est \u00e0 dire la matrice obscure o\u00f9 se forme la vie et d&rsquo;o\u00f9 elle jaillira, selon deux proc\u00e9d\u00e9s : l&rsquo;\u00eatre humain isol\u00e9 dans le noir voit la semence de la lumi\u00e8re jaillir en lui, ou alors il y fait na\u00eetre et entretient la lumi\u00e8re qui ne peut \u00eatre vue que dans l&rsquo;obscurit\u00e9 : celle du feu sacr\u00e9.<\/p>\n\n\n\n<h4 class=\"wp-block-heading\"><span style=\"color:#d7760e\" class=\"has-inline-color\">Signification<\/span><\/h4>\n\n\n\n<p>Lorsque vous faites une halte sur cette case, vous pouvez consid\u00e9rer qu&rsquo;une r\u00e9v\u00e9lation va vous \u00eatre faite, que vous allez prendre conscience d&rsquo;un fait ou de quelque chose vous concernant personnellement et qui a lieu d&rsquo;\u00eatre important pour vous. Par ailleurs, il peut s&rsquo;agir aussi d&rsquo;un signe d&rsquo;un \u00e9v\u00e9nement qui couve, dont vous \u00eates entrain de produire les germes dans votre vie et qui peut \u00eatre se d\u00e9veloppera. Le conseil c&rsquo;est que vous \u00eates \u00e0 l&rsquo;origine de quelque chose dont vous n&rsquo;\u00eates pas conscient, alors, soyez \u00e0 votre \u00e9coute pour que vous puissiez en prendre conscience.<\/p>\n\n\n\n<p class=\"has-small-font-size\"><span style=\"color:#d7760e\" class=\"has-inline-color\">Image par :<\/span><span class=\"has-inline-color has-vivid-cyan-blue-color\"><\/span> <a href=\"https:\/\/pixabay.com\/fr\/users\/enriquelopezgarre-3764790\/?utm_source=link-attribution&amp;utm_medium=referral&amp;utm_campaign=image&amp;utm_content=4518195\" target=\"_blank\" rel=\"noreferrer noopener\">enriquelopezgarre<\/a> <span style=\"color:#d7760e\" class=\"has-inline-color\">de<\/span> <a href=\"https:\/\/pixabay.com\/fr\/\" target=\"_blank\" rel=\"noreferrer noopener\">Pixabay<\/a><\/p>\n\n\n\n<p class=\"has-small-font-size\"><span style=\"color:#d7760e\" class=\"has-inline-color\">Source :<\/span> <a rel=\"noreferrer noopener\" href=\"https:\/\/www.hachette-collections.com\/fr-fr\/?gclid=CjwKCAjw8J32BRBCEiwApQEKgdiFVIkH2wypRsYiCjhK4KTn5ifV_DR1FX_lAZt9mKdtG8ksfXzYzxoCfegQAvD_BwE\" target=\"_blank\">les arts divina<em>toires \u2013 Hachette Collection<\/em><\/a><\/p>\n","protected":false},"excerpt":{"rendered":"<p>La grotte On a souvent vu dans la grotte un refuge, l&rsquo;endroit o\u00f9 les hommes et les femmes de la pr\u00e9histoire vivaient pour se mettre \u00e0 l&rsquo;abri des grands fauves ou des b\u00eates sauvages, mais aussi des intemp\u00e9ries et du froid. Les arch\u00e9ologues ont d&rsquo;ailleurs retrouv\u00e9s des traces de passages et de s\u00e9jours que firent [&hellip;]<\/p>\n","protected":false},"author":1,"featured_media":0,"parent":480,"menu_order":5,"comment_status":"closed","ping_status":"closed","template":"","meta":{"_eb_attr":"","footnotes":""},"class_list":["post-672","page","type-page","status-publish","hentry"],"_links":{"self":[{"href":"https:\/\/lerevedelouise.fr\/index.php\/wp-json\/wp\/v2\/pages\/672","targetHints":{"allow":["GET"]}}],"collection":[{"href":"https:\/\/lerevedelouise.fr\/index.php\/wp-json\/wp\/v2\/pages"}],"about":[{"href":"https:\/\/lerevedelouise.fr\/index.php\/wp-json\/wp\/v2\/types\/page"}],"author":[{"embeddable":true,"href":"https:\/\/lerevedelouise.fr\/index.php\/wp-json\/wp\/v2\/users\/1"}],"replies":[{"embeddable":true,"href":"https:\/\/lerevedelouise.fr\/index.php\/wp-json\/wp\/v2\/comments?post=672"}],"version-history":[{"count":9,"href":"https:\/\/lerevedelouise.fr\/index.php\/wp-json\/wp\/v2\/pages\/672\/revisions"}],"predecessor-version":[{"id":4274,"href":"https:\/\/lerevedelouise.fr\/index.php\/wp-json\/wp\/v2\/pages\/672\/revisions\/4274"}],"up":[{"embeddable":true,"href":"https:\/\/lerevedelouise.fr\/index.php\/wp-json\/wp\/v2\/pages\/480"}],"wp:attachment":[{"href":"https:\/\/lerevedelouise.fr\/index.php\/wp-json\/wp\/v2\/media?parent=672"}],"curies":[{"name":"wp","href":"https:\/\/api.w.org\/{rel}","templated":true}]}}