{"id":6760,"date":"2022-04-18T19:26:28","date_gmt":"2022-04-18T17:26:28","guid":{"rendered":"https:\/\/lerevedelouise.fr\/?page_id=6760"},"modified":"2024-02-05T16:24:08","modified_gmt":"2024-02-05T15:24:08","slug":"case-51","status":"publish","type":"page","link":"https:\/\/lerevedelouise.fr\/index.php\/case-0\/case-51\/","title":{"rendered":"Case 51"},"content":{"rendered":"<span class=\"span-reading-time rt-reading-time\" style=\"display: block;\"><span class=\"rt-label rt-prefix\">Temps de lecture\u00a0: <\/span> <span class=\"rt-time\"> &lt;\u00a01<\/span> <span class=\"rt-label rt-postfix\">minute<\/span><\/span>\n<div class=\"wp-block-image is-style-default\"><figure class=\"aligncenter size-medium\"><a href=\"https:\/\/lerevedelouise.fr\/wp-content\/uploads\/2022\/04\/feu.jpg\"><img loading=\"lazy\" decoding=\"async\" width=\"300\" height=\"200\" src=\"https:\/\/lerevedelouise.fr\/wp-content\/uploads\/2022\/04\/feu-300x200.jpg\" alt=\"\" class=\"wp-image-6761\" srcset=\"https:\/\/lerevedelouise.fr\/wp-content\/uploads\/2022\/04\/feu-300x200.jpg 300w, https:\/\/lerevedelouise.fr\/wp-content\/uploads\/2022\/04\/feu-600x400.jpg 600w, https:\/\/lerevedelouise.fr\/wp-content\/uploads\/2022\/04\/feu-1024x682.jpg 1024w, https:\/\/lerevedelouise.fr\/wp-content\/uploads\/2022\/04\/feu-768x512.jpg 768w, https:\/\/lerevedelouise.fr\/wp-content\/uploads\/2022\/04\/feu-272x182.jpg 272w, https:\/\/lerevedelouise.fr\/wp-content\/uploads\/2022\/04\/feu.jpg 1280w\" sizes=\"auto, (max-width: 300px) 100vw, 300px\" \/><\/a><\/figure><\/div>\n\n\n\n<h2 class=\"has-text-color wp-block-heading\" style=\"color:#d7760e\">Le feu<\/h2>\n\n\n\n<p>C&rsquo;est un symbole de purification et de destruction, de lumi\u00e8re et d&rsquo;aveuglement, de v\u00e9rit\u00e9 et de passion, de vie et de mort, de bien et de mal. <a href=\"https:\/\/lerevedelouise.fr\/index.php\/2022\/04\/09\/lelement-feu\/\" title=\"Le feu\">Le feu<\/a> porte en lui une ambivalence bien compr\u00e9hensible, puisqu&rsquo;il r\u00e9chauffe et \u00e9claire d&rsquo;une part, mais br\u00fble et consume tout ce que l&rsquo;on jette en lui ou tout ce qui se  trouve sur son passage d&rsquo;autre part.  <\/p>\n\n\n\n<h2 class=\"has-text-color wp-block-heading\" style=\"color:#d7760e\">Signification<\/h2>\n\n\n\n<p>Lorsque votre pion se pose sur cette case, cela indique que vous \u00eates agit\u00e9, troubl\u00e9, sous tension, vous vous comportez d&rsquo;une mani\u00e8re excessive. Vous avez besoin d&rsquo;ext\u00e9rioriser vos \u00e9nergies, car, un feu br\u00fble en vous en quelque sorte et qu&rsquo;il serait bon de le ma\u00eetriser de crainte qu&rsquo;il ne vous consume ou qu&rsquo;il vous conduise \u00e0 des actes regrettables. C&rsquo;est donc bien le feu de la passion, dans tous les sens de ce terme, dont il est question ici, qui peut pourtant avoir un aspect positif pour peu que vous l&#8217;employiez \u00e0 bon escient.  Car, c&rsquo;est aussi le feu qui rend chaleureux et lumineux.<\/p>\n\n\n\n<p class=\"has-text-color has-small-font-size\" style=\"color:#d7760e\">Image par : <a href=\"https:\/\/pixabay.com\/fr\/users\/lawjr-4448871\/\" target=\"_blank\" rel=\"noreferrer noopener\" title=\"LAWJR  \">LAWJR  <\/a>de <a href=\"https:\/\/pixabay.com\/fr\/\" target=\"_blank\" rel=\"noreferrer noopener\">Pixabay<\/a><\/p>\n\n\n\n<p class=\"has-text-color has-small-font-size\" style=\"color:#d7760e\">Source : <a href=\"https:\/\/www.hachette-collections.com\/fr-fr\/?gclid=CjwKCAjw8J32BRBCEiwApQEKgdiFVIkH2wypRsYiCjhK4KTn5ifV_DR1FX_lAZt9mKdtG8ksfXzYzxoCfegQAvD_BwE\" target=\"_blank\" rel=\"noreferrer noopener\">les arts divina<em>toires \u2013 Hachette Collection<\/em><\/a><\/p>\n","protected":false},"excerpt":{"rendered":"<p>Le feu C&rsquo;est un symbole de purification et de destruction, de lumi\u00e8re et d&rsquo;aveuglement, de v\u00e9rit\u00e9 et de passion, de vie et de mort, de bien et de mal. Le feu porte en lui une ambivalence bien compr\u00e9hensible, puisqu&rsquo;il r\u00e9chauffe et \u00e9claire d&rsquo;une part, mais br\u00fble et consume tout ce que l&rsquo;on jette en lui [&hellip;]<\/p>\n","protected":false},"author":1,"featured_media":0,"parent":480,"menu_order":51,"comment_status":"closed","ping_status":"closed","template":"","meta":{"_eb_attr":"","footnotes":""},"class_list":["post-6760","page","type-page","status-publish","hentry"],"_links":{"self":[{"href":"https:\/\/lerevedelouise.fr\/index.php\/wp-json\/wp\/v2\/pages\/6760","targetHints":{"allow":["GET"]}}],"collection":[{"href":"https:\/\/lerevedelouise.fr\/index.php\/wp-json\/wp\/v2\/pages"}],"about":[{"href":"https:\/\/lerevedelouise.fr\/index.php\/wp-json\/wp\/v2\/types\/page"}],"author":[{"embeddable":true,"href":"https:\/\/lerevedelouise.fr\/index.php\/wp-json\/wp\/v2\/users\/1"}],"replies":[{"embeddable":true,"href":"https:\/\/lerevedelouise.fr\/index.php\/wp-json\/wp\/v2\/comments?post=6760"}],"version-history":[{"count":3,"href":"https:\/\/lerevedelouise.fr\/index.php\/wp-json\/wp\/v2\/pages\/6760\/revisions"}],"predecessor-version":[{"id":6797,"href":"https:\/\/lerevedelouise.fr\/index.php\/wp-json\/wp\/v2\/pages\/6760\/revisions\/6797"}],"up":[{"embeddable":true,"href":"https:\/\/lerevedelouise.fr\/index.php\/wp-json\/wp\/v2\/pages\/480"}],"wp:attachment":[{"href":"https:\/\/lerevedelouise.fr\/index.php\/wp-json\/wp\/v2\/media?parent=6760"}],"curies":[{"name":"wp","href":"https:\/\/api.w.org\/{rel}","templated":true}]}}