{"id":680,"date":"2020-05-25T00:58:40","date_gmt":"2020-05-24T22:58:40","guid":{"rendered":"https:\/\/lerevedelouise.fr\/?page_id=680"},"modified":"2024-02-05T16:06:04","modified_gmt":"2024-02-05T15:06:04","slug":"case-6","status":"publish","type":"page","link":"https:\/\/lerevedelouise.fr\/index.php\/case-0\/case-6\/","title":{"rendered":"Case 6"},"content":{"rendered":"<span class=\"span-reading-time rt-reading-time\" style=\"display: block;\"><span class=\"rt-label rt-prefix\">Temps de lecture\u00a0: <\/span> <span class=\"rt-time\"> 2<\/span> <span class=\"rt-label rt-postfix\">minutes<\/span><\/span>\n<h4 class=\"wp-block-heading\"><span style=\"color:#d7760e\" class=\"has-inline-color\">L&rsquo;aigle<\/span><\/h4>\n\n\n\n<div class=\"wp-block-image\"><figure class=\"aligncenter size-medium\"><a href=\"https:\/\/lerevedelouise.fr\/wp-content\/uploads\/2020\/05\/aigle.jpg\"><img loading=\"lazy\" decoding=\"async\" width=\"300\" height=\"200\" src=\"https:\/\/lerevedelouise.fr\/wp-content\/uploads\/2020\/05\/aigle-300x200.jpg\" alt=\"\" class=\"wp-image-682\" srcset=\"https:\/\/lerevedelouise.fr\/wp-content\/uploads\/2020\/05\/aigle-300x200.jpg 300w, https:\/\/lerevedelouise.fr\/wp-content\/uploads\/2020\/05\/aigle-600x400.jpg 600w, https:\/\/lerevedelouise.fr\/wp-content\/uploads\/2020\/05\/aigle-1024x682.jpg 1024w, https:\/\/lerevedelouise.fr\/wp-content\/uploads\/2020\/05\/aigle-768x512.jpg 768w, https:\/\/lerevedelouise.fr\/wp-content\/uploads\/2020\/05\/aigle-272x182.jpg 272w, https:\/\/lerevedelouise.fr\/wp-content\/uploads\/2020\/05\/aigle.jpg 1280w\" sizes=\"auto, (max-width: 300px) 100vw, 300px\" \/><\/a><\/figure><\/div>\n\n\n\n<p>L&rsquo;aigle a symboliquement le r\u00f4le de guide, de protecteur qu&rsquo;il joue d&rsquo;ailleurs avec noblesse. Il a une force quasi invincible et la capacit\u00e9 \u00e0 \u00e9tendre son territoire, tout en ayant toujours l\u2019\u0153il. Il surveille en survolant avec fiert\u00e9 et domination son fief. Car l&rsquo;un des attributs de l&rsquo;aigle, qui fut parfois per\u00e7u comme l&rsquo;incarnation d&rsquo;un dieu, c&rsquo;est son \u0153il per\u00e7ant , capable de voir une proie minuscule rampant sur le sol et de fondre dessus avec une efficacit\u00e9 redoutable. Ce grand rapace \u00e0 l&rsquo;envergure souvent impressionnante qui \u00e9tait craint et v\u00e9n\u00e9r\u00e9 par nos anc\u00eatres et qu&rsquo;ils avaient assimil\u00e9 au soleil, \u00e0 la lumi\u00e8re source et puissance de vie symbolisme l&rsquo;orgueil, la domination et la supr\u00e9matie.<\/p>\n\n\n\n<h4 class=\"wp-block-heading\"><span style=\"color:#d7760e\" class=\"has-inline-color\">Signification<\/span><\/h4>\n\n\n\n<p>Lorsque votre pion se pose sur cette case, cela vous montre votre capacit\u00e9 ou la n\u00e9cessit\u00e9 dans laquelle vous vous trouvez de dominer la situation, de jouer un r\u00f4le protecteur ou de guide. Mais, elle peut aussi vous signifier une rencontre avec une personne pourvu de telles qualit\u00e9s, susceptible de vous soutenir ou de vous diriger. Enfin, elle peut aussi indiquer les risques d&rsquo;aveuglement dus aux exc\u00e8s d&rsquo;ambition. Le conseil est de toujours dominer et de garder un \u0153il per\u00e7ant sur votre situation et de continuer \u00e0 d\u00e9ployer vos ailes protectrices sur ceux que vous aimez.<\/p>\n\n\n\n<p class=\"has-small-font-size\"><span style=\"color:#d7760e\" class=\"has-inline-color\">Image par :<\/span> <a href=\"https:\/\/pixabay.com\/fr\/users\/kevinsphotos-3037209\/?utm_source=link-attribution&amp;utm_medium=referral&amp;utm_campaign=image&amp;utm_content=2247269\" target=\"_blank\" rel=\"noreferrer noopener\">Kevinsphotos<\/a> <span style=\"color:#d7760e\" class=\"has-inline-color\">de<\/span> <a href=\"https:\/\/pixabay.com\/fr\/\" target=\"_blank\" rel=\"noreferrer noopener\">Pixabay<\/a><\/p>\n\n\n\n<p class=\"has-small-font-size\"><span style=\"color:#d7760e\" class=\"has-inline-color\">Source :<\/span> <a rel=\"noreferrer noopener\" href=\"https:\/\/www.hachette-collections.com\/fr-fr\/?gclid=CjwKCAjw8J32BRBCEiwApQEKgdiFVIkH2wypRsYiCjhK4KTn5ifV_DR1FX_lAZt9mKdtG8ksfXzYzxoCfegQAvD_BwE\" target=\"_blank\">les arts divina<em>toires \u2013 Hachette Collection<\/em><\/a><\/p>\n","protected":false},"excerpt":{"rendered":"<p>L&rsquo;aigle L&rsquo;aigle a symboliquement le r\u00f4le de guide, de protecteur qu&rsquo;il joue d&rsquo;ailleurs avec noblesse. Il a une force quasi invincible et la capacit\u00e9 \u00e0 \u00e9tendre son territoire, tout en ayant toujours l\u2019\u0153il. Il surveille en survolant avec fiert\u00e9 et domination son fief. Car l&rsquo;un des attributs de l&rsquo;aigle, qui fut parfois per\u00e7u comme l&rsquo;incarnation [&hellip;]<\/p>\n","protected":false},"author":1,"featured_media":0,"parent":480,"menu_order":6,"comment_status":"closed","ping_status":"closed","template":"","meta":{"_eb_attr":"","footnotes":""},"class_list":["post-680","page","type-page","status-publish","hentry"],"_links":{"self":[{"href":"https:\/\/lerevedelouise.fr\/index.php\/wp-json\/wp\/v2\/pages\/680","targetHints":{"allow":["GET"]}}],"collection":[{"href":"https:\/\/lerevedelouise.fr\/index.php\/wp-json\/wp\/v2\/pages"}],"about":[{"href":"https:\/\/lerevedelouise.fr\/index.php\/wp-json\/wp\/v2\/types\/page"}],"author":[{"embeddable":true,"href":"https:\/\/lerevedelouise.fr\/index.php\/wp-json\/wp\/v2\/users\/1"}],"replies":[{"embeddable":true,"href":"https:\/\/lerevedelouise.fr\/index.php\/wp-json\/wp\/v2\/comments?post=680"}],"version-history":[{"count":9,"href":"https:\/\/lerevedelouise.fr\/index.php\/wp-json\/wp\/v2\/pages\/680\/revisions"}],"predecessor-version":[{"id":4275,"href":"https:\/\/lerevedelouise.fr\/index.php\/wp-json\/wp\/v2\/pages\/680\/revisions\/4275"}],"up":[{"embeddable":true,"href":"https:\/\/lerevedelouise.fr\/index.php\/wp-json\/wp\/v2\/pages\/480"}],"wp:attachment":[{"href":"https:\/\/lerevedelouise.fr\/index.php\/wp-json\/wp\/v2\/media?parent=680"}],"curies":[{"name":"wp","href":"https:\/\/api.w.org\/{rel}","templated":true}]}}