{"id":689,"date":"2020-05-25T01:24:33","date_gmt":"2020-05-24T23:24:33","guid":{"rendered":"https:\/\/lerevedelouise.fr\/?page_id=689"},"modified":"2024-02-05T16:06:18","modified_gmt":"2024-02-05T15:06:18","slug":"case-7","status":"publish","type":"page","link":"https:\/\/lerevedelouise.fr\/index.php\/case-0\/case-7\/","title":{"rendered":"Case 7"},"content":{"rendered":"<span class=\"span-reading-time rt-reading-time\" style=\"display: block;\"><span class=\"rt-label rt-prefix\">Temps de lecture\u00a0: <\/span> <span class=\"rt-time\"> 2<\/span> <span class=\"rt-label rt-postfix\">minutes<\/span><\/span>\n<h4 class=\"wp-block-heading\"><span style=\"color:#d7760e\" class=\"has-inline-color\">Le b\u0153uf et le b\u00e9lier<\/span><\/h4>\n\n\n\n<div class=\"wp-block-image\"><figure class=\"aligncenter size-medium\"><a href=\"https:\/\/lerevedelouise.fr\/wp-content\/uploads\/2020\/05\/boeuf-et-belier.jpg\"><img loading=\"lazy\" decoding=\"async\" width=\"300\" height=\"200\" src=\"https:\/\/lerevedelouise.fr\/wp-content\/uploads\/2020\/05\/boeuf-et-belier-300x200.jpg\" alt=\"\" class=\"wp-image-999\" srcset=\"https:\/\/lerevedelouise.fr\/wp-content\/uploads\/2020\/05\/boeuf-et-belier-300x200.jpg 300w, https:\/\/lerevedelouise.fr\/wp-content\/uploads\/2020\/05\/boeuf-et-belier-600x400.jpg 600w, https:\/\/lerevedelouise.fr\/wp-content\/uploads\/2020\/05\/boeuf-et-belier-1024x682.jpg 1024w, https:\/\/lerevedelouise.fr\/wp-content\/uploads\/2020\/05\/boeuf-et-belier-768x512.jpg 768w, https:\/\/lerevedelouise.fr\/wp-content\/uploads\/2020\/05\/boeuf-et-belier-272x182.jpg 272w, https:\/\/lerevedelouise.fr\/wp-content\/uploads\/2020\/05\/boeuf-et-belier.jpg 1280w\" sizes=\"auto, (max-width: 300px) 100vw, 300px\" \/><\/a><\/figure><\/div>\n\n\n\n<p>Il semble bien qu&rsquo;\u00e0 l&rsquo;origine, l&rsquo;image repr\u00e9sent\u00e9e ici \u00e9tait comme chacun sait, devint un symbole chr\u00e9tien d&rsquo;une grande importance. Car selon cette religion, le divin s&rsquo;est incarn\u00e9 dans un homme n\u00e9 dans les plus modestes conditions qui soient. Toutefois, dans l&rsquo;imagerie chr\u00e9tienne, nous avons affaire \u00e0 un b\u0153uf et un \u00e2ne, non \u00e0 un b\u00e9lier. En effet, le premier \u00e9tant signe de paix, le second symbole d&rsquo;humilit\u00e9, tandis que le b\u00e9lier est en analogie avec les forces cr\u00e9atrices de la nature et celles instinctives, sauvages, irr\u00e9pressibles, de l\u2019\u00eatre humain.<\/p>\n\n\n\n<h4 class=\"wp-block-heading\"><span style=\"color:#d7760e\" class=\"has-inline-color\">Signification<\/span><\/h4>\n\n\n\n<p>Lorsque vous arrivez sur cette case, elle vous indique que vous \u00eates vous-m\u00eame ou que vous avez dans votre entourage une personne au caract\u00e8re plut\u00f4t pacifique et plein de bonne volont\u00e9, mais qui n&rsquo;en est pas moins capable de flamb\u00e9es d&rsquo;enthousiasme ou de col\u00e8res. Ce sont deux tendances oppos\u00e9es, contradictoires, mais aussi compl\u00e9mentaires. D&rsquo;une part pacifique ou paisible comme le b\u0153uf, d&rsquo;autre part l&rsquo;aspect ardent et guerrier du b\u00e9lier. Le conseil c&rsquo;est que vous devez harmoniser au mieux ces deux caract\u00e9ristiques qui se combattent parfois en vous, pour \u00e9viter que cela ne vous d\u00e9stabilise.<\/p>\n\n\n\n<p class=\"has-small-font-size\"><span style=\"color:#d7760e\" class=\"has-inline-color\">Image par :<\/span> <a href=\"https:\/\/pixabay.com\/fr\/users\/victormacgill-13015249\/?utm_source=link-attribution&amp;utm_medium=referral&amp;utm_campaign=image&amp;utm_content=4562612\" target=\"_blank\" rel=\"noreferrer noopener\">Victor Ronald MacGill<\/a> <span style=\"color:#d7760e\" class=\"has-inline-color\">de<\/span> <a href=\"https:\/\/pixabay.com\/fr\/\" target=\"_blank\" rel=\"noreferrer noopener\">Pixabay<\/a><\/p>\n\n\n\n<p class=\"has-small-font-size\"><span style=\"color:#d7760e\" class=\"has-inline-color\">Source : <\/span><a rel=\"noreferrer noopener\" href=\"https:\/\/www.hachette-collections.com\/fr-fr\/?gclid=CjwKCAjw8J32BRBCEiwApQEKgdiFVIkH2wypRsYiCjhK4KTn5ifV_DR1FX_lAZt9mKdtG8ksfXzYzxoCfegQAvD_BwE\" target=\"_blank\">les arts divina<em>toires \u2013 Hachette Collection<\/em><\/a><\/p>\n","protected":false},"excerpt":{"rendered":"<p>Le b\u0153uf et le b\u00e9lier Il semble bien qu&rsquo;\u00e0 l&rsquo;origine, l&rsquo;image repr\u00e9sent\u00e9e ici \u00e9tait comme chacun sait, devint un symbole chr\u00e9tien d&rsquo;une grande importance. Car selon cette religion, le divin s&rsquo;est incarn\u00e9 dans un homme n\u00e9 dans les plus modestes conditions qui soient. Toutefois, dans l&rsquo;imagerie chr\u00e9tienne, nous avons affaire \u00e0 un b\u0153uf et un [&hellip;]<\/p>\n","protected":false},"author":1,"featured_media":0,"parent":480,"menu_order":7,"comment_status":"closed","ping_status":"closed","template":"","meta":{"_eb_attr":"","footnotes":""},"class_list":["post-689","page","type-page","status-publish","hentry"],"_links":{"self":[{"href":"https:\/\/lerevedelouise.fr\/index.php\/wp-json\/wp\/v2\/pages\/689","targetHints":{"allow":["GET"]}}],"collection":[{"href":"https:\/\/lerevedelouise.fr\/index.php\/wp-json\/wp\/v2\/pages"}],"about":[{"href":"https:\/\/lerevedelouise.fr\/index.php\/wp-json\/wp\/v2\/types\/page"}],"author":[{"embeddable":true,"href":"https:\/\/lerevedelouise.fr\/index.php\/wp-json\/wp\/v2\/users\/1"}],"replies":[{"embeddable":true,"href":"https:\/\/lerevedelouise.fr\/index.php\/wp-json\/wp\/v2\/comments?post=689"}],"version-history":[{"count":9,"href":"https:\/\/lerevedelouise.fr\/index.php\/wp-json\/wp\/v2\/pages\/689\/revisions"}],"predecessor-version":[{"id":4276,"href":"https:\/\/lerevedelouise.fr\/index.php\/wp-json\/wp\/v2\/pages\/689\/revisions\/4276"}],"up":[{"embeddable":true,"href":"https:\/\/lerevedelouise.fr\/index.php\/wp-json\/wp\/v2\/pages\/480"}],"wp:attachment":[{"href":"https:\/\/lerevedelouise.fr\/index.php\/wp-json\/wp\/v2\/media?parent=689"}],"curies":[{"name":"wp","href":"https:\/\/api.w.org\/{rel}","templated":true}]}}