{"id":6972,"date":"2022-04-30T16:53:21","date_gmt":"2022-04-30T14:53:21","guid":{"rendered":"https:\/\/lerevedelouise.fr\/?page_id=6972"},"modified":"2024-02-05T16:24:18","modified_gmt":"2024-02-05T15:24:18","slug":"case-52","status":"publish","type":"page","link":"https:\/\/lerevedelouise.fr\/index.php\/case-0\/case-52\/","title":{"rendered":"Case 52"},"content":{"rendered":"<span class=\"span-reading-time rt-reading-time\" style=\"display: block;\"><span class=\"rt-label rt-prefix\">Temps de lecture\u00a0: <\/span> <span class=\"rt-time\"> &lt;\u00a01<\/span> <span class=\"rt-label rt-postfix\">minute<\/span><\/span>\n<div class=\"wp-block-image is-style-default\"><figure class=\"aligncenter size-medium\"><a href=\"https:\/\/lerevedelouise.fr\/wp-content\/uploads\/2023\/04\/de.jpg\"><img loading=\"lazy\" decoding=\"async\" width=\"300\" height=\"169\" src=\"https:\/\/lerevedelouise.fr\/wp-content\/uploads\/2023\/04\/de-300x169.jpg\" alt=\"\" class=\"wp-image-7812\" srcset=\"https:\/\/lerevedelouise.fr\/wp-content\/uploads\/2023\/04\/de-300x169.jpg 300w, https:\/\/lerevedelouise.fr\/wp-content\/uploads\/2023\/04\/de-1024x576.jpg 1024w, https:\/\/lerevedelouise.fr\/wp-content\/uploads\/2023\/04\/de-768x432.jpg 768w, https:\/\/lerevedelouise.fr\/wp-content\/uploads\/2023\/04\/de.jpg 1280w\" sizes=\"auto, (max-width: 300px) 100vw, 300px\" \/><\/a><\/figure><\/div>\n\n\n\n<h2 class=\"has-text-color wp-block-heading\" style=\"color:#d7760e\">Les d\u00e9s<\/h2>\n\n\n\n<p>Les d\u00e9s sont associ\u00e9s \u00e0 la chance, mais de quelle chance s&rsquo;agit-il ? Au moyen \u00c2ge, chance se disait \u00ab\u00a0ch\u00e9ance\u00a0\u00bb. Ce terme d\u00e9signait la mani\u00e8re dont tombaient les d\u00e9s. Son contraire se disait \u00ab\u00a0malch\u00e9ance\u00a0\u00bb. Ainsi, selon les circonstances dans lesquelles certains ph\u00e9nom\u00e8nes de la nature se manifestent ou tombent ensemble, \u00e0 l&rsquo;instant o\u00f9 nous l&rsquo;observons, ils ont une signification particuli\u00e8re qui annonce une chance ou une malchance.<\/p>\n\n\n\n<h2 class=\"has-text-color wp-block-heading\" style=\"color:#d7760e\">Signification<\/h2>\n\n\n\n<p>Toutefois, si votre pion se pose sur cette case, c&rsquo;est une seconde chance qui vous est accord\u00e9e. Ainsi, si vous \u00eates confront\u00e9 \u00e0 une situation probl\u00e9matique ou si vous aviez entrepris une action qui n&rsquo;avait pas abouti par le pass\u00e9, vous pouvez consid\u00e9rer qu&rsquo;une seconde chance vous est donn\u00e9e \u00e0 ce sujet. Vous pouvez donc agir encore une fois.<\/p>\n\n\n\n<p class=\"has-text-color has-small-font-size\" style=\"color:#d7760e\">Images de <a href=\"https:\/\/pixabay.com\/fr\/users\/peter-lomas-5966639\/?utm_source=link-attribution&amp;utm_medium=referral&amp;utm_campaign=image&amp;utm_content=3095227\" target=\"_blank\" rel=\"noopener\" title=\"\">Peter-Lomas<\/a> de <a href=\"https:\/\/pixabay.com\/fr\/\" target=\"_blank\" rel=\"noopener\" title=\"\">Pixabay<\/a><\/p>\n\n\n\n<p class=\"has-text-color has-small-font-size\" style=\"color:#d7760e\">Source : <a href=\"https:\/\/www.hachette-collections.com\/fr-fr\/?gclid=CjwKCAjw8J32BRBCEiwApQEKgdiFVIkH2wypRsYiCjhK4KTn5ifV_DR1FX_lAZt9mKdtG8ksfXzYzxoCfegQAvD_BwE\" target=\"_blank\" rel=\"noreferrer noopener\">les arts divina<em>toires \u2013 Hachette Collection<\/em><\/a><\/p>\n\n\n\n<p class=\"has-text-color\" style=\"color:#d7760e\"> <\/p>\n","protected":false},"excerpt":{"rendered":"<p>Les d\u00e9s Les d\u00e9s sont associ\u00e9s \u00e0 la chance, mais de quelle chance s&rsquo;agit-il ? Au moyen \u00c2ge, chance se disait \u00ab\u00a0ch\u00e9ance\u00a0\u00bb. Ce terme d\u00e9signait la mani\u00e8re dont tombaient les d\u00e9s. Son contraire se disait \u00ab\u00a0malch\u00e9ance\u00a0\u00bb. Ainsi, selon les circonstances dans lesquelles certains ph\u00e9nom\u00e8nes de la nature se manifestent ou tombent ensemble, \u00e0 l&rsquo;instant o\u00f9 [&hellip;]<\/p>\n","protected":false},"author":1,"featured_media":0,"parent":480,"menu_order":52,"comment_status":"closed","ping_status":"closed","template":"","meta":{"_eb_attr":"","footnotes":""},"class_list":["post-6972","page","type-page","status-publish","hentry"],"_links":{"self":[{"href":"https:\/\/lerevedelouise.fr\/index.php\/wp-json\/wp\/v2\/pages\/6972","targetHints":{"allow":["GET"]}}],"collection":[{"href":"https:\/\/lerevedelouise.fr\/index.php\/wp-json\/wp\/v2\/pages"}],"about":[{"href":"https:\/\/lerevedelouise.fr\/index.php\/wp-json\/wp\/v2\/types\/page"}],"author":[{"embeddable":true,"href":"https:\/\/lerevedelouise.fr\/index.php\/wp-json\/wp\/v2\/users\/1"}],"replies":[{"embeddable":true,"href":"https:\/\/lerevedelouise.fr\/index.php\/wp-json\/wp\/v2\/comments?post=6972"}],"version-history":[{"count":4,"href":"https:\/\/lerevedelouise.fr\/index.php\/wp-json\/wp\/v2\/pages\/6972\/revisions"}],"predecessor-version":[{"id":7816,"href":"https:\/\/lerevedelouise.fr\/index.php\/wp-json\/wp\/v2\/pages\/6972\/revisions\/7816"}],"up":[{"embeddable":true,"href":"https:\/\/lerevedelouise.fr\/index.php\/wp-json\/wp\/v2\/pages\/480"}],"wp:attachment":[{"href":"https:\/\/lerevedelouise.fr\/index.php\/wp-json\/wp\/v2\/media?parent=6972"}],"curies":[{"name":"wp","href":"https:\/\/api.w.org\/{rel}","templated":true}]}}