{"id":706,"date":"2020-05-26T00:07:07","date_gmt":"2020-05-25T22:07:07","guid":{"rendered":"https:\/\/lerevedelouise.fr\/?page_id=706"},"modified":"2026-02-22T19:36:34","modified_gmt":"2026-02-22T18:36:34","slug":"laccident-de-la-rue-voltaire","status":"publish","type":"page","link":"https:\/\/lerevedelouise.fr\/index.php\/mon-journal\/laccident-de-la-rue-voltaire\/","title":{"rendered":"L&rsquo;accident de la rue Voltaire"},"content":{"rendered":"<span class=\"span-reading-time rt-reading-time\" style=\"display: block;\"><span class=\"rt-label rt-prefix\">Temps de lecture\u00a0: <\/span> <span class=\"rt-time\"> 3<\/span> <span class=\"rt-label rt-postfix\">minutes<\/span><\/span>\n<h2 class=\"wp-block-heading has-text-color\" style=\"color:#aa94d1\">Mes pr\u00e9monitions :<\/h2>\n\n\n\n<p class=\"has-text-color\" style=\"color:#aa94d1\">__________<\/p>\n\n\n<div class=\"wp-block-image is-resized is-style-rounded\">\n<figure class=\"alignright size-medium\"><a href=\"https:\/\/lerevedelouise.fr\/wp-content\/uploads\/2025\/09\/Louise-1-5.jpg\"><img loading=\"lazy\" decoding=\"async\" width=\"300\" height=\"300\" src=\"https:\/\/lerevedelouise.fr\/wp-content\/uploads\/2025\/09\/Louise-1-5-300x300.jpg\" alt=\"\" class=\"wp-image-11865\" srcset=\"https:\/\/lerevedelouise.fr\/wp-content\/uploads\/2025\/09\/Louise-1-5-300x300.jpg 300w, https:\/\/lerevedelouise.fr\/wp-content\/uploads\/2025\/09\/Louise-1-5-150x150.jpg 150w, https:\/\/lerevedelouise.fr\/wp-content\/uploads\/2025\/09\/Louise-1-5-768x768.jpg 768w, https:\/\/lerevedelouise.fr\/wp-content\/uploads\/2025\/09\/Louise-1-5-80x80.jpg 80w, https:\/\/lerevedelouise.fr\/wp-content\/uploads\/2025\/09\/Louise-1-5.jpg 1024w\" sizes=\"auto, (max-width: 300px) 100vw, 300px\" \/><\/a><\/figure>\n<\/div>\n\n\n<p class=\"has-medium-font-size\"><em><span style=\"color:#9392c7\" class=\"has-inline-color\"><strong>A<\/strong>ujourd\u2019hui il m\u2019est arriv\u00e9e quelque chose de bizarre, je fl\u00e2nais comme \u00e0 mon habitude dans mon magasin de v\u00eatements favoris et j\u2019h\u00e9sitais entre ce petit haut bleu turquoise ou ce chemisier \u00e0 rayures rouge et blanche. Quand soudain mon regard se posa sur une personne qui me tournait le dos et l\u00e0 j\u2019ai eu le flash d\u2019un accident de voiture, la vision \u00e9tait tr\u00e8s forte et je me mis \u00e0 trembler.<\/span><\/em><\/p>\n\n\n\n<p class=\"has-medium-font-size\"><em><span style=\"color:#9392c7\" class=\"has-inline-color\">Tant pis si cette personne allait me prendre pour une folle.<\/span><\/em><\/p>\n\n\n\n<p class=\"has-medium-font-size\"><em><span style=\"color:#9392c7\" class=\"has-inline-color\">Je lui dis en souriant et lui prenant les mains, pour ne pas trop l&rsquo;affol\u00e9e  \u201cfaites attention \u00e0 vous si vous prenez le volant\u201d.<\/span><\/em><\/p>\n\n\n\n<p class=\"has-medium-font-size\"><em><mark style=\"background-color:rgba(0, 0, 0, 0);color:#9392c7\" class=\"has-inline-color\">Soudain, son sourire se figea, elle me regarda avec des yeux \u00e9carquill\u00e9s et s\u2019\u00e9carta de moi sans un mot. Je n\u2019aurai peut-\u00eatre pas d\u00fb intervenir de cette fa\u00e7on mais c\u2019est mon c\u00f4t\u00e9 naturel, impr\u00e9visible. Pour ma part je me sentais soulag\u00e9e de l\u2019avoir pr\u00e9venue.<\/mark><\/em><\/p>\n\n\n\n<p class=\"has-medium-font-size\"><em><span style=\"color:#9392c7\" class=\"has-inline-color\"><strong>D<\/strong>ebout de bonne heure et toujours hant\u00e9e par la vision de la veille, je me d\u00e9p\u00eachais pour aller acheter le journal. Mon c\u0153ur fit un bon dans ma poitrine un article relatais un accident qui avait eu lieu la veille en fin d\u2019apr\u00e8s midi, deux femmes avaient \u00e9t\u00e9 transport\u00e9es \u00e0 l\u2019h\u00f4pital mais leur vie n\u2019\u00e9tait pas en danger. Je me posais la question de savoir si c\u2019\u00e9tait la personne que j\u2019avais interpell\u00e9e la veille dans le magasin ? Ma curiosit\u00e9 me poussa \u00e0 me rendre \u00e0 l\u2019h\u00f4pital, il fallait que je sache.<\/span><\/em><\/p>\n\n\n\n<p class=\"has-medium-font-size\"><mark style=\"background-color:rgba(0, 0, 0, 0);color:#9392c7\" class=\"has-inline-color\">En arrivant dans le couloir qui menait \u00e0 leurs chambres, je croisais la femme du magasin, elle me regarda avec \u00e9tonnement, me pris dans ses bras en pleurant et me remercia de l\u2019avoir pr\u00e9venue. Si je n\u2019avais pas os\u00e9e l\u2019aborder elle serait mont\u00e9e \u00e0 l\u2019avant c\u00f4t\u00e9 passager et vu l\u2019\u00e9tat de la voiture cet accident aurait pu lui co\u00fbter la vie. Elle avait pr\u00e9venu ses amies, mais celles-ci en avaient bien rigol\u00e9 \u201cje reprends ma voiture, tu ne vas quand m\u00eame pas croire cette folle\u201d ? Elle m\u2019expliqua qu\u2019elle s\u2019\u00e9tait retrouv\u00e9e \u00e0 ce moment l\u00e0 dans une situation de choix et que quelque chose l\u2019avait pouss\u00e9 \u00e0 rentrer en bus.<\/mark><\/p>\n\n\n\n<p class=\"has-medium-font-size\"><mark style=\"background-color:rgba(0, 0, 0, 0);color:#9392c7\" class=\"has-inline-color\">En rentrant chez moi j\u2019ai eu un sentiment de bien \u00eatre mais \u00e0 la fois aussi d\u2019angoisse, mes visions me faisaient peur et pourtant ce message a certainement sauv\u00e9 la vie de cette femme. Comment est-ce possible ? Je ne peux pas dire que j\u2019ai \u00e9t\u00e9 influenc\u00e9e par quelque chose la concernant, elle \u00e9tait \u00e9trang\u00e8re \u00e0 ma vie.<\/mark><\/p>\n\n\n\n<p class=\"has-text-color\" style=\"color:#aa94d1\">__________<\/p>\n\n\n\n<figure class=\"wp-block-image size-medium\"><a href=\"https:\/\/lerevedelouise.fr\/wp-content\/uploads\/2025\/09\/la-voiture-rouge.jpg\"><img loading=\"lazy\" decoding=\"async\" width=\"300\" height=\"300\" src=\"https:\/\/lerevedelouise.fr\/wp-content\/uploads\/2025\/09\/la-voiture-rouge-300x300.jpg\" alt=\"\" class=\"wp-image-11731\" srcset=\"https:\/\/lerevedelouise.fr\/wp-content\/uploads\/2025\/09\/la-voiture-rouge-300x300.jpg 300w, https:\/\/lerevedelouise.fr\/wp-content\/uploads\/2025\/09\/la-voiture-rouge-150x150.jpg 150w, https:\/\/lerevedelouise.fr\/wp-content\/uploads\/2025\/09\/la-voiture-rouge-768x768.jpg 768w, https:\/\/lerevedelouise.fr\/wp-content\/uploads\/2025\/09\/la-voiture-rouge-80x80.jpg 80w, https:\/\/lerevedelouise.fr\/wp-content\/uploads\/2025\/09\/la-voiture-rouge.jpg 1024w\" sizes=\"auto, (max-width: 300px) 100vw, 300px\" \/><\/a><\/figure>\n\n\n\n<p class=\"has-small-font-size\">La pr\u00e9monition en dessin de Manu<\/p>\n\n\n\n<p class=\"has-text-color\" style=\"color:#aa94d1\">__________<\/p>\n\n\n\n<p class=\"has-text-color has-link-color has-small-font-size wp-elements-2472781a7aba4fec510229cdcf83998e\" style=\"color:#d7760e\">Auteur : Pascale &#8211; Design : Bruno<br>Tous les textes, les illustrations de Louise sont la propri\u00e9t\u00e9 exclusive de Pascale LEBEUR<br><strong><mark style=\"background-color:rgba(0, 0, 0, 0)\" class=\"has-inline-color has-luminous-vivid-amber-color\">\u00a9 2020-2026 Le r\u00eave de Louise<\/mark><\/strong><\/p>\n","protected":false},"excerpt":{"rendered":"<p>Mes pr\u00e9monitions : __________ Aujourd\u2019hui il m\u2019est arriv\u00e9e quelque chose de bizarre, je fl\u00e2nais comme \u00e0 mon habitude dans mon magasin de v\u00eatements favoris et j\u2019h\u00e9sitais entre ce petit haut bleu turquoise ou ce chemisier \u00e0 rayures rouge et blanche. Quand soudain mon regard se posa sur une personne qui me tournait le dos et [&hellip;]<\/p>\n","protected":false},"author":1,"featured_media":0,"parent":1703,"menu_order":0,"comment_status":"closed","ping_status":"closed","template":"","meta":{"_eb_attr":"","footnotes":""},"class_list":["post-706","page","type-page","status-publish","hentry"],"_links":{"self":[{"href":"https:\/\/lerevedelouise.fr\/index.php\/wp-json\/wp\/v2\/pages\/706","targetHints":{"allow":["GET"]}}],"collection":[{"href":"https:\/\/lerevedelouise.fr\/index.php\/wp-json\/wp\/v2\/pages"}],"about":[{"href":"https:\/\/lerevedelouise.fr\/index.php\/wp-json\/wp\/v2\/types\/page"}],"author":[{"embeddable":true,"href":"https:\/\/lerevedelouise.fr\/index.php\/wp-json\/wp\/v2\/users\/1"}],"replies":[{"embeddable":true,"href":"https:\/\/lerevedelouise.fr\/index.php\/wp-json\/wp\/v2\/comments?post=706"}],"version-history":[{"count":38,"href":"https:\/\/lerevedelouise.fr\/index.php\/wp-json\/wp\/v2\/pages\/706\/revisions"}],"predecessor-version":[{"id":12659,"href":"https:\/\/lerevedelouise.fr\/index.php\/wp-json\/wp\/v2\/pages\/706\/revisions\/12659"}],"up":[{"embeddable":true,"href":"https:\/\/lerevedelouise.fr\/index.php\/wp-json\/wp\/v2\/pages\/1703"}],"wp:attachment":[{"href":"https:\/\/lerevedelouise.fr\/index.php\/wp-json\/wp\/v2\/media?parent=706"}],"curies":[{"name":"wp","href":"https:\/\/api.w.org\/{rel}","templated":true}]}}