{"id":7121,"date":"2022-05-24T15:42:51","date_gmt":"2022-05-24T13:42:51","guid":{"rendered":"https:\/\/lerevedelouise.fr\/?page_id=7121"},"modified":"2024-08-30T16:03:23","modified_gmt":"2024-08-30T14:03:23","slug":"le-signe-des-gemeaux","status":"publish","type":"page","link":"https:\/\/lerevedelouise.fr\/index.php\/le-signe-du-belier\/le-signe-des-gemeaux\/","title":{"rendered":"Le signe des G\u00e9meaux"},"content":{"rendered":"<span class=\"span-reading-time rt-reading-time\" style=\"display: block;\"><span class=\"rt-label rt-prefix\">Temps de lecture\u00a0: <\/span> <span class=\"rt-time\"> 2<\/span> <span class=\"rt-label rt-postfix\">minutes<\/span><\/span>\n<h2 class=\"wp-block-heading has-text-color\" id=\"le-gemeaux-une-energie-sociable-et-communicative\" style=\"color:#d7760e\">Les G\u00e9meaux une \u00e9nergie sociable et communicative<\/h2>\n\n\n\n<div class=\"wp-block-columns is-layout-flex wp-container-core-columns-is-layout-9d6595d7 wp-block-columns-is-layout-flex\">\n<div class=\"wp-block-column is-layout-flow wp-block-column-is-layout-flow\" style=\"flex-basis:33.33%\">\n<figure class=\"wp-block-image size-large is-style-default\"><a href=\"https:\/\/lerevedelouise.fr\/wp-content\/uploads\/2022\/02\/gemeaux-zodiaque-3.jpg\"><img loading=\"lazy\" decoding=\"async\" width=\"1024\" height=\"1024\" src=\"https:\/\/lerevedelouise.fr\/wp-content\/uploads\/2022\/02\/gemeaux-zodiaque-3-1024x1024.jpg\" alt=\"\" class=\"wp-image-4138\" srcset=\"https:\/\/lerevedelouise.fr\/wp-content\/uploads\/2022\/02\/gemeaux-zodiaque-3-1024x1024.jpg 1024w, https:\/\/lerevedelouise.fr\/wp-content\/uploads\/2022\/02\/gemeaux-zodiaque-3-100x100.jpg 100w, https:\/\/lerevedelouise.fr\/wp-content\/uploads\/2022\/02\/gemeaux-zodiaque-3-600x600.jpg 600w, https:\/\/lerevedelouise.fr\/wp-content\/uploads\/2022\/02\/gemeaux-zodiaque-3-300x300.jpg 300w, https:\/\/lerevedelouise.fr\/wp-content\/uploads\/2022\/02\/gemeaux-zodiaque-3-150x150.jpg 150w, https:\/\/lerevedelouise.fr\/wp-content\/uploads\/2022\/02\/gemeaux-zodiaque-3-768x768.jpg 768w, https:\/\/lerevedelouise.fr\/wp-content\/uploads\/2022\/02\/gemeaux-zodiaque-3-80x80.jpg 80w, https:\/\/lerevedelouise.fr\/wp-content\/uploads\/2022\/02\/gemeaux-zodiaque-3.jpg 1280w\" sizes=\"auto, (max-width: 1024px) 100vw, 1024px\" \/><\/a><\/figure>\n\n\n\n<p><mark style=\"background-color:rgba(0, 0, 0, 0)\" class=\"has-inline-color has-luminous-vivid-amber-color\">Mots cl\u00e9s :<\/mark> Mobilit\u00e9, pens\u00e9e, communication, inconstance, curiosit\u00e9, conviction.<\/p>\n\n\n\n<p><mark style=\"background-color:rgba(0, 0, 0, 0)\" class=\"has-inline-color has-luminous-vivid-amber-color\">Signe compl\u00e9mentaire : <\/mark>G\u00e9meaux\/Sagittaire<\/p>\n<\/div>\n\n\n\n<div class=\"wp-block-column is-layout-flow wp-block-column-is-layout-flow\" style=\"flex-basis:66.66%\">\n<p><mark style=\"background-color:rgba(0, 0, 0, 0)\" class=\"has-inline-color has-luminous-vivid-amber-color\">Les G\u00e9meaux<\/mark> est le troisi\u00e8me signe du zodiaque du 21 mai au 20 juin, sa saison le printemps, c\u2019est un signe masculin mutable, son \u00e9l\u00e9ment l\u2019Air, gouvern\u00e9 par Mercure, sa couleur gris, bleu turquoise, sa pierre l&rsquo;agate<\/p>\n\n\n\n<p><mark style=\"background-color:rgba(0, 0, 0, 0)\" class=\"has-inline-color has-luminous-vivid-amber-color\">La symbolique de votre signe :<\/mark> les deux personnages repr\u00e9sentent le symbole g\u00e9n\u00e9ral de la dualit\u00e9 dans la ressemblance et jusque m\u00eame dans l\u2019identit\u00e9. Mais, c\u2019est aussi l\u2019image de toutes les oppositions int\u00e9rieures et ext\u00e9rieures.<\/p>\n\n\n\n<p><mark style=\"background-color:rgba(0, 0, 0, 0)\" class=\"has-inline-color has-luminous-vivid-amber-color\">Vos traits de caract\u00e8re : <\/mark>vous \u00eates un bout en train sociable, charmeur, agr\u00e9able, l\u00e9ger, amusant et spirituel. Vous \u00eates un nerveux et un \u00e9motif soumis \u00e0 une agitation mentale qui stimule votre curiosit\u00e9 et votre intelligence. Vous multipliez vos talents et vos comp\u00e9tences, mais attention \u00e0 ne pas trop survoler les choses. En amour vous \u00eates un vrai romantique qui r\u00eave de l\u2019amour fou.<\/p>\n\n\n\n<p>Vous avez besoin du regard des autres pour savoir qui vous \u00eates, ce qui favorise la recherche de votre identit\u00e9. Votre esprit ouvert, votre sens de l\u2019humour facilite l\u2019\u00e9locution, car vous \u00eates un grand bavard et vous maniez les mots avec brio. Mais parfois vous pouvez avoir une tendance \u00e0 l\u2019affabulation. Vous avez beaucoup d\u2019amis et votre compagnie plaisante est recherch\u00e9e.<\/p>\n<\/div>\n<\/div>\n\n\n\n<h2 class=\"wp-block-heading has-text-color\" id=\"les-decans-dans-votre-signe\" style=\"color:#d7760e\">Les d\u00e9cans dans votre signe<\/h2>\n\n\n\n<div class=\"wp-block-columns is-layout-flex wp-container-core-columns-is-layout-9d6595d7 wp-block-columns-is-layout-flex\">\n<div class=\"wp-block-column is-layout-flow wp-block-column-is-layout-flow\">\n<p>De 60 \u00e0 70\u00b0-1er d\u00e9can-du 21 au 31 mai<\/p>\n\n\n\n<h5 class=\"wp-block-heading has-text-color\" id=\"lintuition\" style=\"color:#d7760e\">L\u2019intuition<\/h5>\n\n\n\n<p>Le ma\u00eetre de ce d\u00e9can est Neptune. Votre d\u00e9can est celui de la stimulation de l\u2019intelligence. Votre esprit devient alors intuitif, imaginatif, inspir\u00e9. Vos id\u00e9es sont \u00e9lev\u00e9es, le sens critique se r\u00e9v\u00e8le d\u2019une grande finesse. La r\u00e9ceptivit\u00e9 mentale est accrue. Le pouvoir de d\u00e9duction les sp\u00e9culations intellectuelles, le go\u00fbt pour les arts sont toujours pr\u00e9sents.<\/p>\n<\/div>\n\n\n\n<div class=\"wp-block-column is-layout-flow wp-block-column-is-layout-flow\">\n<p>De 70 \u00e0 80\u00b0-2\u00e8me d\u00e9can-du 1 au 10 juin<\/p>\n\n\n\n<h5 class=\"wp-block-heading has-text-color\" id=\"lidealisme\" style=\"color:#d7760e\">L\u2019id\u00e9alisme<\/h5>\n\n\n\n<p>Le ma\u00eetre de ce d\u00e9can est Mars. Votre d\u00e9can est celui de l\u2019activation de l\u2019intelligence. Votre esprit devient alors plus agressif, vous aspirez \u00e0 concr\u00e9tiser rapidement vos id\u00e9es. Vous poss\u00e9dez souvent un sens critique aigu, des convictions id\u00e9alistes, non conformistes, pour lesquelles vous militez et se bat.<\/p>\n<\/div>\n\n\n\n<div class=\"wp-block-column is-layout-flow wp-block-column-is-layout-flow\">\n<p>De 80 \u00e0 90\u00b0-3\u00e8me d\u00e9can-du 11 au 20 juin<\/p>\n\n\n\n<h5 class=\"wp-block-heading has-text-color\" id=\"le-discernement\" style=\"color:#d7760e\">Le discernement<\/h5>\n\n\n\n<p>Le ma\u00eetre de ce d\u00e9can est Soleil. Votre d\u00e9can est celui de la lucidit\u00e9 de l&rsquo;intelligence. Dans un premier temps, votre esprit devient limpide et clairvoyant. Dans un deuxi\u00e8me temps votre esprit peut s&rsquo;estomper au profit d&rsquo;une volont\u00e9 forte qui peut \u00eatre \u00e9gocentrique et narcissique.<\/p>\n<\/div>\n<\/div>\n\n\n\n<p class=\"has-text-color has-small-font-size\" style=\"color:#d7760e\">Image par <a href=\"https:\/\/pixabay.com\/fr\/users\/thedigitalartist-202249\/\" target=\"_blank\" rel=\"noreferrer noopener\">TheDigitalArtis<\/a> de <a href=\"https:\/\/www.google.com\/search?channel=trow5&amp;client=firefox-b-d&amp;q=pixabay\" target=\"_blank\" rel=\"noreferrer noopener\">Pixabay<\/a><\/p>\n","protected":false},"excerpt":{"rendered":"<p>Les G\u00e9meaux une \u00e9nergie sociable et communicative Mots cl\u00e9s : Mobilit\u00e9, pens\u00e9e, communication, inconstance, curiosit\u00e9, conviction. Signe compl\u00e9mentaire : G\u00e9meaux\/Sagittaire Les G\u00e9meaux est le troisi\u00e8me signe du zodiaque du 21 mai au 20 juin, sa saison le printemps, c\u2019est un signe masculin mutable, son \u00e9l\u00e9ment l\u2019Air, gouvern\u00e9 par Mercure, sa couleur gris, bleu turquoise, sa [&hellip;]<\/p>\n","protected":false},"author":1,"featured_media":0,"parent":3297,"menu_order":2,"comment_status":"closed","ping_status":"closed","template":"","meta":{"_eb_attr":"","footnotes":""},"class_list":["post-7121","page","type-page","status-publish","hentry"],"_links":{"self":[{"href":"https:\/\/lerevedelouise.fr\/index.php\/wp-json\/wp\/v2\/pages\/7121","targetHints":{"allow":["GET"]}}],"collection":[{"href":"https:\/\/lerevedelouise.fr\/index.php\/wp-json\/wp\/v2\/pages"}],"about":[{"href":"https:\/\/lerevedelouise.fr\/index.php\/wp-json\/wp\/v2\/types\/page"}],"author":[{"embeddable":true,"href":"https:\/\/lerevedelouise.fr\/index.php\/wp-json\/wp\/v2\/users\/1"}],"replies":[{"embeddable":true,"href":"https:\/\/lerevedelouise.fr\/index.php\/wp-json\/wp\/v2\/comments?post=7121"}],"version-history":[{"count":15,"href":"https:\/\/lerevedelouise.fr\/index.php\/wp-json\/wp\/v2\/pages\/7121\/revisions"}],"predecessor-version":[{"id":10191,"href":"https:\/\/lerevedelouise.fr\/index.php\/wp-json\/wp\/v2\/pages\/7121\/revisions\/10191"}],"up":[{"embeddable":true,"href":"https:\/\/lerevedelouise.fr\/index.php\/wp-json\/wp\/v2\/pages\/3297"}],"wp:attachment":[{"href":"https:\/\/lerevedelouise.fr\/index.php\/wp-json\/wp\/v2\/media?parent=7121"}],"curies":[{"name":"wp","href":"https:\/\/api.w.org\/{rel}","templated":true}]}}