{"id":7131,"date":"2022-05-24T18:54:51","date_gmt":"2022-05-24T16:54:51","guid":{"rendered":"https:\/\/lerevedelouise.fr\/?page_id=7131"},"modified":"2024-02-05T16:26:09","modified_gmt":"2024-02-05T15:26:09","slug":"case-53","status":"publish","type":"page","link":"https:\/\/lerevedelouise.fr\/index.php\/case-0\/case-53\/","title":{"rendered":"Case 53"},"content":{"rendered":"<span class=\"span-reading-time rt-reading-time\" style=\"display: block;\"><span class=\"rt-label rt-prefix\">Temps de lecture\u00a0: <\/span> <span class=\"rt-time\"> &lt;\u00a01<\/span> <span class=\"rt-label rt-postfix\">minute<\/span><\/span>\n<div class=\"wp-block-image is-style-default\"><figure class=\"aligncenter size-medium\"><a href=\"https:\/\/lerevedelouise.fr\/wp-content\/uploads\/2022\/05\/arc-en-ciel.jpg\"><img loading=\"lazy\" decoding=\"async\" width=\"300\" height=\"200\" src=\"https:\/\/lerevedelouise.fr\/wp-content\/uploads\/2022\/05\/arc-en-ciel-300x200.jpg\" alt=\"\" class=\"wp-image-7132\" srcset=\"https:\/\/lerevedelouise.fr\/wp-content\/uploads\/2022\/05\/arc-en-ciel-300x200.jpg 300w, https:\/\/lerevedelouise.fr\/wp-content\/uploads\/2022\/05\/arc-en-ciel-600x400.jpg 600w, https:\/\/lerevedelouise.fr\/wp-content\/uploads\/2022\/05\/arc-en-ciel-1024x682.jpg 1024w, https:\/\/lerevedelouise.fr\/wp-content\/uploads\/2022\/05\/arc-en-ciel-768x512.jpg 768w, https:\/\/lerevedelouise.fr\/wp-content\/uploads\/2022\/05\/arc-en-ciel-272x182.jpg 272w, https:\/\/lerevedelouise.fr\/wp-content\/uploads\/2022\/05\/arc-en-ciel.jpg 1280w\" sizes=\"auto, (max-width: 300px) 100vw, 300px\" \/><\/a><\/figure><\/div>\n\n\n\n<h2 class=\"has-text-color wp-block-heading\" style=\"color:#d7760e\">L&rsquo;arc-en-ciel<\/h2>\n\n\n\n<p>Ce symbole poss\u00e8de des significations en analogie avec celles du pont (case 24) et de l&rsquo;\u00e9chelle (case 46). Cependant, ici l&rsquo;accent est surtout mis sur l&rsquo;alliance, l&rsquo;union, un lien profond qui peut s&rsquo;\u00e9tablir entre deux personnes ou au plus profond de soi et qui est indispensable pour \u00eatre en accord avec l&rsquo;autre ou avec soi et trouver une certaine harmonie relationnelle avec un \u00eatre en particulier ou avec soi-m\u00eame.<\/p>\n\n\n\n<h2 class=\"has-text-color wp-block-heading\" style=\"color:#d7760e\">Signification<\/h2>\n\n\n\n<p>Si votre pion se pose sur cette case, elle peut \u00eatre interpr\u00e9t\u00e9e sous deux angles distincts qui ne sont pas incompatibles et parfois m\u00eame ne sont pas s\u00e9par\u00e9s. Le premier indique tout simplement une alliance ou une union, d&rsquo;ordre affectif le plus souvent entre deux \u00eatres qui poss\u00e8dent certaines affinit\u00e9s ou ont toutes les qualit\u00e9s requises pour s&rsquo;entendre, se comprendre, s&rsquo;associer, s&rsquo;unir. Le second r\u00e9v\u00e8le une n\u00e9cessaire r\u00e9conciliation avec soi-m\u00eame, qui est non seulement possible mais m\u00eame n\u00e9cessaire, vitale. Cette case vous encourage alors \u00e0 vivre en paix avec vous-m\u00eame, \u00e0 trouver une certaine s\u00e9r\u00e9nit\u00e9 int\u00e9rieure. Car sans accord avec soi, on ne peut s&rsquo;allier durablement avec quiconque dans sa vie. <\/p>\n\n\n\n<p class=\"has-text-color has-small-font-size\" style=\"color:#d7760e\">Image par : <a href=\"https:\/\/pixabay.com\/fr\/users\/fietzfotos-6795508\/\" title=\"fietzfotos\" target=\"_blank\" rel=\"noopener\">fietzfotos<\/a> de <a href=\"https:\/\/pixabay.com\/fr\/\" target=\"_blank\" rel=\"noreferrer noopener\">Pixabay<\/a><\/p>\n\n\n\n<p class=\"has-text-color has-small-font-size\" style=\"color:#d7760e\">Source : <a href=\"https:\/\/www.hachette-collections.com\/fr-fr\/?gclid=CjwKCAjw8J32BRBCEiwApQEKgdiFVIkH2wypRsYiCjhK4KTn5ifV_DR1FX_lAZt9mKdtG8ksfXzYzxoCfegQAvD_BwE\" target=\"_blank\" rel=\"noreferrer noopener\">les arts divina<em>toires \u2013 Hachette Collection<\/em><\/a><\/p>\n","protected":false},"excerpt":{"rendered":"<p>L&rsquo;arc-en-ciel Ce symbole poss\u00e8de des significations en analogie avec celles du pont (case 24) et de l&rsquo;\u00e9chelle (case 46). Cependant, ici l&rsquo;accent est surtout mis sur l&rsquo;alliance, l&rsquo;union, un lien profond qui peut s&rsquo;\u00e9tablir entre deux personnes ou au plus profond de soi et qui est indispensable pour \u00eatre en accord avec l&rsquo;autre ou avec [&hellip;]<\/p>\n","protected":false},"author":1,"featured_media":0,"parent":480,"menu_order":53,"comment_status":"closed","ping_status":"closed","template":"","meta":{"_eb_attr":"","footnotes":""},"class_list":["post-7131","page","type-page","status-publish","hentry"],"_links":{"self":[{"href":"https:\/\/lerevedelouise.fr\/index.php\/wp-json\/wp\/v2\/pages\/7131","targetHints":{"allow":["GET"]}}],"collection":[{"href":"https:\/\/lerevedelouise.fr\/index.php\/wp-json\/wp\/v2\/pages"}],"about":[{"href":"https:\/\/lerevedelouise.fr\/index.php\/wp-json\/wp\/v2\/types\/page"}],"author":[{"embeddable":true,"href":"https:\/\/lerevedelouise.fr\/index.php\/wp-json\/wp\/v2\/users\/1"}],"replies":[{"embeddable":true,"href":"https:\/\/lerevedelouise.fr\/index.php\/wp-json\/wp\/v2\/comments?post=7131"}],"version-history":[{"count":2,"href":"https:\/\/lerevedelouise.fr\/index.php\/wp-json\/wp\/v2\/pages\/7131\/revisions"}],"predecessor-version":[{"id":7139,"href":"https:\/\/lerevedelouise.fr\/index.php\/wp-json\/wp\/v2\/pages\/7131\/revisions\/7139"}],"up":[{"embeddable":true,"href":"https:\/\/lerevedelouise.fr\/index.php\/wp-json\/wp\/v2\/pages\/480"}],"wp:attachment":[{"href":"https:\/\/lerevedelouise.fr\/index.php\/wp-json\/wp\/v2\/media?parent=7131"}],"curies":[{"name":"wp","href":"https:\/\/api.w.org\/{rel}","templated":true}]}}