{"id":7141,"date":"2023-01-25T13:45:54","date_gmt":"2023-01-25T12:45:54","guid":{"rendered":"https:\/\/lerevedelouise.fr\/?page_id=7141"},"modified":"2024-02-05T16:26:21","modified_gmt":"2024-02-05T15:26:21","slug":"case-54","status":"publish","type":"page","link":"https:\/\/lerevedelouise.fr\/index.php\/case-0\/case-54\/","title":{"rendered":"Case 54"},"content":{"rendered":"<span class=\"span-reading-time rt-reading-time\" style=\"display: block;\"><span class=\"rt-label rt-prefix\">Temps de lecture\u00a0: <\/span> <span class=\"rt-time\"> 2<\/span> <span class=\"rt-label rt-postfix\">minutes<\/span><\/span>\n<div class=\"wp-block-image is-style-default\"><figure class=\"aligncenter size-medium\"><a href=\"https:\/\/lerevedelouise.fr\/wp-content\/uploads\/2023\/01\/sixieme-oie.jpg\"><img loading=\"lazy\" decoding=\"async\" width=\"300\" height=\"180\" src=\"https:\/\/lerevedelouise.fr\/wp-content\/uploads\/2023\/01\/sixieme-oie-300x180.jpg\" alt=\"\" class=\"wp-image-7555\" srcset=\"https:\/\/lerevedelouise.fr\/wp-content\/uploads\/2023\/01\/sixieme-oie-300x180.jpg 300w, https:\/\/lerevedelouise.fr\/wp-content\/uploads\/2023\/01\/sixieme-oie-600x360.jpg 600w, https:\/\/lerevedelouise.fr\/wp-content\/uploads\/2023\/01\/sixieme-oie-1024x614.jpg 1024w, https:\/\/lerevedelouise.fr\/wp-content\/uploads\/2023\/01\/sixieme-oie-768x461.jpg 768w, https:\/\/lerevedelouise.fr\/wp-content\/uploads\/2023\/01\/sixieme-oie.jpg 1280w\" sizes=\"auto, (max-width: 300px) 100vw, 300px\" \/><\/a><\/figure><\/div>\n\n\n\n<h4 class=\"has-text-color wp-block-heading\" style=\"color:#d7760e\">La sixi\u00e8me Oie<\/h4>\n\n\n\n<p>La sixi\u00e8me Oie vous invite \u00e0 aller encore plus loin dans votre progression sur le chemin de la vie et de votre accomplissement. Elle vous signifie que, en ce qui vous concerne, rien n&rsquo;est encore acquis ou achev\u00e9 et que le meilleur ou le pire peuvent toujours se produire. Cela d\u00e9pend de la sagesse que vous avez acquise, des enseignements que vous avez tir\u00e9s de vos propres exp\u00e9riences et de vos actes. Les cases du septi\u00e8me cycle sont autant de pi\u00e8ges qui vous sont tendus par la vie, dont certains, comme vous le verrez sont des pi\u00e8ges dor\u00e9s. Mais les pi\u00e8ges sont pos\u00e9s sur votre route pour vous \u00e9prouver, non pour vous faire chuter.<\/p>\n\n\n\n<h4 class=\"has-text-color wp-block-heading\" style=\"color:#d7760e\">Signification<\/h4>\n\n\n\n<p>Vous n&rsquo;\u00eates donc pas au bout de vos joies ni de vos peines. C&rsquo;est ce que vous indique la sixi\u00e8me Oie. D\u00e9sormais, ayant acquis une certaine exp\u00e9rience de la vie, vous pouvez poursuivre votre chemin en exploitant \u00e0 bon escient votre libre arbitre et en devenant ainsi ma\u00eetre de votre destin. Or vous ne pouvez le faire que si vous avez appris en chemin justement \u00e0 ne plus \u00eatre dupe de vous-m\u00eame.<\/p>\n\n\n\n<p class=\"has-text-color has-small-font-size\" style=\"color:#d7760e\">Image de <a href=\"https:\/\/pixabay.com\/fr\/users\/suju-foto-165106\/?utm_source=link-attribution&amp;utm_medium=referral&amp;utm_campaign=image&amp;utm_content=4032126\" target=\"_blank\" rel=\"noopener\" title=\"suju-foto\">suju-foto<\/a> par <a href=\"https:\/\/pixabay.com\/fr\/\" target=\"_blank\" rel=\"noopener\" title=\"Pixabay\">Pixabay<\/a><\/p>\n\n\n\n<p class=\"has-text-color has-small-font-size\" style=\"color:#d7760e\">Source : <a href=\"https:\/\/www.hachette-collections.com\/fr-fr\/?gclid=CjwKCAjw8J32BRBCEiwApQEKgdiFVIkH2wypRsYiCjhK4KTn5ifV_DR1FX_lAZt9mKdtG8ksfXzYzxoCfegQAvD_BwE\" target=\"_blank\" rel=\"noreferrer noopener\">les arts divina<em>toires \u2013 Hachette Collection<\/em><\/a><\/p>\n","protected":false},"excerpt":{"rendered":"<p>La sixi\u00e8me Oie La sixi\u00e8me Oie vous invite \u00e0 aller encore plus loin dans votre progression sur le chemin de la vie et de votre accomplissement. Elle vous signifie que, en ce qui vous concerne, rien n&rsquo;est encore acquis ou achev\u00e9 et que le meilleur ou le pire peuvent toujours se produire. Cela d\u00e9pend de [&hellip;]<\/p>\n","protected":false},"author":1,"featured_media":0,"parent":480,"menu_order":54,"comment_status":"closed","ping_status":"closed","template":"","meta":{"_eb_attr":"","footnotes":""},"class_list":["post-7141","page","type-page","status-publish","hentry"],"_links":{"self":[{"href":"https:\/\/lerevedelouise.fr\/index.php\/wp-json\/wp\/v2\/pages\/7141","targetHints":{"allow":["GET"]}}],"collection":[{"href":"https:\/\/lerevedelouise.fr\/index.php\/wp-json\/wp\/v2\/pages"}],"about":[{"href":"https:\/\/lerevedelouise.fr\/index.php\/wp-json\/wp\/v2\/types\/page"}],"author":[{"embeddable":true,"href":"https:\/\/lerevedelouise.fr\/index.php\/wp-json\/wp\/v2\/users\/1"}],"replies":[{"embeddable":true,"href":"https:\/\/lerevedelouise.fr\/index.php\/wp-json\/wp\/v2\/comments?post=7141"}],"version-history":[{"count":9,"href":"https:\/\/lerevedelouise.fr\/index.php\/wp-json\/wp\/v2\/pages\/7141\/revisions"}],"predecessor-version":[{"id":7558,"href":"https:\/\/lerevedelouise.fr\/index.php\/wp-json\/wp\/v2\/pages\/7141\/revisions\/7558"}],"up":[{"embeddable":true,"href":"https:\/\/lerevedelouise.fr\/index.php\/wp-json\/wp\/v2\/pages\/480"}],"wp:attachment":[{"href":"https:\/\/lerevedelouise.fr\/index.php\/wp-json\/wp\/v2\/media?parent=7141"}],"curies":[{"name":"wp","href":"https:\/\/api.w.org\/{rel}","templated":true}]}}