{"id":717,"date":"2020-05-26T14:00:09","date_gmt":"2020-05-26T12:00:09","guid":{"rendered":"https:\/\/lerevedelouise.fr\/?page_id=717"},"modified":"2026-02-22T19:44:00","modified_gmt":"2026-02-22T18:44:00","slug":"larrivee-de-mistigri","status":"publish","type":"page","link":"https:\/\/lerevedelouise.fr\/index.php\/mon-journal\/larrivee-de-mistigri\/","title":{"rendered":"L&rsquo;arriv\u00e9e de Mistigri"},"content":{"rendered":"<span class=\"span-reading-time rt-reading-time\" style=\"display: block;\"><span class=\"rt-label rt-prefix\">Temps de lecture\u00a0: <\/span> <span class=\"rt-time\"> 5<\/span> <span class=\"rt-label rt-postfix\">minutes<\/span><\/span>\n<h2 class=\"wp-block-heading has-text-color\" style=\"color:#aa94d1\">Mes animaux pr\u00e9destin\u00e9s :<\/h2>\n\n\n\n<p class=\"has-text-color\" style=\"color:#aa94d1\">__________<\/p>\n\n\n<div class=\"wp-block-image is-style-rounded\">\n<figure class=\"alignright size-medium\"><a href=\"https:\/\/lerevedelouise.fr\/wp-content\/uploads\/2025\/09\/Louise-1-6.jpg\"><img loading=\"lazy\" decoding=\"async\" width=\"300\" height=\"300\" src=\"https:\/\/lerevedelouise.fr\/wp-content\/uploads\/2025\/09\/Louise-1-6-300x300.jpg\" alt=\"\" class=\"wp-image-11867\" srcset=\"https:\/\/lerevedelouise.fr\/wp-content\/uploads\/2025\/09\/Louise-1-6-300x300.jpg 300w, https:\/\/lerevedelouise.fr\/wp-content\/uploads\/2025\/09\/Louise-1-6-150x150.jpg 150w, https:\/\/lerevedelouise.fr\/wp-content\/uploads\/2025\/09\/Louise-1-6-768x768.jpg 768w, https:\/\/lerevedelouise.fr\/wp-content\/uploads\/2025\/09\/Louise-1-6-80x80.jpg 80w, https:\/\/lerevedelouise.fr\/wp-content\/uploads\/2025\/09\/Louise-1-6.jpg 1024w\" sizes=\"auto, (max-width: 300px) 100vw, 300px\" \/><\/a><\/figure>\n<\/div>\n\n\n<p class=\"has-medium-font-size\"><em><span style=\"color:#9392c7\" class=\"has-inline-color\"><strong>H<\/strong>ier soir je n\u2019arrivais pas \u00e0 trouver le sommeil, au lieu de tourner et retourner dans mon lit, je me suis lev\u00e9e pour me faire une infusion de camomille. Mais rien n\u2019y faisait, alors je pris la d\u00e9cision d\u2019aller faire un petit tour dehors, le parc de ma r\u00e9sidence est s\u00e9curis\u00e9 et j\u2019adore cet endroit, le soir je le trouve magique.<\/span><\/em><\/p>\n\n\n\n<p class=\"has-medium-font-size\"><em><mark style=\"background-color:rgba(0, 0, 0, 0);color:#9392c7\" class=\"has-inline-color\">Je me promenais tranquillement le nez en l\u2019air pour apercevoir les \u00e9toiles et pourquoi pas en cette belle nuit du mois de mai en apercevoir une filante pour faire un v\u0153u. Soudain j\u2019entendis des miaulements plaintifs qui venaient du bosquet d\u2019en face, je m\u2019avan\u00e7ais \u00e0 petit pas et l\u00e0 deux yeux bien ronds et brillants me fixaient. C\u2019\u00e9tait un chat, il se leva doucement et fr\u00f4la mes jambes tout en miaulant, je me penchais pour le caresser, il ne se sauva pas, puis il m\u2019embo\u00eeta le pas.<\/mark><\/em><\/p>\n\n\n\n<p class=\"has-medium-font-size\"><em><mark style=\"background-color:rgba(0, 0, 0, 0);color:#9392c7\" class=\"has-inline-color\">\u00ab&nbsp;Qu\u2019est ce que tu veux le Chat&nbsp;?&nbsp;Tu as faim\u00a0\u00bb&nbsp;?<\/mark><\/em><\/p>\n\n\n\n<p class=\"has-medium-font-size\"><em><span style=\"color:#9392c7\" class=\"has-inline-color\">J\u2019ouvris la porte du hall, il s\u2019engouffra rapidement et continua \u00e0 me suivre jusqu\u2019\u00e0 mon appartement. Je lui fis une caresse et ferma la porte. Tr\u00e8s vite les miaulements se firent entendre, comment r\u00e9sister \u00e0 cette boule de poil adorable. J\u2019entrouvris la porte et il rentra prudemment en reniflant. Quand brusquement il se figea, dos rond et poils dress\u00e9s et se mit \u00e0 courir dans tous les sens, puis il s\u2019arr\u00eata net en crachant devant je ne sais quoi. Un froid glacial me traversa le corps et l\u00e0 je compris qu\u2019il avait fait la connaissance de Gaston.<\/span><\/em><\/p>\n\n\n\n<p class=\"has-medium-font-size\"><em><span style=\"color:#9392c7\" class=\"has-inline-color\">\u00ab&nbsp;H\u00e9 oui le Chat c\u2019est Gaston il est farceur mais pas m\u00e9chant. Tu viens j\u2019ai encore un peu de p\u00e2tes aux gruy\u00e8res et du jambon. \u00bb<\/span><\/em><\/p>\n\n\n\n<p class=\"has-medium-font-size\"><em><mark style=\"background-color:rgba(0, 0, 0, 0);color:#9392c7\" class=\"has-inline-color\">Je le regardais manger, c\u2019\u00e9tait un magnifique tigr\u00e9 \u00e0 poils longs. Il \u00e9tait affam\u00e9 et ne devait pas \u00eatre un chat errant. Demain je partirai \u00e0 la recherche de ses ma\u00eetres. Je me dis que ce chat avait cette facult\u00e9 comme beaucoup de ses cong\u00e9n\u00e8res \u00e0 ressentir les entit\u00e9s. Les chats doivent comprendre que je suis m\u00e9dium, car depuis toute petite ils sont venus \u00e0 moi, certains sont rest\u00e9s, d\u2019autres sont repartis tr\u00e8s vite, mais aucun n\u2019est venu dans ma vie par hasard.<\/mark><\/em><\/p>\n\n\n\n<p class=\"has-medium-font-size\"><mark style=\"background-color:rgba(0, 0, 0, 0);color:#9392c7\" class=\"has-inline-color\"><em><strong>L<\/strong>e lendemain matin je me r\u00e9veillais au son des ronrons, j\u2019adorai ce bruit cela m\u2019apaisait. Je le regardais attendri il \u00e9tait vraiment magnifique.<\/em> <em>Dans le couloir la veille je lui avais am\u00e9nag\u00e9 un petit coin rien que pour lui, j\u2019ai toujours de la r\u00e9serve pour les chats au cas o\u00f9. Je le caressais doucement tout en lui parlant.<\/em><\/mark><\/p>\n\n\n\n<p class=\"has-medium-font-size\"><em><span style=\"color:#9392c7\" class=\"has-inline-color\">\u201cCe matin je vais partir \u00e0 la recherche de tes ma\u00eetres, mais avant je vais me prendre un petit d\u00e9jeun\u00e9 royal c\u2019est dimanche. Si tu aimes tu pourras avoir un petit bout de<\/span> <\/em><span style=\"color:#9392c7\" class=\"has-inline-color\"><em>brioche.<\/em>\u201d<\/span><\/p>\n\n\n\n<p class=\"has-medium-font-size\"><mark style=\"background-color:rgba(0, 0, 0, 0);color:#9392c7\" class=\"has-inline-color\"><em>J\u2019adore cette complicit\u00e9 que j\u2019ai avec les chats. J\u2019avais l\u2019impression qu\u2019il comprenait tout ce que je lui disais. Apr\u00e8s avoir fl\u00e2n\u00e9 un peu je me d\u00e9cidai enfin \u00e0 faire ma petite enqu\u00eate. Je rencontrai \u00e0 mon avantage la plus grande pipelette du quartier Mme Richer.<\/em> <em>Je lui expliquai que j\u2019avais trouv\u00e9 un m<\/em><\/mark><em><mark style=\"background-color:rgba(0, 0, 0, 0);color:#9392c7\" class=\"has-inline-color\">agnifique chat tigr\u00e9 la nuit derni\u00e8re et l\u00e0 sans m\u00eame que je finisse ma phrase, elle me dit :<\/mark><\/em><\/p>\n\n\n\n<p class=\"has-medium-font-size\"><em><span style=\"color:#9392c7\" class=\"has-inline-color\">\u201cOh mais c\u2019est le chat de la pauvre Mme Marmeaux\u201d<\/span><\/em><\/p>\n\n\n\n<p class=\"has-medium-font-size\"><mark style=\"background-color:rgba(0, 0, 0, 0);color:#9392c7\" class=\"has-inline-color\"><em>Et j\u2019appris donc que cette dame venait de d\u00e9c\u00e9d\u00e9e et qu\u2019elle n\u2019avait qu\u2019une ni\u00e8ce pour toute famille. Je demandais l\u2019adresse et m\u2019y rendis sur le champ. Une jeune femme m\u2019ouvrit la porte et je lui expliquais la raison de ma venue.<\/em> <em>Elle me fit entrer et je d\u00e9couvris un int\u00e9rieur douillet o\u00f9 il fait bon vivre, je ressentais un apaisement, une pr\u00e9sence bienveillante.<\/em><\/mark><\/p>\n\n\n\n<p class=\"has-medium-font-size\"><em><span style=\"color:#9392c7\" class=\"has-inline-color\">\u201cMerci de m\u2019accueillir c\u2019est une jolie maison, votre tante devait \u00eatre douce et aimante\u201d.<\/span><\/em><\/p>\n\n\n\n<p class=\"has-medium-font-size\"><em><span style=\"color:#9392c7\" class=\"has-inline-color\">Elle me regarda les yeux remplis de larmes et me dit :<\/span><\/em><\/p>\n\n\n\n<p class=\"has-medium-font-size\"><em><span style=\"color:#9392c7\" class=\"has-inline-color\">\u201cOui je n\u2019avais plus qu\u2019elle comme famille, elle \u00e9tait adorable, malheureusement je ne pourrai pas garder Mistigri, mon fils est allergique au poil de chat. J\u2019\u00e9tais d\u2019ailleurs tr\u00e8s inqui\u00e8te de sa disparition et j\u2019allai justement d\u00e8s demain le signaler un peu partout\u201d.<\/span><\/em><\/p>\n\n\n\n<p class=\"has-medium-font-size\"><em><span style=\"color:#9392c7\" class=\"has-inline-color\">Je lui racontais qu\u2019il m\u2019avait adopt\u00e9 autant que je l\u2019avais adopt\u00e9 et si elle le d\u00e9sirait je pouvais le prendre en charge.<\/span><\/em><\/p>\n\n\n\n<p class=\"has-medium-font-size\"><em><span style=\"color:#9392c7\" class=\"has-inline-color\">\u201cOh ma<\/span><\/em><span style=\"color:#9392c7\" class=\"has-inline-color\"><em>i<\/em>s <em>c\u2019est la providence\u201d me r\u00e9pondi<\/em><\/span><em><span style=\"color:#9392c7\" class=\"has-inline-color\">t-elle avec un larg<\/span><\/em><span style=\"color:#9392c7\" class=\"has-inline-color\"><em>e sourire.<\/em> <em>\u201cMa tante veill<\/em>e<em> sur lui\u201d.<\/em><\/span><\/p>\n\n\n\n<p class=\"has-medium-font-size\"><em><span style=\"color:#9392c7\" class=\"has-inline-color\">Apr\u00e8s cet \u00e9change tr\u00e8s chaleureux, elle me rassembla toutes les affaires de Mistigri et convenu d\u2019un rendez-vous d\u00e8s le lendemain pour faire le changement de propri\u00e9taire aupr\u00e8s du v\u00e9t\u00e9rinaire. Elle \u00e9tait tr\u00e8s attach\u00e9e \u00e0 Mistigri et je lui proposais de venir le voir dans son nouvel environnement.<\/span><\/em><\/p>\n\n\n\n<p class=\"has-medium-font-size\"><em><span style=\"color:#9392c7\" class=\"has-inline-color\">De retour \u00e0 mon appartement il \u00e9tait l\u00e0 et m\u2019entendait tout en miaulant. Je me disais en installant son arbre \u00e0 chat, son panier, ses jouets, sa liti\u00e8re, qu\u2019il avait toute la panoplie qu\u2019un chat puisse r\u00eaver. Sans parler de sa petite armoire \u00e0 nourriture et \u00e0 toilette. Un chat roi, voil\u00e0 ce qu\u2019\u00e9tait Mistigri.<\/span><\/em><\/p>\n\n\n\n<p class=\"has-medium-font-size\"><em><span style=\"color:#9392c7\" class=\"has-inline-color\">\u201cDis donc tu as une vie de ch\u00e2teau, comme je suis gaga ici tu auras la m\u00eame avec en prime un fant\u00f4me \u00e0 supporter\u201d. Il h\u00e9rissa ses poils je savais qu\u2019il avait compris, nous allions former lui et moi une belle \u00e9quipe de choc.<\/span><\/em><\/p>\n\n\n\n<p class=\"has-medium-font-size\"><mark style=\"background-color:rgba(0, 0, 0, 0);color:#9392c7\" class=\"has-inline-color\"><em>\u201cGaston finit la tranquillit\u00e9, je te pr\u00e9sente Mistigri, j\u2019esp\u00e8re que vous allez devenir bon ami\u201d. Un froid glacial me traversa le corps Mistigri cracha<\/em> <em>de toutes ses forces, ce n\u2019est pas gagn\u00e9 me dis-je en \u00e9clatant de rire<\/em>.<\/mark><\/p>\n\n\n\n<p class=\"has-text-color\" style=\"color:#aa94d1\">__________<\/p>\n\n\n\n<figure class=\"wp-block-image size-medium\"><a href=\"https:\/\/lerevedelouise.fr\/wp-content\/uploads\/2025\/09\/mistigri.jpg\"><img loading=\"lazy\" decoding=\"async\" width=\"300\" height=\"300\" src=\"https:\/\/lerevedelouise.fr\/wp-content\/uploads\/2025\/09\/mistigri-300x300.jpg\" alt=\"\" class=\"wp-image-11742\" srcset=\"https:\/\/lerevedelouise.fr\/wp-content\/uploads\/2025\/09\/mistigri-300x300.jpg 300w, https:\/\/lerevedelouise.fr\/wp-content\/uploads\/2025\/09\/mistigri-150x150.jpg 150w, https:\/\/lerevedelouise.fr\/wp-content\/uploads\/2025\/09\/mistigri-768x768.jpg 768w, https:\/\/lerevedelouise.fr\/wp-content\/uploads\/2025\/09\/mistigri-80x80.jpg 80w, https:\/\/lerevedelouise.fr\/wp-content\/uploads\/2025\/09\/mistigri.jpg 1024w\" sizes=\"auto, (max-width: 300px) 100vw, 300px\" \/><\/a><\/figure>\n\n\n\n<p class=\"has-small-font-size\">Un dessin pr\u00e9monitoire de Mistigri par Manu<\/p>\n\n\n\n<p class=\"has-text-color\" style=\"color:#aa94d1\">__________<\/p>\n\n\n\n<p class=\"has-text-color has-link-color has-small-font-size wp-elements-897d111eebf79b40b244996ab2b6c772\" style=\"color:#d7760e\">Auteur : Pascale &#8211; Design : Bruno<br>Tous les textes, les illustrations et dessins du journal de Louise, de Louise et Mistigri sont la propri\u00e9t\u00e9 exclusive de Pascale LEBEUR<br><strong><mark style=\"background-color:rgba(0, 0, 0, 0)\" class=\"has-inline-color has-luminous-vivid-amber-color\">\u00a9 2020-2026 Le r\u00eave de Louise<\/mark><\/strong><\/p>\n","protected":false},"excerpt":{"rendered":"<p>Mes animaux pr\u00e9destin\u00e9s : __________ Hier soir je n\u2019arrivais pas \u00e0 trouver le sommeil, au lieu de tourner et retourner dans mon lit, je me suis lev\u00e9e pour me faire une infusion de camomille. Mais rien n\u2019y faisait, alors je pris la d\u00e9cision d\u2019aller faire un petit tour dehors, le parc de ma r\u00e9sidence est [&hellip;]<\/p>\n","protected":false},"author":1,"featured_media":0,"parent":1703,"menu_order":0,"comment_status":"closed","ping_status":"closed","template":"","meta":{"_eb_attr":"","footnotes":""},"class_list":["post-717","page","type-page","status-publish","hentry"],"_links":{"self":[{"href":"https:\/\/lerevedelouise.fr\/index.php\/wp-json\/wp\/v2\/pages\/717","targetHints":{"allow":["GET"]}}],"collection":[{"href":"https:\/\/lerevedelouise.fr\/index.php\/wp-json\/wp\/v2\/pages"}],"about":[{"href":"https:\/\/lerevedelouise.fr\/index.php\/wp-json\/wp\/v2\/types\/page"}],"author":[{"embeddable":true,"href":"https:\/\/lerevedelouise.fr\/index.php\/wp-json\/wp\/v2\/users\/1"}],"replies":[{"embeddable":true,"href":"https:\/\/lerevedelouise.fr\/index.php\/wp-json\/wp\/v2\/comments?post=717"}],"version-history":[{"count":36,"href":"https:\/\/lerevedelouise.fr\/index.php\/wp-json\/wp\/v2\/pages\/717\/revisions"}],"predecessor-version":[{"id":12664,"href":"https:\/\/lerevedelouise.fr\/index.php\/wp-json\/wp\/v2\/pages\/717\/revisions\/12664"}],"up":[{"embeddable":true,"href":"https:\/\/lerevedelouise.fr\/index.php\/wp-json\/wp\/v2\/pages\/1703"}],"wp:attachment":[{"href":"https:\/\/lerevedelouise.fr\/index.php\/wp-json\/wp\/v2\/media?parent=717"}],"curies":[{"name":"wp","href":"https:\/\/api.w.org\/{rel}","templated":true}]}}