{"id":7401,"date":"2022-09-28T17:06:02","date_gmt":"2022-09-28T15:06:02","guid":{"rendered":"https:\/\/lerevedelouise.fr\/?page_id=7401"},"modified":"2025-10-24T11:52:52","modified_gmt":"2025-10-24T09:52:52","slug":"le-signe-de-la-balance","status":"publish","type":"page","link":"https:\/\/lerevedelouise.fr\/index.php\/le-signe-du-belier\/le-signe-de-la-balance\/","title":{"rendered":"Le signe de la Balance"},"content":{"rendered":"<span class=\"span-reading-time rt-reading-time\" style=\"display: block;\"><span class=\"rt-label rt-prefix\">Temps de lecture\u00a0: <\/span> <span class=\"rt-time\"> 2<\/span> <span class=\"rt-label rt-postfix\">minutes<\/span><\/span>\n<h2 class=\"wp-block-heading has-text-color\" style=\"color:#d7760e\">Une \u00e9nergie juste et harmonieuse<\/h2>\n\n\n\n<div class=\"wp-block-columns is-layout-flex wp-container-core-columns-is-layout-9d6595d7 wp-block-columns-is-layout-flex\">\n<div class=\"wp-block-column is-layout-flow wp-block-column-is-layout-flow\" style=\"flex-basis:33.33%\">\n<figure class=\"wp-block-image size-large is-style-default\"><a href=\"https:\/\/lerevedelouise.fr\/wp-content\/uploads\/2022\/02\/balance-zodiaque-7.jpg\"><img loading=\"lazy\" decoding=\"async\" width=\"1024\" height=\"1024\" src=\"https:\/\/lerevedelouise.fr\/wp-content\/uploads\/2022\/02\/balance-zodiaque-7-1024x1024.jpg\" alt=\"\" class=\"wp-image-4133\" srcset=\"https:\/\/lerevedelouise.fr\/wp-content\/uploads\/2022\/02\/balance-zodiaque-7-1024x1024.jpg 1024w, https:\/\/lerevedelouise.fr\/wp-content\/uploads\/2022\/02\/balance-zodiaque-7-100x100.jpg 100w, https:\/\/lerevedelouise.fr\/wp-content\/uploads\/2022\/02\/balance-zodiaque-7-600x600.jpg 600w, https:\/\/lerevedelouise.fr\/wp-content\/uploads\/2022\/02\/balance-zodiaque-7-300x300.jpg 300w, https:\/\/lerevedelouise.fr\/wp-content\/uploads\/2022\/02\/balance-zodiaque-7-150x150.jpg 150w, https:\/\/lerevedelouise.fr\/wp-content\/uploads\/2022\/02\/balance-zodiaque-7-768x768.jpg 768w, https:\/\/lerevedelouise.fr\/wp-content\/uploads\/2022\/02\/balance-zodiaque-7-80x80.jpg 80w, https:\/\/lerevedelouise.fr\/wp-content\/uploads\/2022\/02\/balance-zodiaque-7.jpg 1280w\" sizes=\"auto, (max-width: 1024px) 100vw, 1024px\" \/><\/a><\/figure>\n\n\n\n<p><mark style=\"background-color:rgba(0, 0, 0, 0)\" class=\"has-inline-color has-luminous-vivid-amber-color\">Mots cl\u00e9s :<\/mark> justice, harmonie, \u00e9quilibre, s\u00e9duction, esth\u00e9tisme, conventionnel.<\/p>\n\n\n\n<p><mark style=\"background-color:rgba(0, 0, 0, 0)\" class=\"has-inline-color has-luminous-vivid-amber-color\">Signe compl\u00e9mentaire : <\/mark>Balance\/B\u00e9lier<\/p>\n<\/div>\n\n\n\n<div class=\"wp-block-column is-layout-flow wp-block-column-is-layout-flow\" style=\"flex-basis:66.66%\">\n<p><mark style=\"background-color:rgba(0, 0, 0, 0)\" class=\"has-inline-color has-luminous-vivid-amber-color\">La Balance<\/mark> est le septi\u00e8me signe du zodiaque du 23 septembre au 22 octobre, sa saison l&rsquo;automne, c&rsquo;est un signe cardinal masculin, son \u00e9l\u00e9ment l&rsquo;Air, gouvern\u00e9 par V\u00e9nus, sa couleur bleu, vert et rose, sa pierre le saphir.<\/p>\n\n\n\n<p><mark style=\"background-color:rgba(0, 0, 0, 0)\" class=\"has-inline-color has-luminous-vivid-amber-color\">La symbolique de votre signe<\/mark> <mark style=\"background-color:rgba(0, 0, 0, 0)\" class=\"has-inline-color has-luminous-vivid-amber-color\">: <\/mark>il constitue le symbole le plus ancien de la fonction de juger, c&rsquo;est le signe de l&rsquo;\u00e9quit\u00e9. Dans la mythologie antique, La balance servait pour peser les \u00e2mes des d\u00e9funts pour d\u00e9terminer la valeur d&rsquo;un individu.<\/p>\n\n\n\n<p><mark style=\"background-color:rgba(0, 0, 0, 0)\" class=\"has-inline-color has-luminous-vivid-amber-color\">Vos traits de caract\u00e8re : <\/mark>vous avez un bel \u00e9quilibre et vous avez une juste mesure en toute chose. Vous aimez l&rsquo;esth\u00e9tique, le raffin\u00e9, vous avez de l&rsquo;\u00e9l\u00e9gance, de la gr\u00e2ce et des dons pour la danse. Vous \u00eates dot\u00e9s d&rsquo;une grande sociabilit\u00e9, car vous d\u00e9testez la solitude et pour vous le besoin d&rsquo;\u00eatre aim\u00e9 est important. <\/p>\n\n\n\n<p>Vous faites toujours le tour de la question avant de vous d\u00e9cider, car trancher vous pose souvent des probl\u00e8mes, vous \u00eates pointilleux. De plus vous faites beaucoup d&rsquo;effort pour atteindre la perfection attention de ne pas perdre votre authenticit\u00e9. Vous aspirez \u00e0 une harmonie relationnelle, car vous \u00eates d&rsquo;une nature gentille et vous avez de l&rsquo;altruisme et le sens du contact.<\/p>\n\n\n\n<p><\/p>\n<\/div>\n<\/div>\n\n\n\n<h2 class=\"wp-block-heading has-text-color\" style=\"color:#d7760e\">Les d\u00e9cans dans votre signe<\/h2>\n\n\n\n<div class=\"wp-block-columns is-layout-flex wp-container-core-columns-is-layout-9d6595d7 wp-block-columns-is-layout-flex\">\n<div class=\"wp-block-column is-layout-flow wp-block-column-is-layout-flow\">\n<p>De 180\u00b0 \u00e0 190\u00b0-1er d\u00e9can du 23 septembre au 2 octobre<\/p>\n\n\n\n<h5 class=\"wp-block-heading has-text-color\" style=\"color:#d7760e\">Sociabilit\u00e9<\/h5>\n\n\n\n<p>Le ma\u00eetre de ce d\u00e9can est la Lune. Votre d\u00e9can est celui de la sociabilit\u00e9, vous recherchez une harmonie relationnelle et un extr\u00eame raffinement. Vous avez besoin d&rsquo;union, d&rsquo;un \u00e9quilibre affectif, de perfectionnisme, et de sociabilit\u00e9 naturelle. Votre attachement aux valeurs formelles sont ici pr\u00e9pond\u00e9rants. <\/p>\n\n\n\n<p><\/p>\n\n\n\n<p><\/p>\n\n\n\n<p><\/p>\n<\/div>\n\n\n\n<div class=\"wp-block-column is-layout-flow wp-block-column-is-layout-flow\">\n<p>De 190\u00b0 \u00e0 200\u00b0-2\u00e8me d\u00e9can du 3 au 13 octobre<\/p>\n\n\n\n<h5 class=\"wp-block-heading has-text-color\" style=\"color:#d7760e\">Libre arbitre<\/h5>\n\n\n\n<p>Le ma\u00eetre de ce d\u00e9can est Saturne. Votre d\u00e9can est celui du libre arbitre, vous concentrez et focalisez toutes les qualit\u00e9s inh\u00e9rentes dans un but unique, celui de trouver un juste milieu pour parvenir \u00e0 un \u00e9quilibre parfait et immuable. La notion de choix devient essentielle, vitale, incontournable. Elle souligne le r\u00f4le que va jouer votre libre arbitre dans votre vie. <\/p>\n<\/div>\n\n\n\n<div class=\"wp-block-column is-layout-flow wp-block-column-is-layout-flow\">\n<p>De 200\u00b0 \u00e0 210\u00b0 du 14 au 22 octobre<\/p>\n\n\n\n<h5 class=\"wp-block-heading has-text-color\" style=\"color:#d7760e\">Justice<\/h5>\n\n\n\n<p>Le ma\u00eetre de ce d\u00e9can est Jupiter. Votre d\u00e9can est celui de la justice, vos qualit\u00e9s propres sont la joie de vivre et l&rsquo;\u00e9panouissement, cela stimule votre g\u00e9n\u00e9rosit\u00e9, votre indulgence, votre sens du compromis et de la justice. Votre recherche des valeurs \u00e9thiques et esth\u00e9tiques sont omnipr\u00e9sentes. Votre bonheur et votre \u00e9quilibre en d\u00e9pendent.<\/p>\n<\/div>\n<\/div>\n\n\n\n<p class=\"has-text-color has-small-font-size\" style=\"color:#d7760e\">Image par <a href=\"https:\/\/pixabay.com\/fr\/users\/thedigitalartist-202249\/\" target=\"_blank\" rel=\"noreferrer noopener\">TheDigitalArtis<\/a> de <a href=\"https:\/\/www.google.com\/search?channel=trow5&amp;client=firefox-b-d&amp;q=pixabay\" target=\"_blank\" rel=\"noreferrer noopener\">Pixabay<\/a><\/p>\n","protected":false},"excerpt":{"rendered":"<p>Une \u00e9nergie juste et harmonieuse Mots cl\u00e9s : justice, harmonie, \u00e9quilibre, s\u00e9duction, esth\u00e9tisme, conventionnel. Signe compl\u00e9mentaire : Balance\/B\u00e9lier La Balance est le septi\u00e8me signe du zodiaque du 23 septembre au 22 octobre, sa saison l&rsquo;automne, c&rsquo;est un signe cardinal masculin, son \u00e9l\u00e9ment l&rsquo;Air, gouvern\u00e9 par V\u00e9nus, sa couleur bleu, vert et rose, sa pierre le [&hellip;]<\/p>\n","protected":false},"author":1,"featured_media":0,"parent":3297,"menu_order":0,"comment_status":"closed","ping_status":"closed","template":"","meta":{"_eb_attr":"","footnotes":""},"class_list":["post-7401","page","type-page","status-publish","hentry"],"_links":{"self":[{"href":"https:\/\/lerevedelouise.fr\/index.php\/wp-json\/wp\/v2\/pages\/7401","targetHints":{"allow":["GET"]}}],"collection":[{"href":"https:\/\/lerevedelouise.fr\/index.php\/wp-json\/wp\/v2\/pages"}],"about":[{"href":"https:\/\/lerevedelouise.fr\/index.php\/wp-json\/wp\/v2\/types\/page"}],"author":[{"embeddable":true,"href":"https:\/\/lerevedelouise.fr\/index.php\/wp-json\/wp\/v2\/users\/1"}],"replies":[{"embeddable":true,"href":"https:\/\/lerevedelouise.fr\/index.php\/wp-json\/wp\/v2\/comments?post=7401"}],"version-history":[{"count":15,"href":"https:\/\/lerevedelouise.fr\/index.php\/wp-json\/wp\/v2\/pages\/7401\/revisions"}],"predecessor-version":[{"id":12061,"href":"https:\/\/lerevedelouise.fr\/index.php\/wp-json\/wp\/v2\/pages\/7401\/revisions\/12061"}],"up":[{"embeddable":true,"href":"https:\/\/lerevedelouise.fr\/index.php\/wp-json\/wp\/v2\/pages\/3297"}],"wp:attachment":[{"href":"https:\/\/lerevedelouise.fr\/index.php\/wp-json\/wp\/v2\/media?parent=7401"}],"curies":[{"name":"wp","href":"https:\/\/api.w.org\/{rel}","templated":true}]}}