{"id":7522,"date":"2023-01-23T18:05:58","date_gmt":"2023-01-23T17:05:58","guid":{"rendered":"https:\/\/lerevedelouise.fr\/?page_id=7522"},"modified":"2026-02-25T10:59:54","modified_gmt":"2026-02-25T09:59:54","slug":"le-signe-du-verseau","status":"publish","type":"page","link":"https:\/\/lerevedelouise.fr\/index.php\/le-signe-du-belier\/le-signe-du-verseau\/","title":{"rendered":"Le Signe du Verseau"},"content":{"rendered":"<span class=\"span-reading-time rt-reading-time\" style=\"display: block;\"><span class=\"rt-label rt-prefix\">Temps de lecture\u00a0: <\/span> <span class=\"rt-time\"> 2<\/span> <span class=\"rt-label rt-postfix\">minutes<\/span><\/span>\n<h2 class=\"wp-block-heading has-text-color\" style=\"color:#d7760e\">Une \u00e9nergie libre et futuriste <\/h2>\n\n\n\n<div class=\"wp-block-columns is-layout-flex wp-container-core-columns-is-layout-9d6595d7 wp-block-columns-is-layout-flex\">\n<div class=\"wp-block-column is-layout-flow wp-block-column-is-layout-flow\" style=\"flex-basis:33.33%\">\n<figure class=\"wp-block-image size-large is-style-default\"><img loading=\"lazy\" decoding=\"async\" width=\"1024\" height=\"1024\" src=\"https:\/\/lerevedelouise.fr\/wp-content\/uploads\/2022\/02\/verseau-zodiaque-11-1024x1024.jpg\" alt=\"\" class=\"wp-image-4128\" srcset=\"https:\/\/lerevedelouise.fr\/wp-content\/uploads\/2022\/02\/verseau-zodiaque-11-1024x1024.jpg 1024w, https:\/\/lerevedelouise.fr\/wp-content\/uploads\/2022\/02\/verseau-zodiaque-11-100x100.jpg 100w, https:\/\/lerevedelouise.fr\/wp-content\/uploads\/2022\/02\/verseau-zodiaque-11-600x600.jpg 600w, https:\/\/lerevedelouise.fr\/wp-content\/uploads\/2022\/02\/verseau-zodiaque-11-300x300.jpg 300w, https:\/\/lerevedelouise.fr\/wp-content\/uploads\/2022\/02\/verseau-zodiaque-11-150x150.jpg 150w, https:\/\/lerevedelouise.fr\/wp-content\/uploads\/2022\/02\/verseau-zodiaque-11-768x768.jpg 768w, https:\/\/lerevedelouise.fr\/wp-content\/uploads\/2022\/02\/verseau-zodiaque-11-80x80.jpg 80w, https:\/\/lerevedelouise.fr\/wp-content\/uploads\/2022\/02\/verseau-zodiaque-11.jpg 1280w\" sizes=\"auto, (max-width: 1024px) 100vw, 1024px\" \/><\/figure>\n\n\n\n<p><mark style=\"background-color:rgba(0, 0, 0, 0)\" class=\"has-inline-color has-luminous-vivid-amber-color\">Mots cl\u00e9s :<\/mark> modernit\u00e9, originalit\u00e9, ind\u00e9pendance, amiti\u00e9, altruisme, invention.<\/p>\n\n\n\n<p><mark style=\"background-color:rgba(0, 0, 0, 0)\" class=\"has-inline-color has-luminous-vivid-amber-color\">Signe compl\u00e9mentaire : <\/mark>Verseau\/Lion<\/p>\n\n\n\n<p><\/p>\n<\/div>\n\n\n\n<div class=\"wp-block-column is-layout-flow wp-block-column-is-layout-flow\" style=\"flex-basis:66.66%\">\n<p><mark style=\"background-color:rgba(0, 0, 0, 0)\" class=\"has-inline-color has-luminous-vivid-amber-color\">Le Verseau<\/mark> est le onzi\u00e8me signe du zodiaque du 21 janvier au 19 f\u00e9vrier, sa saison l&rsquo;hiver, c&rsquo;est un signe fixe masculin, son \u00e9l\u00e9ment l&rsquo;Air, gouvern\u00e9 par Uranus, sa couleur l&rsquo;indigo, le bleu ciel, sa pierre aigue marine.<\/p>\n\n\n\n<p><mark style=\"background-color:rgba(0, 0, 0, 0)\" class=\"has-inline-color has-luminous-vivid-amber-color\">La symbolique de votre signe : <\/mark>le personnage qui renverse le contenu de l&rsquo;amphore d\u00e9montre qu&rsquo;il veut aussi renverser le cours des choses. Il symbolise aussi la r\u00e9unification des eaux d&rsquo;En-haut et les eaux d&rsquo;En-bas.<\/p>\n\n\n\n<p><mark style=\"background-color:rgba(0, 0, 0, 0)\" class=\"has-inline-color has-luminous-vivid-amber-color\">Vos traits de caract\u00e8re : <\/mark>vous \u00eates \u00e9pris de libert\u00e9, curieux et aventureux, vous r\u00eavez d\u2019un monde meilleur, plus humain. Vous savez vous adapter aux circonstances les plus diverses. Vous avez un \u00e9tat d&rsquo;esprit ouvert et non conformiste, vous avez foi dans l&rsquo;\u00e9volution et les capacit\u00e9s de l&rsquo;homme. Vous voyez grand et vous d\u00e9veloppez des id\u00e9es originales et futuristes.<\/p>\n\n\n\n<p>Votre caract\u00e8re est ind\u00e9pendant, souple et fraternel, mais vous pouvez \u00eatre aussi parfois indisciplin\u00e9, indomptable et voir r\u00e9volt\u00e9. Vous \u00e9prouvez le besoin de vous rendre utile, vous avez besoin d&rsquo;utiliser votre \u00e9nergie mentale pour cr\u00e9er et r\u00e9aliser vos projets. Vous aimez pr\u00e9server votre libert\u00e9 et votre pr\u00e9f\u00e9rence va vers des gens autonomes. Vous aimez aussi abolir les tabous et les pr\u00e9jug\u00e9s.<\/p>\n<\/div>\n<\/div>\n\n\n\n<h2 class=\"wp-block-heading has-text-color\" style=\"color:#d7760e\">Les d\u00e9cans dans votre signe<\/h2>\n\n\n\n<div class=\"wp-block-columns is-layout-flex wp-container-core-columns-is-layout-9d6595d7 wp-block-columns-is-layout-flex\">\n<div class=\"wp-block-column is-layout-flow wp-block-column-is-layout-flow\">\n<p>de 300\u00b0 \u00e0 310\u00b0-1er d\u00e9can-du 20 au 30 janvier<\/p>\n\n\n\n<h5 class=\"wp-block-heading has-text-color\" style=\"color:#d7760e\">Originalit\u00e9<\/h5>\n\n\n\n<p>Le ma\u00eetre de ce d\u00e9can est V\u00e9nus. Votre d\u00e9can est celui du dynamisme. Le Soleil dans cette zone vous rend lucide et s\u00e9rieux, d&rsquo;une part, compr\u00e9hensif et indulgent, d&rsquo;autre part. Le comportement amoureux est toujours original et les motivations, vitales mais parfois changeantes.<\/p>\n<\/div>\n\n\n\n<div class=\"wp-block-column is-layout-flow wp-block-column-is-layout-flow\">\n<p>De 310\u00b0 \u00e0 320\u00b0-2\u00e8me d\u00e9can-du 31 janvier au 8 f\u00e9vrier<\/p>\n\n\n\n<h5 class=\"wp-block-heading has-text-color\" style=\"color:#d7760e\">Inspirations<\/h5>\n\n\n\n<p>Le ma\u00eetre de ce d\u00e9can est la Lune Noire. Votre d\u00e9can est celui de l&rsquo;exaltation. Le Soleil plac\u00e9 dans cette configuration, vous donne une soif de libert\u00e9 intellectuelles, morales, affectives. Votre imagination est souvent d\u00e9brid\u00e9e, passant du r\u00eave \u00e0 la r\u00e9alit\u00e9 sans transition. Vos inspirations sont tr\u00e8s vives. <\/p>\n<\/div>\n\n\n\n<div class=\"wp-block-column is-layout-flow wp-block-column-is-layout-flow\">\n<p>De 320\u00b0 \u00e0 330\u00b0-3\u00e8me d\u00e9can-du 9 au 18 f\u00e9vrier<\/p>\n\n\n\n<h5 class=\"wp-block-heading has-text-color\" style=\"color:#d7760e\">Utopies<\/h5>\n\n\n\n<p>Le ma\u00eetre de ce d\u00e9can est Neptune. Votre d\u00e9can est celui des secousses. Il en r\u00e9sulte une combinaison d&rsquo;\u00e9l\u00e9ments tr\u00e8s subtiles, qui excite votre curiosit\u00e9. L&rsquo;ouverture \u00e0 tous les champs d&rsquo;investigations et de recherches possibles, vous entra\u00eene dans des plans et des projets utopiques avant-gardistes, parfois g\u00e9niaux.<\/p>\n<\/div>\n<\/div>\n\n\n\n<p class=\"has-small-font-size\"><mark style=\"background-color:rgba(0, 0, 0, 0)\" class=\"has-inline-color has-luminous-vivid-amber-color\">Image par<\/mark>\u00a0<a href=\"https:\/\/pixabay.com\/fr\/users\/thedigitalartist-202249\/\" target=\"_blank\" rel=\"noreferrer noopener\">TheDigitalArtist<\/a><mark style=\"background-color:rgba(0, 0, 0, 0)\" class=\"has-inline-color has-luminous-vivid-amber-color\"><a href=\"https:\/\/pixabay.com\/fr\/users\/thedigitalartist-202249\/\" target=\"_blank\" rel=\"noreferrer noopener\">\u00a0<\/a>de<\/mark>\u00a0<a href=\"https:\/\/www.google.com\/search?channel=trow5&amp;client=firefox-b-d&amp;q=pixabay\" target=\"_blank\" rel=\"noreferrer noopener\">Pixabay<\/a><\/p>\n","protected":false},"excerpt":{"rendered":"<p>Une \u00e9nergie libre et futuriste Mots cl\u00e9s : modernit\u00e9, originalit\u00e9, ind\u00e9pendance, amiti\u00e9, altruisme, invention. Signe compl\u00e9mentaire : Verseau\/Lion Le Verseau est le onzi\u00e8me signe du zodiaque du 21 janvier au 19 f\u00e9vrier, sa saison l&rsquo;hiver, c&rsquo;est un signe fixe masculin, son \u00e9l\u00e9ment l&rsquo;Air, gouvern\u00e9 par Uranus, sa couleur l&rsquo;indigo, le bleu ciel, sa pierre aigue [&hellip;]<\/p>\n","protected":false},"author":1,"featured_media":0,"parent":3297,"menu_order":0,"comment_status":"closed","ping_status":"closed","template":"","meta":{"_eb_attr":"","footnotes":""},"class_list":["post-7522","page","type-page","status-publish","hentry"],"_links":{"self":[{"href":"https:\/\/lerevedelouise.fr\/index.php\/wp-json\/wp\/v2\/pages\/7522","targetHints":{"allow":["GET"]}}],"collection":[{"href":"https:\/\/lerevedelouise.fr\/index.php\/wp-json\/wp\/v2\/pages"}],"about":[{"href":"https:\/\/lerevedelouise.fr\/index.php\/wp-json\/wp\/v2\/types\/page"}],"author":[{"embeddable":true,"href":"https:\/\/lerevedelouise.fr\/index.php\/wp-json\/wp\/v2\/users\/1"}],"replies":[{"embeddable":true,"href":"https:\/\/lerevedelouise.fr\/index.php\/wp-json\/wp\/v2\/comments?post=7522"}],"version-history":[{"count":15,"href":"https:\/\/lerevedelouise.fr\/index.php\/wp-json\/wp\/v2\/pages\/7522\/revisions"}],"predecessor-version":[{"id":12548,"href":"https:\/\/lerevedelouise.fr\/index.php\/wp-json\/wp\/v2\/pages\/7522\/revisions\/12548"}],"up":[{"embeddable":true,"href":"https:\/\/lerevedelouise.fr\/index.php\/wp-json\/wp\/v2\/pages\/3297"}],"wp:attachment":[{"href":"https:\/\/lerevedelouise.fr\/index.php\/wp-json\/wp\/v2\/media?parent=7522"}],"curies":[{"name":"wp","href":"https:\/\/api.w.org\/{rel}","templated":true}]}}