{"id":7566,"date":"2023-01-25T17:47:09","date_gmt":"2023-01-25T16:47:09","guid":{"rendered":"https:\/\/lerevedelouise.fr\/?page_id=7566"},"modified":"2024-02-05T16:13:57","modified_gmt":"2024-02-05T15:13:57","slug":"cycle-7-de-parcours-et-dinterpretation","status":"publish","type":"page","link":"https:\/\/lerevedelouise.fr\/index.php\/cycle-1-de-parcours-et-dinterpretation\/cycle-7-de-parcours-et-dinterpretation\/","title":{"rendered":"Cycle 7 de parcours et d\u2019interpr\u00e9tation"},"content":{"rendered":"<span class=\"span-reading-time rt-reading-time\" style=\"display: block;\"><span class=\"rt-label rt-prefix\">Temps de lecture\u00a0: <\/span> <span class=\"rt-time\"> 3<\/span> <span class=\"rt-label rt-postfix\">minutes<\/span><\/span>\n<p class=\"has-text-align-right\" style=\"font-size:15px\"><a href=\"https:\/\/lerevedelouise.fr\/index.php\/cycle-1-de-parcours-et-dinterpretation\/\" title=\"\">Parcours et cycle 1 d\u2019interpr\u00e9tation<\/a><\/p>\n\n\n\n<div class=\"wp-block-columns is-layout-flex wp-container-core-columns-is-layout-9d6595d7 wp-block-columns-is-layout-flex\">\n<div class=\"wp-block-column is-layout-flow wp-block-column-is-layout-flow\">\n<h6 class=\"has-text-color wp-block-heading\" style=\"color:#d7760e\">Case 55<\/h6>\n\n\n\n<div class=\"wp-block-image is-style-default\"><figure class=\"aligncenter size-thumbnail is-resized\"><img loading=\"lazy\" decoding=\"async\" src=\"https:\/\/lerevedelouise.fr\/wp-content\/uploads\/2023\/01\/tresor-150x150.jpg\" alt=\"\" class=\"wp-image-7576\" width=\"151\" height=\"151\" srcset=\"https:\/\/lerevedelouise.fr\/wp-content\/uploads\/2023\/01\/tresor-150x150.jpg 150w, https:\/\/lerevedelouise.fr\/wp-content\/uploads\/2023\/01\/tresor-100x100.jpg 100w, https:\/\/lerevedelouise.fr\/wp-content\/uploads\/2023\/01\/tresor-80x80.jpg 80w\" sizes=\"auto, (max-width: 151px) 100vw, 151px\" \/><\/figure><\/div>\n\n\n\n<h6 class=\"has-text-color wp-block-heading\" style=\"color:#d7760e\">Le tr\u00e9sor<\/h6>\n\n\n\n<p>C\u2019est bien s\u00fbr un symbole de richesse mat\u00e9rielle ou spirituelle. Le tr\u00e9sor est souvent l\u2019objet d\u2019une qu\u00eate. On sait qu\u2019il existe&#8230; <a href=\"https:\/\/lerevedelouise.fr\/index.php\/case-0\/case-55\/\" title=\"\">Lire la suite<\/a><\/p>\n<\/div>\n\n\n\n<div class=\"wp-block-column is-layout-flow wp-block-column-is-layout-flow\">\n<h6 class=\"has-text-color wp-block-heading\" style=\"color:#d7760e\">Case 56<\/h6>\n\n\n\n<div class=\"wp-block-image is-style-default\"><figure class=\"aligncenter size-thumbnail\"><img loading=\"lazy\" decoding=\"async\" width=\"150\" height=\"150\" src=\"https:\/\/lerevedelouise.fr\/wp-content\/uploads\/2023\/03\/vagabond-150x150.jpg\" alt=\"\" class=\"wp-image-7748\" srcset=\"https:\/\/lerevedelouise.fr\/wp-content\/uploads\/2023\/03\/vagabond-150x150.jpg 150w, https:\/\/lerevedelouise.fr\/wp-content\/uploads\/2023\/03\/vagabond-80x80.jpg 80w\" sizes=\"auto, (max-width: 150px) 100vw, 150px\" \/><\/figure><\/div>\n\n\n\n<h6 class=\"has-text-color wp-block-heading\" style=\"color:#d7760e\">Le vagabond<\/h6>\n\n\n\n<p>Le vagabond implique un retour en arri\u00e8re ou plus exactement un retour sur soi. On retourne au point de d&rsquo;origine ou \u00e0 ses origines&#8230;  <a href=\"https:\/\/lerevedelouise.fr\/index.php\/case-56\/\" title=\"Case 56\">Lire la suite<\/a><\/p>\n<\/div>\n\n\n\n<div class=\"wp-block-column is-layout-flow wp-block-column-is-layout-flow\">\n<h6 class=\"has-text-color wp-block-heading\" style=\"color:#d7760c\">Case 57<\/h6>\n\n\n\n<div class=\"wp-block-image is-style-default\"><figure class=\"aligncenter size-thumbnail\"><img loading=\"lazy\" decoding=\"async\" width=\"150\" height=\"150\" src=\"https:\/\/lerevedelouise.fr\/wp-content\/uploads\/2023\/04\/le-temps-150x150.jpg\" alt=\"\" class=\"wp-image-7827\" srcset=\"https:\/\/lerevedelouise.fr\/wp-content\/uploads\/2023\/04\/le-temps-150x150.jpg 150w, https:\/\/lerevedelouise.fr\/wp-content\/uploads\/2023\/04\/le-temps-80x80.jpg 80w\" sizes=\"auto, (max-width: 150px) 100vw, 150px\" \/><\/figure><\/div>\n\n\n\n<h6 class=\"has-text-color wp-block-heading\" style=\"color:#d7760c\">Le temps<\/h6>\n\n\n\n<p>Le temps n\u2019existe pas et pourtant nous ne faisons rien sans lui, de nos jours. Notre vie quotidienne&#8230; <a href=\"https:\/\/lerevedelouise.fr\/index.php\/case-0\/case-57\/\" title=\"\">Lire la suite<\/a><\/p>\n<\/div>\n<\/div>\n\n\n\n<div class=\"wp-block-columns is-layout-flex wp-container-core-columns-is-layout-9d6595d7 wp-block-columns-is-layout-flex\">\n<div class=\"wp-block-column is-layout-flow wp-block-column-is-layout-flow\">\n<h6 class=\"has-text-color wp-block-heading\" style=\"color:#d7760c\">Case 58<\/h6>\n\n\n\n<div class=\"wp-block-image is-style-default\"><figure class=\"aligncenter size-thumbnail\"><img loading=\"lazy\" decoding=\"async\" width=\"150\" height=\"150\" src=\"https:\/\/lerevedelouise.fr\/wp-content\/uploads\/2023\/07\/la-faucheuse-150x150.jpg\" alt=\"\" class=\"wp-image-8068\" srcset=\"https:\/\/lerevedelouise.fr\/wp-content\/uploads\/2023\/07\/la-faucheuse-150x150.jpg 150w, https:\/\/lerevedelouise.fr\/wp-content\/uploads\/2023\/07\/la-faucheuse-80x80.jpg 80w\" sizes=\"auto, (max-width: 150px) 100vw, 150px\" \/><\/figure><\/div>\n\n\n\n<h6 class=\"has-text-color wp-block-heading\" style=\"color:#d7760c\">La faucheuse<\/h6>\n\n\n\n<p>Bien s\u00fbr, il s\u2019agit d\u2019une mort symbolique, non physique, non r\u00e9elle. Elle symbolise plut\u00f4t la transformation&#8230; <a href=\"https:\/\/lerevedelouise.fr\/index.php\/case-0\/case-58\/\" title=\"\">Lire la suite <\/a><\/p>\n<\/div>\n\n\n\n<div class=\"wp-block-column is-layout-flow wp-block-column-is-layout-flow\">\n<h6 class=\"has-text-color wp-block-heading\" style=\"color:#d7760c\">Case 59<\/h6>\n\n\n\n<div class=\"wp-block-image is-style-rounded\"><figure class=\"aligncenter size-thumbnail\"><img loading=\"lazy\" decoding=\"async\" width=\"150\" height=\"150\" src=\"https:\/\/lerevedelouise.fr\/wp-content\/uploads\/2023\/07\/spiral-150x150.png\" alt=\"\" class=\"wp-image-8082\" srcset=\"https:\/\/lerevedelouise.fr\/wp-content\/uploads\/2023\/07\/spiral-150x150.png 150w, https:\/\/lerevedelouise.fr\/wp-content\/uploads\/2023\/07\/spiral-80x80.png 80w\" sizes=\"auto, (max-width: 150px) 100vw, 150px\" \/><\/figure><\/div>\n\n\n\n<h6 class=\"has-text-color wp-block-heading\" style=\"color:#d7760c\">La spirale<\/h6>\n\n\n\n<p>Le parcours du jeu de l\u2019Oie figure une spirale centrip\u00e8te, c\u2019est \u00e0 dire partant d\u2019un point ext\u00e9rieur&#8230; <a href=\"https:\/\/lerevedelouise.fr\/index.php\/case-0\/case-59\/\" title=\"\">Lire la suite <\/a><\/p>\n<\/div>\n\n\n\n<div class=\"wp-block-column is-layout-flow wp-block-column-is-layout-flow\">\n<h6 class=\"has-text-color wp-block-heading\" style=\"color:#d7760c\">Case 60<\/h6>\n\n\n\n<div class=\"wp-block-image is-style-default\"><figure class=\"aligncenter size-thumbnail\"><img loading=\"lazy\" decoding=\"async\" width=\"150\" height=\"150\" src=\"https:\/\/lerevedelouise.fr\/wp-content\/uploads\/2023\/07\/arche-150x150.png\" alt=\"\" class=\"wp-image-8086\" srcset=\"https:\/\/lerevedelouise.fr\/wp-content\/uploads\/2023\/07\/arche-150x150.png 150w, https:\/\/lerevedelouise.fr\/wp-content\/uploads\/2023\/07\/arche-80x80.png 80w\" sizes=\"auto, (max-width: 150px) 100vw, 150px\" \/><\/figure><\/div>\n\n\n\n<h6 class=\"has-text-color wp-block-heading\" style=\"color:#d7760c\">L&rsquo;arche<\/h6>\n\n\n\n<p>Une fois encore, nous tombons sur un symbole qui pr\u00e9sente certaines similitudes de sens avec des&#8230; <a href=\"https:\/\/lerevedelouise.fr\/index.php\/case-0\/case-60\/\" title=\"\">Lire la suite <\/a><\/p>\n<\/div>\n<\/div>\n\n\n\n<div class=\"wp-block-columns is-layout-flex wp-container-core-columns-is-layout-9d6595d7 wp-block-columns-is-layout-flex\">\n<div class=\"wp-block-column is-layout-flow wp-block-column-is-layout-flow\">\n<h6 class=\"has-text-color wp-block-heading\" style=\"color:#d7760c\">Case 61<\/h6>\n\n\n\n<div class=\"wp-block-image is-style-default\"><figure class=\"aligncenter size-thumbnail\"><img loading=\"lazy\" decoding=\"async\" width=\"150\" height=\"150\" src=\"https:\/\/lerevedelouise.fr\/wp-content\/uploads\/2023\/07\/diamant-150x150.png\" alt=\"\" class=\"wp-image-8158\" srcset=\"https:\/\/lerevedelouise.fr\/wp-content\/uploads\/2023\/07\/diamant-150x150.png 150w, https:\/\/lerevedelouise.fr\/wp-content\/uploads\/2023\/07\/diamant-300x300.png 300w, https:\/\/lerevedelouise.fr\/wp-content\/uploads\/2023\/07\/diamant-1024x1024.png 1024w, https:\/\/lerevedelouise.fr\/wp-content\/uploads\/2023\/07\/diamant-768x768.png 768w, https:\/\/lerevedelouise.fr\/wp-content\/uploads\/2023\/07\/diamant-80x80.png 80w, https:\/\/lerevedelouise.fr\/wp-content\/uploads\/2023\/07\/diamant.png 1280w\" sizes=\"auto, (max-width: 150px) 100vw, 150px\" \/><\/figure><\/div>\n\n\n\n<h6 class=\"has-text-color wp-block-heading\" style=\"color:#d7760c\">Le diamant<\/h6>\n\n\n\n<p>C\u2019est un des plus beaux symboles qui soient. Il n\u2019a pas subi l\u2019\u00e9preuve du temps. Il est rest\u00e9 aussi&#8230; <a href=\"https:\/\/lerevedelouise.fr\/index.php\/case-0\/case-61\/\" title=\"\">Lire la suite<\/a><\/p>\n<\/div>\n\n\n\n<div class=\"wp-block-column is-layout-flow wp-block-column-is-layout-flow\">\n<h6 class=\"has-text-color wp-block-heading\" style=\"color:#d7760e\">Case 62<\/h6>\n\n\n\n<div class=\"wp-block-image is-style-default\"><figure class=\"aligncenter size-thumbnail\"><img decoding=\"async\" src=\"https:\/\/lerevedelouise.fr\/wp-content\/uploads\/2023\/12\/jardin-150x150.jpg\" alt=\"\" class=\"wp-image-8490\"\/><\/figure><\/div>\n\n\n\n<h6 class=\"has-text-color wp-block-heading\" style=\"color:#d7760e\">Le jardin<\/h6>\n\n\n\n<p>Il s\u2019agit symboliquement bien s\u00fbr, du lieu des origines de l\u2019\u00eatre humain, mais aussi de l\u2019endroit qu\u2019il&#8230; <a href=\"https:\/\/lerevedelouise.fr\/index.php\/case-0\/case-62\/\" title=\"\">Lire la suite <\/a><\/p>\n<\/div>\n\n\n\n<div class=\"wp-block-column is-layout-flow wp-block-column-is-layout-flow\">\n<h6 class=\"has-text-color wp-block-heading\" style=\"color:#d7760e\">Case 63<\/h6>\n\n\n\n<div class=\"wp-block-image is-style-default\"><figure class=\"aligncenter size-thumbnail\"><img loading=\"lazy\" decoding=\"async\" width=\"150\" height=\"150\" src=\"https:\/\/lerevedelouise.fr\/wp-content\/uploads\/2022\/02\/oie-3-150x150.jpg\" alt=\"\" class=\"wp-image-3703\" srcset=\"https:\/\/lerevedelouise.fr\/wp-content\/uploads\/2022\/02\/oie-3-150x150.jpg 150w, https:\/\/lerevedelouise.fr\/wp-content\/uploads\/2022\/02\/oie-3-100x100.jpg 100w, https:\/\/lerevedelouise.fr\/wp-content\/uploads\/2022\/02\/oie-3-80x80.jpg 80w\" sizes=\"auto, (max-width: 150px) 100vw, 150px\" \/><\/figure><\/div>\n\n\n\n<h6 class=\"has-text-color wp-block-heading\" style=\"color:#d7760e\">La septi\u00e8me Oie<\/h6>\n\n\n\n<p> Le parcours se termine avec la rencontre d\u2019une septi\u00e8me Oie, mais dans la vie la partie n\u2019est jamais finie&#8230; <a href=\"https:\/\/lerevedelouise.fr\/index.php\/case-0\/case-63\/\" title=\"\">Lire la suite<\/a><\/p>\n<\/div>\n<\/div>\n\n\n\n<p style=\"font-size:15px\"><a href=\"https:\/\/lerevedelouise.fr\/index.php\/cycle-1-de-parcours-et-dinterpretation\/\" title=\"Parcours et cycle 1 d\u2019interpr\u00e9tation\">Parcours et cycle 1 d\u2019interpr\u00e9tation<\/a><\/p>\n","protected":false},"excerpt":{"rendered":"<p>Parcours et cycle 1 d\u2019interpr\u00e9tation Case 55 Le tr\u00e9sor C\u2019est bien s\u00fbr un symbole de richesse mat\u00e9rielle ou spirituelle. Le tr\u00e9sor est souvent l\u2019objet d\u2019une qu\u00eate. On sait qu\u2019il existe&#8230; Lire la suite Case 56 Le vagabond Le vagabond implique un retour en arri\u00e8re ou plus exactement un retour sur soi. On retourne au point [&hellip;]<\/p>\n","protected":false},"author":1,"featured_media":0,"parent":1377,"menu_order":7,"comment_status":"closed","ping_status":"closed","template":"","meta":{"_eb_attr":"","footnotes":""},"class_list":["post-7566","page","type-page","status-publish","hentry"],"_links":{"self":[{"href":"https:\/\/lerevedelouise.fr\/index.php\/wp-json\/wp\/v2\/pages\/7566","targetHints":{"allow":["GET"]}}],"collection":[{"href":"https:\/\/lerevedelouise.fr\/index.php\/wp-json\/wp\/v2\/pages"}],"about":[{"href":"https:\/\/lerevedelouise.fr\/index.php\/wp-json\/wp\/v2\/types\/page"}],"author":[{"embeddable":true,"href":"https:\/\/lerevedelouise.fr\/index.php\/wp-json\/wp\/v2\/users\/1"}],"replies":[{"embeddable":true,"href":"https:\/\/lerevedelouise.fr\/index.php\/wp-json\/wp\/v2\/comments?post=7566"}],"version-history":[{"count":27,"href":"https:\/\/lerevedelouise.fr\/index.php\/wp-json\/wp\/v2\/pages\/7566\/revisions"}],"predecessor-version":[{"id":8531,"href":"https:\/\/lerevedelouise.fr\/index.php\/wp-json\/wp\/v2\/pages\/7566\/revisions\/8531"}],"up":[{"embeddable":true,"href":"https:\/\/lerevedelouise.fr\/index.php\/wp-json\/wp\/v2\/pages\/1377"}],"wp:attachment":[{"href":"https:\/\/lerevedelouise.fr\/index.php\/wp-json\/wp\/v2\/media?parent=7566"}],"curies":[{"name":"wp","href":"https:\/\/api.w.org\/{rel}","templated":true}]}}