{"id":7573,"date":"2023-02-07T16:52:01","date_gmt":"2023-02-07T15:52:01","guid":{"rendered":"https:\/\/lerevedelouise.fr\/?page_id=7573"},"modified":"2024-02-05T16:26:33","modified_gmt":"2024-02-05T15:26:33","slug":"case-55","status":"publish","type":"page","link":"https:\/\/lerevedelouise.fr\/index.php\/case-0\/case-55\/","title":{"rendered":"Case 55"},"content":{"rendered":"<span class=\"span-reading-time rt-reading-time\" style=\"display: block;\"><span class=\"rt-label rt-prefix\">Temps de lecture\u00a0: <\/span> <span class=\"rt-time\"> &lt;\u00a01<\/span> <span class=\"rt-label rt-postfix\">minute<\/span><\/span>\n<div class=\"wp-block-image is-style-default\"><figure class=\"aligncenter size-medium\"><a href=\"https:\/\/lerevedelouise.fr\/wp-content\/uploads\/2023\/01\/tresor.jpg\"><img loading=\"lazy\" decoding=\"async\" width=\"300\" height=\"200\" src=\"https:\/\/lerevedelouise.fr\/wp-content\/uploads\/2023\/01\/tresor-300x200.jpg\" alt=\"\" class=\"wp-image-7576\" srcset=\"https:\/\/lerevedelouise.fr\/wp-content\/uploads\/2023\/01\/tresor-300x200.jpg 300w, https:\/\/lerevedelouise.fr\/wp-content\/uploads\/2023\/01\/tresor-600x400.jpg 600w, https:\/\/lerevedelouise.fr\/wp-content\/uploads\/2023\/01\/tresor-1024x682.jpg 1024w, https:\/\/lerevedelouise.fr\/wp-content\/uploads\/2023\/01\/tresor-768x512.jpg 768w, https:\/\/lerevedelouise.fr\/wp-content\/uploads\/2023\/01\/tresor-272x182.jpg 272w, https:\/\/lerevedelouise.fr\/wp-content\/uploads\/2023\/01\/tresor.jpg 1280w\" sizes=\"auto, (max-width: 300px) 100vw, 300px\" \/><\/a><\/figure><\/div>\n\n\n\n<h4 class=\"has-text-color wp-block-heading\" style=\"color:#d7760e\">Le tr\u00e9sor<\/h4>\n\n\n\n<p>C&rsquo;est bien s\u00fbr un symbole de richesse mat\u00e9rielle ou spirituelle. Le tr\u00e9sor est souvent l&rsquo;objet d&rsquo;une qu\u00eate. On sait qu&rsquo;il existe, enfoui quelque part et que l&rsquo;on peut le trouver au prix d&rsquo;un certain nombre de difficult\u00e9s ou d&rsquo;\u00e9preuves. Toutefois, \u00e0 force de volont\u00e9, de courage et de pers\u00e9v\u00e9rance, on finit toujours par trouver le tr\u00e9sor que l&rsquo;on convoite. Mais, finalement, la question est moins de le trouver que de le savoir quel usage on va bien pouvoir en faire.<\/p>\n\n\n\n<h4 class=\"has-text-color wp-block-heading\" style=\"color:#d7760e\">Signification<\/h4>\n\n\n\n<p>Lorsque votre pion se fixe sur cette case, vous pouvez consid\u00e9rer que, symboliquement ou concr\u00e8tement vous allez trouver un tr\u00e9sor. Vous pouvez par exemple obtenir une nette am\u00e9lioration de votre vie sociale et mat\u00e9rielle, vivre tout \u00e0 coup dans des conditions beaucoup plus confortables. Et ne doutez pas du fait que, d&rsquo;une certaine mani\u00e8re, vous m\u00e9ritez ces bienfaits. Toutefois, comme nous vous l&rsquo;avons laiss\u00e9 entendre \u00e0 propos de la sixi\u00e8me Oie qui inaugure le septi\u00e8me cycle, il peut s&rsquo;agir d&rsquo;un pi\u00e8ge dor\u00e9. Soyez donc vigilant quant \u00e0 l&rsquo;usage que vous allez faire de ce tr\u00e9sor de bienfaits qui vous \u00e9choit. Ne le gaspillez pas.  <\/p>\n\n\n\n<p class=\"has-text-color has-small-font-size\" style=\"color:#d7760e\">Image <a href=\"https:\/\/pixabay.com\/fr\/users\/pezibear-526143\/?utm_source=link-attribution&amp;utm_medium=referral&amp;utm_campaign=image&amp;utm_content=619762\" target=\"_blank\" rel=\"noopener\" title=\"Pezibear\">Pezibear<\/a> de <a href=\"https:\/\/pixabay.com\/fr\/\" target=\"_blank\" rel=\"noopener\" title=\"Pixabay\">Pixabay<\/a><\/p>\n\n\n\n<p class=\"has-text-color has-small-font-size\" style=\"color:#d7760e\">Source : <a href=\"https:\/\/www.hachette-collections.com\/fr-fr\/?gclid=CjwKCAjw8J32BRBCEiwApQEKgdiFVIkH2wypRsYiCjhK4KTn5ifV_DR1FX_lAZt9mKdtG8ksfXzYzxoCfegQAvD_BwE\" target=\"_blank\" rel=\"noreferrer noopener\">les arts divina<em>toires \u2013 Hachette Collection<\/em><\/a><\/p>\n","protected":false},"excerpt":{"rendered":"<p>Le tr\u00e9sor C&rsquo;est bien s\u00fbr un symbole de richesse mat\u00e9rielle ou spirituelle. Le tr\u00e9sor est souvent l&rsquo;objet d&rsquo;une qu\u00eate. On sait qu&rsquo;il existe, enfoui quelque part et que l&rsquo;on peut le trouver au prix d&rsquo;un certain nombre de difficult\u00e9s ou d&rsquo;\u00e9preuves. Toutefois, \u00e0 force de volont\u00e9, de courage et de pers\u00e9v\u00e9rance, on finit toujours par [&hellip;]<\/p>\n","protected":false},"author":1,"featured_media":0,"parent":480,"menu_order":55,"comment_status":"closed","ping_status":"closed","template":"","meta":{"_eb_attr":"","footnotes":""},"class_list":["post-7573","page","type-page","status-publish","hentry"],"_links":{"self":[{"href":"https:\/\/lerevedelouise.fr\/index.php\/wp-json\/wp\/v2\/pages\/7573","targetHints":{"allow":["GET"]}}],"collection":[{"href":"https:\/\/lerevedelouise.fr\/index.php\/wp-json\/wp\/v2\/pages"}],"about":[{"href":"https:\/\/lerevedelouise.fr\/index.php\/wp-json\/wp\/v2\/types\/page"}],"author":[{"embeddable":true,"href":"https:\/\/lerevedelouise.fr\/index.php\/wp-json\/wp\/v2\/users\/1"}],"replies":[{"embeddable":true,"href":"https:\/\/lerevedelouise.fr\/index.php\/wp-json\/wp\/v2\/comments?post=7573"}],"version-history":[{"count":5,"href":"https:\/\/lerevedelouise.fr\/index.php\/wp-json\/wp\/v2\/pages\/7573\/revisions"}],"predecessor-version":[{"id":7819,"href":"https:\/\/lerevedelouise.fr\/index.php\/wp-json\/wp\/v2\/pages\/7573\/revisions\/7819"}],"up":[{"embeddable":true,"href":"https:\/\/lerevedelouise.fr\/index.php\/wp-json\/wp\/v2\/pages\/480"}],"wp:attachment":[{"href":"https:\/\/lerevedelouise.fr\/index.php\/wp-json\/wp\/v2\/media?parent=7573"}],"curies":[{"name":"wp","href":"https:\/\/api.w.org\/{rel}","templated":true}]}}