{"id":7745,"date":"2023-04-18T13:02:43","date_gmt":"2023-04-18T11:02:43","guid":{"rendered":"https:\/\/lerevedelouise.fr\/?page_id=7745"},"modified":"2024-02-05T16:26:49","modified_gmt":"2024-02-05T15:26:49","slug":"case-56","status":"publish","type":"page","link":"https:\/\/lerevedelouise.fr\/index.php\/case-0\/case-56\/","title":{"rendered":"Case 56"},"content":{"rendered":"<span class=\"span-reading-time rt-reading-time\" style=\"display: block;\"><span class=\"rt-label rt-prefix\">Temps de lecture\u00a0: <\/span> <span class=\"rt-time\"> 2<\/span> <span class=\"rt-label rt-postfix\">minutes<\/span><\/span>\n<div class=\"wp-block-image is-style-default\"><figure class=\"aligncenter size-medium\"><a href=\"https:\/\/lerevedelouise.fr\/wp-content\/uploads\/2023\/03\/vagabond.jpg\"><img loading=\"lazy\" decoding=\"async\" width=\"225\" height=\"300\" src=\"https:\/\/lerevedelouise.fr\/wp-content\/uploads\/2023\/03\/vagabond-225x300.jpg\" alt=\"\" class=\"wp-image-7748\" srcset=\"https:\/\/lerevedelouise.fr\/wp-content\/uploads\/2023\/03\/vagabond-225x300.jpg 225w, https:\/\/lerevedelouise.fr\/wp-content\/uploads\/2023\/03\/vagabond-768x1024.jpg 768w, https:\/\/lerevedelouise.fr\/wp-content\/uploads\/2023\/03\/vagabond-1152x1536.jpg 1152w, https:\/\/lerevedelouise.fr\/wp-content\/uploads\/2023\/03\/vagabond-1320x1760.jpg 1320w, https:\/\/lerevedelouise.fr\/wp-content\/uploads\/2023\/03\/vagabond.jpg 1440w\" sizes=\"auto, (max-width: 225px) 100vw, 225px\" \/><\/a><\/figure><\/div>\n\n\n\n<h4 class=\"has-text-color wp-block-heading\" style=\"color:#d7760e\">Le vagabond<\/h4>\n\n\n\n<p>Le vagabond implique un retour en arri\u00e8re ou plus exactement un retour sur soi. On retourne au point de d&rsquo;origine ou \u00e0 ses origines. Contrairement aux apparences, il ne faut pas voir dans ce retour oblig\u00e9 une r\u00e9gression, mais une plong\u00e9e dans les eaux originelles de la conscience, pour rassembler ou r\u00e9unir ce qui fut s\u00e9par\u00e9. En d&rsquo;autres termes, le vagabond n&rsquo;est pas un \u00e9gar\u00e9. Il choisit d\u00e9lib\u00e9r\u00e9ment de se d\u00e9partir de toutes ses attaches, pour se retrouver dans l&rsquo;\u00e9tat o\u00f9 il \u00e9tait originellement, c&rsquo;est-\u00e0-dire libre. Il nous donne donc une le\u00e7on d&rsquo;ind\u00e9pendance sans revendication, car il s&rsquo;affirme en tant qu&rsquo;\u00eatre libre. Il l&rsquo;est de tout son \u00eatre. <\/p>\n\n\n\n<h4 class=\"has-text-color wp-block-heading\" style=\"color:#d7760e\">Signification<\/h4>\n\n\n\n<p>Lorsque votre pion se fixe sur cette case, cela indique que vous devez repartir de z\u00e9ro. Peut-\u00eatre faut-il partir quelque part pour retrouver quelque chose ou quelqu&rsquo;un que vous avez perdu de vue en cours de route ou revenir au point de d\u00e9part, changer de comportement, d&rsquo;attitude et \u00eatre tel que vous \u00e9tiez avant. Cette case r\u00e9v\u00e8le parfois l&rsquo;av\u00e8nement d&rsquo;un nouveau d\u00e9part dans votre vie, mais elle peut aussi vous annoncer un voyage, un d\u00e9placement, voir un d\u00e9m\u00e9nagement. Or changer de lieu de r\u00e9sidence, c&rsquo;est parfois souvent m\u00eame changer de vie, se retrouver \u00e0 un nouveau point de d\u00e9part.<\/p>\n\n\n\n<p class=\"has-text-color has-small-font-size\" style=\"color:#d7760e\">Image de <a href=\"https:\/\/pixabay.com\/fr\/users\/syaibatulhamdi-13452116\/\" target=\"_blank\" rel=\"noopener\" title=\"\">Syaibatulhamdi<\/a> de <a href=\"https:\/\/pixabay.com\/fr\/\" target=\"_blank\" rel=\"noreferrer noopener\">Pixabay<\/a><\/p>\n\n\n\n<p class=\"has-text-color has-small-font-size\" style=\"color:#d7760e\">Source : <a href=\"https:\/\/www.hachette-collections.com\/fr-fr\/?gclid=CjwKCAjw8J32BRBCEiwApQEKgdiFVIkH2wypRsYiCjhK4KTn5ifV_DR1FX_lAZt9mKdtG8ksfXzYzxoCfegQAvD_BwE\" target=\"_blank\" rel=\"noreferrer noopener\">les arts divina<em>toires \u2013 Hachette Collection<\/em><\/a><\/p>\n","protected":false},"excerpt":{"rendered":"<p>Le vagabond Le vagabond implique un retour en arri\u00e8re ou plus exactement un retour sur soi. On retourne au point de d&rsquo;origine ou \u00e0 ses origines. Contrairement aux apparences, il ne faut pas voir dans ce retour oblig\u00e9 une r\u00e9gression, mais une plong\u00e9e dans les eaux originelles de la conscience, pour rassembler ou r\u00e9unir ce [&hellip;]<\/p>\n","protected":false},"author":1,"featured_media":0,"parent":480,"menu_order":56,"comment_status":"closed","ping_status":"closed","template":"","meta":{"_eb_attr":"","footnotes":""},"class_list":["post-7745","page","type-page","status-publish","hentry"],"_links":{"self":[{"href":"https:\/\/lerevedelouise.fr\/index.php\/wp-json\/wp\/v2\/pages\/7745","targetHints":{"allow":["GET"]}}],"collection":[{"href":"https:\/\/lerevedelouise.fr\/index.php\/wp-json\/wp\/v2\/pages"}],"about":[{"href":"https:\/\/lerevedelouise.fr\/index.php\/wp-json\/wp\/v2\/types\/page"}],"author":[{"embeddable":true,"href":"https:\/\/lerevedelouise.fr\/index.php\/wp-json\/wp\/v2\/users\/1"}],"replies":[{"embeddable":true,"href":"https:\/\/lerevedelouise.fr\/index.php\/wp-json\/wp\/v2\/comments?post=7745"}],"version-history":[{"count":5,"href":"https:\/\/lerevedelouise.fr\/index.php\/wp-json\/wp\/v2\/pages\/7745\/revisions"}],"predecessor-version":[{"id":7820,"href":"https:\/\/lerevedelouise.fr\/index.php\/wp-json\/wp\/v2\/pages\/7745\/revisions\/7820"}],"up":[{"embeddable":true,"href":"https:\/\/lerevedelouise.fr\/index.php\/wp-json\/wp\/v2\/pages\/480"}],"wp:attachment":[{"href":"https:\/\/lerevedelouise.fr\/index.php\/wp-json\/wp\/v2\/media?parent=7745"}],"curies":[{"name":"wp","href":"https:\/\/api.w.org\/{rel}","templated":true}]}}