{"id":7825,"date":"2023-07-03T15:47:24","date_gmt":"2023-07-03T13:47:24","guid":{"rendered":"https:\/\/lerevedelouise.fr\/?page_id=7825"},"modified":"2024-02-05T16:27:21","modified_gmt":"2024-02-05T15:27:21","slug":"case-57","status":"publish","type":"page","link":"https:\/\/lerevedelouise.fr\/index.php\/case-0\/case-57\/","title":{"rendered":"Case 57"},"content":{"rendered":"<span class=\"span-reading-time rt-reading-time\" style=\"display: block;\"><span class=\"rt-label rt-prefix\">Temps de lecture\u00a0: <\/span> <span class=\"rt-time\"> 2<\/span> <span class=\"rt-label rt-postfix\">minutes<\/span><\/span>\n<div class=\"wp-block-image is-style-default\"><figure class=\"aligncenter size-medium\"><a href=\"https:\/\/lerevedelouise.fr\/wp-content\/uploads\/2023\/04\/le-temps.jpg\"><img loading=\"lazy\" decoding=\"async\" width=\"300\" height=\"164\" src=\"https:\/\/lerevedelouise.fr\/wp-content\/uploads\/2023\/04\/le-temps-300x164.jpg\" alt=\"\" class=\"wp-image-7827\" srcset=\"https:\/\/lerevedelouise.fr\/wp-content\/uploads\/2023\/04\/le-temps-300x164.jpg 300w, https:\/\/lerevedelouise.fr\/wp-content\/uploads\/2023\/04\/le-temps-1024x561.jpg 1024w, https:\/\/lerevedelouise.fr\/wp-content\/uploads\/2023\/04\/le-temps-768x421.jpg 768w, https:\/\/lerevedelouise.fr\/wp-content\/uploads\/2023\/04\/le-temps.jpg 1280w\" sizes=\"auto, (max-width: 300px) 100vw, 300px\" \/><\/a><\/figure><\/div>\n\n\n\n<h4 class=\"has-text-color wp-block-heading\" style=\"color:#d7760c\">Le temps<\/h4>\n\n\n\n<p>Le temps n&rsquo;existe pas et pourtant nous ne faisons rien sans lui, de nos jours. Notre vie quotidienne est r\u00e9gl\u00e9e par le temps. Nous savons que nous devons faire certaines choses \u00e0 telle heure, \u00e0 tel instant pr\u00e9cis et nous r\u00e9glons toute notre vie sur nos montres et nos horloges. Toutefois, nous n&rsquo;avons pas tous exactement la m\u00eame notion du temps, car chacun d&rsquo;entre nous est guid\u00e9 par un rythme diff\u00e9rent. C&rsquo;est un fait dont nous sommes bien peu conscients, pris que nous sommes dans le tourbillon de nos habitudes et de nos obligations. Pourtant, chacun a son rythme et personne ne vie ni ne passe son temps de la m\u00eame mani\u00e8re. Lorsque nous ne sommes pas press\u00e9s par le temps, justement, nous pouvons nous en rendre compte. Et ceux d&rsquo;entre nous qui ne sont pas au m\u00eame rythme ont parfois beaucoup de difficult\u00e9s \u00e0 vivre ensemble. <\/p>\n\n\n\n<h4 class=\"has-text-color wp-block-heading\" style=\"color:#d7760c\">Signification<\/h4>\n\n\n\n<p>Lorsque votre pion se pose sur cette case, c&rsquo;est bien de votre temps et de votre rythme dont il est question, vous devez vous interroger \u00e0 ce sujet. Si l&rsquo;image de cette case fait plut\u00f4t allusion au temps qu&rsquo;il fait, c&rsquo;est \u00e0 dire au climat, \u00e0 la temp\u00e9rature ext\u00e9rieure, au intemp\u00e9ries \u00e9ventuelles, ce n&rsquo;est ni un hasard, ni une erreur, ni m\u00eame une tromperie. C&rsquo;est une volont\u00e9 de mettre l&rsquo;accent sur nos humeurs qui changent souvent, comme le changement de temps. Mais celui qui sait s&rsquo;accorder \u00e0 son propre rythme, qui agit quand il est temps et s&rsquo;abstient de la m\u00eame mani\u00e8re n&rsquo;est plus victime de ses changement d&rsquo;humeur qui le rendent instable comme le temps. Cette case vous conseille donc de vivre \u00e0 votre rythme. C&rsquo;est ainsi que vous ne serez plus victime des circonstances ext\u00e9rieures, ni influenc\u00e9 ou contraint par elles.<\/p>\n\n\n\n<p class=\"has-text-color has-small-font-size\" style=\"color:#d7760e\">Image de <a href=\"https:\/\/pixabay.com\/fr\/users\/12019-12019\/?utm_source=link-attribution&amp;utm_medium=referral&amp;utm_campaign=image&amp;utm_content=1589613\" target=\"_blank\" rel=\"noopener\" title=\"David Mark\">David Mark<\/a> de <a href=\"https:\/\/pixabay.com\/fr\/\" target=\"_blank\" rel=\"noopener\" title=\"Pixabay\">Pixabay<\/a><\/p>\n\n\n\n<p class=\"has-text-color has-small-font-size\" style=\"color:#d7760c\">Source : <a href=\"https:\/\/www.hachette-collections.com\/fr-fr\/?gclid=CjwKCAjw8J32BRBCEiwApQEKgdiFVIkH2wypRsYiCjhK4KTn5ifV_DR1FX_lAZt9mKdtG8ksfXzYzxoCfegQAvD_BwE\" target=\"_blank\" rel=\"noreferrer noopener\">les arts divina<em>toires \u2013 Hachette Collection<\/em><\/a><\/p>\n","protected":false},"excerpt":{"rendered":"<p>Le temps Le temps n&rsquo;existe pas et pourtant nous ne faisons rien sans lui, de nos jours. Notre vie quotidienne est r\u00e9gl\u00e9e par le temps. Nous savons que nous devons faire certaines choses \u00e0 telle heure, \u00e0 tel instant pr\u00e9cis et nous r\u00e9glons toute notre vie sur nos montres et nos horloges. Toutefois, nous n&rsquo;avons [&hellip;]<\/p>\n","protected":false},"author":1,"featured_media":0,"parent":480,"menu_order":57,"comment_status":"closed","ping_status":"closed","template":"","meta":{"_eb_attr":"","footnotes":""},"class_list":["post-7825","page","type-page","status-publish","hentry"],"_links":{"self":[{"href":"https:\/\/lerevedelouise.fr\/index.php\/wp-json\/wp\/v2\/pages\/7825","targetHints":{"allow":["GET"]}}],"collection":[{"href":"https:\/\/lerevedelouise.fr\/index.php\/wp-json\/wp\/v2\/pages"}],"about":[{"href":"https:\/\/lerevedelouise.fr\/index.php\/wp-json\/wp\/v2\/types\/page"}],"author":[{"embeddable":true,"href":"https:\/\/lerevedelouise.fr\/index.php\/wp-json\/wp\/v2\/users\/1"}],"replies":[{"embeddable":true,"href":"https:\/\/lerevedelouise.fr\/index.php\/wp-json\/wp\/v2\/comments?post=7825"}],"version-history":[{"count":5,"href":"https:\/\/lerevedelouise.fr\/index.php\/wp-json\/wp\/v2\/pages\/7825\/revisions"}],"predecessor-version":[{"id":8063,"href":"https:\/\/lerevedelouise.fr\/index.php\/wp-json\/wp\/v2\/pages\/7825\/revisions\/8063"}],"up":[{"embeddable":true,"href":"https:\/\/lerevedelouise.fr\/index.php\/wp-json\/wp\/v2\/pages\/480"}],"wp:attachment":[{"href":"https:\/\/lerevedelouise.fr\/index.php\/wp-json\/wp\/v2\/media?parent=7825"}],"curies":[{"name":"wp","href":"https:\/\/api.w.org\/{rel}","templated":true}]}}