{"id":8067,"date":"2023-07-04T16:12:51","date_gmt":"2023-07-04T14:12:51","guid":{"rendered":"https:\/\/lerevedelouise.fr\/?page_id=8067"},"modified":"2024-02-05T16:27:37","modified_gmt":"2024-02-05T15:27:37","slug":"case-58","status":"publish","type":"page","link":"https:\/\/lerevedelouise.fr\/index.php\/case-0\/case-58\/","title":{"rendered":"Case 58"},"content":{"rendered":"<span class=\"span-reading-time rt-reading-time\" style=\"display: block;\"><span class=\"rt-label rt-prefix\">Temps de lecture\u00a0: <\/span> <span class=\"rt-time\"> &lt;\u00a01<\/span> <span class=\"rt-label rt-postfix\">minute<\/span><\/span>\n<div class=\"wp-block-image is-style-default\"><figure class=\"aligncenter size-medium\"><a href=\"https:\/\/lerevedelouise.fr\/wp-content\/uploads\/2023\/07\/la-faucheuse.jpg\"><img loading=\"lazy\" decoding=\"async\" width=\"300\" height=\"265\" src=\"https:\/\/lerevedelouise.fr\/wp-content\/uploads\/2023\/07\/la-faucheuse-300x265.jpg\" alt=\"\" class=\"wp-image-8068\" srcset=\"https:\/\/lerevedelouise.fr\/wp-content\/uploads\/2023\/07\/la-faucheuse-300x265.jpg 300w, https:\/\/lerevedelouise.fr\/wp-content\/uploads\/2023\/07\/la-faucheuse.jpg 380w\" sizes=\"auto, (max-width: 300px) 100vw, 300px\" \/><\/a><\/figure><\/div>\n\n\n\n<h4 class=\"has-text-color wp-block-heading\" style=\"color:#d7760c\">La faucheuse<\/h4>\n\n\n\n<p>Bien s\u00fbr, il s&rsquo;agit d&rsquo;une mort symbolique, non physique, non r\u00e9elle. Elle symbolise plut\u00f4t la transformation, la fin d&rsquo;un cycle et le renouveau. Cela peut \u00eatre per\u00e7u comme une opportunit\u00e9 de croissance spirituelle et de renouvellement. La faucheuse peut \u00e9galement repr\u00e9senter une transition, une passation d&rsquo;un \u00e9tat \u00e0 un autre.<\/p>\n\n\n\n<h4 class=\"has-text-color wp-block-heading\" style=\"color:#d7760c\">Signification<\/h4>\n\n\n\n<p>Si votre pion se pose sur cette case, cela signifie que vous vous trouvez \u00e0 un tournant de votre vie. D&rsquo;une mani\u00e8re ou d&rsquo;une autre quelque soit le secteur de votre vie qui sera concern\u00e9, vous r\u00e9colterez les fruits de ce que vous avez sem\u00e9s. Si ces semailles furent faites \u00e0 bon escient au bon moment, avec de bonnes graines, ne doutez pas de l&rsquo;excellence de vos r\u00e9coltes. En revanche, si vous avez sem\u00e9 de mauvaises graines, vous r\u00e9colterez de mauvais fruits. C&rsquo;est aussi simple que cela. Mais dans l&rsquo;un ou l&rsquo;autre cas cette case indique un changement radical, un tournant donc, dans vote vie, dont vous pouvez consid\u00e9rer qu&rsquo;il est in\u00e9vitable, mais aussi n\u00e9cessaire et salutaire.<\/p>\n\n\n\n<p class=\"has-text-color has-small-font-size\" style=\"color:#d7760c\">Image de <a href=\"https:\/\/www.google.com\/search?q=la%20faucheuse&amp;tbm=isch&amp;client=firefox-b-d&amp;hl=fr&amp;sa=X&amp;ved=0CCAQtI8BKAJqFwoTCJDOwYLc8v8CFQAAAAAdAAAAABAO&amp;biw=1519&amp;bih=712#imgrc=DyuC2A-RyatKyM\" target=\"_blank\" rel=\"noopener\" title=\"\">Google <\/a><\/p>\n\n\n\n<p class=\"has-text-color has-small-font-size\" style=\"color:#d7760c\">Source : <a href=\"https:\/\/www.hachette-collections.com\/fr-fr\/?gclid=CjwKCAjw8J32BRBCEiwApQEKgdiFVIkH2wypRsYiCjhK4KTn5ifV_DR1FX_lAZt9mKdtG8ksfXzYzxoCfegQAvD_BwE\" target=\"_blank\" rel=\"noreferrer noopener\">les arts divina<em>toires \u2013 Hachette Collection<\/em><\/a><\/p>\n","protected":false},"excerpt":{"rendered":"<p>La faucheuse Bien s\u00fbr, il s&rsquo;agit d&rsquo;une mort symbolique, non physique, non r\u00e9elle. Elle symbolise plut\u00f4t la transformation, la fin d&rsquo;un cycle et le renouveau. Cela peut \u00eatre per\u00e7u comme une opportunit\u00e9 de croissance spirituelle et de renouvellement. La faucheuse peut \u00e9galement repr\u00e9senter une transition, une passation d&rsquo;un \u00e9tat \u00e0 un autre. Signification Si votre [&hellip;]<\/p>\n","protected":false},"author":1,"featured_media":0,"parent":480,"menu_order":58,"comment_status":"closed","ping_status":"closed","template":"","meta":{"_eb_attr":"","footnotes":""},"class_list":["post-8067","page","type-page","status-publish","hentry"],"_links":{"self":[{"href":"https:\/\/lerevedelouise.fr\/index.php\/wp-json\/wp\/v2\/pages\/8067","targetHints":{"allow":["GET"]}}],"collection":[{"href":"https:\/\/lerevedelouise.fr\/index.php\/wp-json\/wp\/v2\/pages"}],"about":[{"href":"https:\/\/lerevedelouise.fr\/index.php\/wp-json\/wp\/v2\/types\/page"}],"author":[{"embeddable":true,"href":"https:\/\/lerevedelouise.fr\/index.php\/wp-json\/wp\/v2\/users\/1"}],"replies":[{"embeddable":true,"href":"https:\/\/lerevedelouise.fr\/index.php\/wp-json\/wp\/v2\/comments?post=8067"}],"version-history":[{"count":3,"href":"https:\/\/lerevedelouise.fr\/index.php\/wp-json\/wp\/v2\/pages\/8067\/revisions"}],"predecessor-version":[{"id":8080,"href":"https:\/\/lerevedelouise.fr\/index.php\/wp-json\/wp\/v2\/pages\/8067\/revisions\/8080"}],"up":[{"embeddable":true,"href":"https:\/\/lerevedelouise.fr\/index.php\/wp-json\/wp\/v2\/pages\/480"}],"wp:attachment":[{"href":"https:\/\/lerevedelouise.fr\/index.php\/wp-json\/wp\/v2\/media?parent=8067"}],"curies":[{"name":"wp","href":"https:\/\/api.w.org\/{rel}","templated":true}]}}