{"id":8081,"date":"2023-07-10T15:42:11","date_gmt":"2023-07-10T13:42:11","guid":{"rendered":"https:\/\/lerevedelouise.fr\/?page_id=8081"},"modified":"2024-02-05T16:27:52","modified_gmt":"2024-02-05T15:27:52","slug":"case-59","status":"publish","type":"page","link":"https:\/\/lerevedelouise.fr\/index.php\/case-0\/case-59\/","title":{"rendered":"Case 59"},"content":{"rendered":"<span class=\"span-reading-time rt-reading-time\" style=\"display: block;\"><span class=\"rt-label rt-prefix\">Temps de lecture\u00a0: <\/span> <span class=\"rt-time\"> 2<\/span> <span class=\"rt-label rt-postfix\">minutes<\/span><\/span>\n<div class=\"wp-block-image is-style-default\"><figure class=\"aligncenter size-medium\"><a href=\"https:\/\/lerevedelouise.fr\/wp-content\/uploads\/2023\/07\/spiral.png\"><img loading=\"lazy\" decoding=\"async\" width=\"284\" height=\"300\" src=\"https:\/\/lerevedelouise.fr\/wp-content\/uploads\/2023\/07\/spiral-284x300.png\" alt=\"\" class=\"wp-image-8082\" srcset=\"https:\/\/lerevedelouise.fr\/wp-content\/uploads\/2023\/07\/spiral-284x300.png 284w, https:\/\/lerevedelouise.fr\/wp-content\/uploads\/2023\/07\/spiral-968x1024.png 968w, https:\/\/lerevedelouise.fr\/wp-content\/uploads\/2023\/07\/spiral-768x812.png 768w, https:\/\/lerevedelouise.fr\/wp-content\/uploads\/2023\/07\/spiral.png 1210w\" sizes=\"auto, (max-width: 284px) 100vw, 284px\" \/><\/a><\/figure><\/div>\n\n\n\n<h4 class=\"has-text-color wp-block-heading\" style=\"color:#d7760e\">La spirale<\/h4>\n\n\n\n<p>Le parcours du jeu de l&rsquo;Oie figure une spirale centrip\u00e8te, c&rsquo;est \u00e0 dire partant d&rsquo;un point ext\u00e9rieur pour se d\u00e9velopper vers le centre. Elle repr\u00e9sente de nombreuses analogies avec les significations symboliques du labyrinthe qui se trouve \u00e0 la case 42 de ce parcours. Cependant, la spirale qui nous est propos\u00e9e ici est centrifuge, c&rsquo;est \u00e0 dire qu&rsquo;elle part d&rsquo;un point central pour se d\u00e9velopper \u00e0 l&rsquo;ext\u00e9rieur. C&rsquo;est un symbole de vie \u00e9ternelle, de f\u00e9condit\u00e9, d&rsquo;\u00e9volution et d&rsquo;accomplissement de soi.<\/p>\n\n\n\n<h4 class=\"has-text-color wp-block-heading\" style=\"color:#d7760c\">Signification<\/h4>\n\n\n\n<p> Si votre pion se pose sur cette case, vous pouvez vous tourner vers le monde ext\u00e9rieur en toute confiance, en \u00e9tant certain de pouvoir vous \u00e9panouir, vous accomplir, \u00e9voluer pleinement comme vous le voulez. C&rsquo;est, en d&rsquo;autres termes, ce que vous indique cette case. Vous pouvez donc agir et vivre en toute confiance, car elle vous confirme que vous \u00e9voluez dans le bon sens. Quelles que soient vos pr\u00e9occupations, vos actions entreprises, vos initiatives du moment, vous poursuivez une bonne croissance, vous \u00eates en pleine expansion. Ayant pris un bon d\u00e9part en vous appuyant sur des valeurs et des principes bien ancr\u00e9s en vous, il n&rsquo;y a aucune raison pour que vous ne puissiez pas accomplir vos v\u0153ux. C&rsquo;est l&rsquo;une des plus belles cases de ce jeu de l&rsquo;Oie, avec le diamant et le jardin qui vont suivre.<\/p>\n\n\n\n<p class=\"has-text-color has-small-font-size\" style=\"color:#d7760c\">Image de<a href=\"https:\/\/pixabay.com\/fr\/users\/clker-free-vector-images-3736\/\" target=\"_blank\" rel=\"noopener\" title=\"\"> Clker-Free-Vector<\/a>-Images de <a href=\"https:\/\/pixabay.com\/fr\/\" target=\"_blank\" rel=\"noreferrer noopener\">Pixabay<\/a><\/p>\n\n\n\n<p class=\"has-text-color has-small-font-size\" style=\"color:#d7760c\">Source : <a href=\"https:\/\/www.hachette-collections.com\/fr-fr\/?gclid=CjwKCAjw8J32BRBCEiwApQEKgdiFVIkH2wypRsYiCjhK4KTn5ifV_DR1FX_lAZt9mKdtG8ksfXzYzxoCfegQAvD_BwE\" target=\"_blank\" rel=\"noreferrer noopener\">les arts divina<em>toires \u2013 Hachette Collection<\/em><\/a><\/p>\n","protected":false},"excerpt":{"rendered":"<p>La spirale Le parcours du jeu de l&rsquo;Oie figure une spirale centrip\u00e8te, c&rsquo;est \u00e0 dire partant d&rsquo;un point ext\u00e9rieur pour se d\u00e9velopper vers le centre. Elle repr\u00e9sente de nombreuses analogies avec les significations symboliques du labyrinthe qui se trouve \u00e0 la case 42 de ce parcours. Cependant, la spirale qui nous est propos\u00e9e ici est [&hellip;]<\/p>\n","protected":false},"author":1,"featured_media":0,"parent":480,"menu_order":59,"comment_status":"closed","ping_status":"closed","template":"","meta":{"_eb_attr":"","footnotes":""},"class_list":["post-8081","page","type-page","status-publish","hentry"],"_links":{"self":[{"href":"https:\/\/lerevedelouise.fr\/index.php\/wp-json\/wp\/v2\/pages\/8081","targetHints":{"allow":["GET"]}}],"collection":[{"href":"https:\/\/lerevedelouise.fr\/index.php\/wp-json\/wp\/v2\/pages"}],"about":[{"href":"https:\/\/lerevedelouise.fr\/index.php\/wp-json\/wp\/v2\/types\/page"}],"author":[{"embeddable":true,"href":"https:\/\/lerevedelouise.fr\/index.php\/wp-json\/wp\/v2\/users\/1"}],"replies":[{"embeddable":true,"href":"https:\/\/lerevedelouise.fr\/index.php\/wp-json\/wp\/v2\/comments?post=8081"}],"version-history":[{"count":6,"href":"https:\/\/lerevedelouise.fr\/index.php\/wp-json\/wp\/v2\/pages\/8081\/revisions"}],"predecessor-version":[{"id":8108,"href":"https:\/\/lerevedelouise.fr\/index.php\/wp-json\/wp\/v2\/pages\/8081\/revisions\/8108"}],"up":[{"embeddable":true,"href":"https:\/\/lerevedelouise.fr\/index.php\/wp-json\/wp\/v2\/pages\/480"}],"wp:attachment":[{"href":"https:\/\/lerevedelouise.fr\/index.php\/wp-json\/wp\/v2\/media?parent=8081"}],"curies":[{"name":"wp","href":"https:\/\/api.w.org\/{rel}","templated":true}]}}