{"id":8105,"date":"2023-07-20T18:03:04","date_gmt":"2023-07-20T16:03:04","guid":{"rendered":"https:\/\/lerevedelouise.fr\/?page_id=8105"},"modified":"2024-02-05T16:28:05","modified_gmt":"2024-02-05T15:28:05","slug":"case-60","status":"publish","type":"page","link":"https:\/\/lerevedelouise.fr\/index.php\/case-0\/case-60\/","title":{"rendered":"Case 60"},"content":{"rendered":"<span class=\"span-reading-time rt-reading-time\" style=\"display: block;\"><span class=\"rt-label rt-prefix\">Temps de lecture\u00a0: <\/span> <span class=\"rt-time\"> &lt;\u00a01<\/span> <span class=\"rt-label rt-postfix\">minute<\/span><\/span>\n<div class=\"wp-block-image is-style-default\"><figure class=\"aligncenter size-medium\"><a href=\"https:\/\/lerevedelouise.fr\/wp-content\/uploads\/2023\/07\/arche.png\"><img loading=\"lazy\" decoding=\"async\" width=\"300\" height=\"159\" src=\"https:\/\/lerevedelouise.fr\/wp-content\/uploads\/2023\/07\/arche-300x159.png\" alt=\"\" class=\"wp-image-8086\" srcset=\"https:\/\/lerevedelouise.fr\/wp-content\/uploads\/2023\/07\/arche-300x159.png 300w, https:\/\/lerevedelouise.fr\/wp-content\/uploads\/2023\/07\/arche-1024x542.png 1024w, https:\/\/lerevedelouise.fr\/wp-content\/uploads\/2023\/07\/arche-768x407.png 768w, https:\/\/lerevedelouise.fr\/wp-content\/uploads\/2023\/07\/arche.png 1280w\" sizes=\"auto, (max-width: 300px) 100vw, 300px\" \/><\/a><\/figure><\/div>\n\n\n\n<h4 class=\"has-text-color wp-block-heading\" style=\"color:#d7760c\">L&rsquo;arche<\/h4>\n\n\n\n<p>Une fois encore, nous tombons sur un symbole qui pr\u00e9sente certaines similitudes de sens avec des symboles pr\u00e9sents dans d&rsquo;autres cases de ce parcours. En effet, on peut  rapprocher l&rsquo;arche des symboles du pont, de l&rsquo;\u00e9chelle et de l&rsquo;arc en ciel. Toutefois, ici, il faut surtout comprendre ce symbole au sens d&rsquo;une lib\u00e9ration ou d&rsquo;une r\u00e9demption. En effet, il est question ici de l&rsquo;expression \u00ab\u00a0se sauver\u00a0\u00bb, qui signifie aussi bien fuir que se lib\u00e9rer. Or l&rsquo;arche correspond bien au pont entre ce qui retient, emp\u00eache, contraint, freine et ce qui sauve, lib\u00e8re, soulage et sauvegarde.<\/p>\n\n\n\n<h4 class=\"has-text-color wp-block-heading\" style=\"color:#d7760c\">Signification    <\/h4>\n\n\n\n<p>Quand votre pion se pose sur cette case, on peut pratiquement et concr\u00e8tement dire qu&rsquo;en cas de litige, de conflit, de crise dans votre vie, tout indique que cela va s&rsquo;arranger. D&rsquo;autre part, si vous traversez une p\u00e9riode  de difficult\u00e9s, elle r\u00e9v\u00e8le que vous allez tr\u00e8s bient\u00f4t pouvoir trouver une issue et vous en sortir intact. Bref quelles que soient les circonstances dans lesquelles vous vous trouvez, cette case annonce une d\u00e9livrance, un soulagement, une lib\u00e9ration.<\/p>\n\n\n\n<p class=\"has-text-color has-small-font-size\" style=\"color:#d7760c\">Image de <a href=\"https:\/\/pixabay.com\/fr\/users\/openclipart-vectors-30363\/?utm_source=link-attribution&amp;utm_medium=referral&amp;utm_campaign=image&amp;utm_content=1297656\" target=\"_blank\" rel=\"noreferrer noopener\">OpenClipart-Vectors <\/a>de <a href=\"https:\/\/pixabay.com\/fr\/\" target=\"_blank\" rel=\"noreferrer noopener\">Pixabay<\/a> <\/p>\n\n\n\n<p class=\"has-text-color has-small-font-size\" style=\"color:#d7760c\">Source : <a href=\"https:\/\/www.hachette-collections.com\/fr-fr\/?gclid=CjwKCAjw8J32BRBCEiwApQEKgdiFVIkH2wypRsYiCjhK4KTn5ifV_DR1FX_lAZt9mKdtG8ksfXzYzxoCfegQAvD_BwE\" target=\"_blank\" rel=\"noreferrer noopener\">les arts divina<em>toires \u2013 Hachette Collection<\/em><\/a><\/p>\n","protected":false},"excerpt":{"rendered":"<p>L&rsquo;arche Une fois encore, nous tombons sur un symbole qui pr\u00e9sente certaines similitudes de sens avec des symboles pr\u00e9sents dans d&rsquo;autres cases de ce parcours. En effet, on peut rapprocher l&rsquo;arche des symboles du pont, de l&rsquo;\u00e9chelle et de l&rsquo;arc en ciel. Toutefois, ici, il faut surtout comprendre ce symbole au sens d&rsquo;une lib\u00e9ration ou [&hellip;]<\/p>\n","protected":false},"author":1,"featured_media":0,"parent":480,"menu_order":60,"comment_status":"closed","ping_status":"closed","template":"","meta":{"_eb_attr":"","footnotes":""},"class_list":["post-8105","page","type-page","status-publish","hentry"],"_links":{"self":[{"href":"https:\/\/lerevedelouise.fr\/index.php\/wp-json\/wp\/v2\/pages\/8105","targetHints":{"allow":["GET"]}}],"collection":[{"href":"https:\/\/lerevedelouise.fr\/index.php\/wp-json\/wp\/v2\/pages"}],"about":[{"href":"https:\/\/lerevedelouise.fr\/index.php\/wp-json\/wp\/v2\/types\/page"}],"author":[{"embeddable":true,"href":"https:\/\/lerevedelouise.fr\/index.php\/wp-json\/wp\/v2\/users\/1"}],"replies":[{"embeddable":true,"href":"https:\/\/lerevedelouise.fr\/index.php\/wp-json\/wp\/v2\/comments?post=8105"}],"version-history":[{"count":4,"href":"https:\/\/lerevedelouise.fr\/index.php\/wp-json\/wp\/v2\/pages\/8105\/revisions"}],"predecessor-version":[{"id":8164,"href":"https:\/\/lerevedelouise.fr\/index.php\/wp-json\/wp\/v2\/pages\/8105\/revisions\/8164"}],"up":[{"embeddable":true,"href":"https:\/\/lerevedelouise.fr\/index.php\/wp-json\/wp\/v2\/pages\/480"}],"wp:attachment":[{"href":"https:\/\/lerevedelouise.fr\/index.php\/wp-json\/wp\/v2\/media?parent=8105"}],"curies":[{"name":"wp","href":"https:\/\/api.w.org\/{rel}","templated":true}]}}