{"id":8157,"date":"2023-12-02T14:09:09","date_gmt":"2023-12-02T13:09:09","guid":{"rendered":"https:\/\/lerevedelouise.fr\/?page_id=8157"},"modified":"2024-02-05T16:28:18","modified_gmt":"2024-02-05T15:28:18","slug":"case-61","status":"publish","type":"page","link":"https:\/\/lerevedelouise.fr\/index.php\/case-0\/case-61\/","title":{"rendered":"Case 61"},"content":{"rendered":"<span class=\"span-reading-time rt-reading-time\" style=\"display: block;\"><span class=\"rt-label rt-prefix\">Temps de lecture\u00a0: <\/span> <span class=\"rt-time\"> 2<\/span> <span class=\"rt-label rt-postfix\">minutes<\/span><\/span>\n<div class=\"wp-block-image is-style-default\"><figure class=\"aligncenter size-thumbnail\"><a href=\"https:\/\/lerevedelouise.fr\/wp-content\/uploads\/2023\/07\/diamant.png\"><img loading=\"lazy\" decoding=\"async\" width=\"150\" height=\"150\" src=\"https:\/\/lerevedelouise.fr\/wp-content\/uploads\/2023\/07\/diamant-150x150.png\" alt=\"\" class=\"wp-image-8158\" srcset=\"https:\/\/lerevedelouise.fr\/wp-content\/uploads\/2023\/07\/diamant-150x150.png 150w, https:\/\/lerevedelouise.fr\/wp-content\/uploads\/2023\/07\/diamant-300x300.png 300w, https:\/\/lerevedelouise.fr\/wp-content\/uploads\/2023\/07\/diamant-1024x1024.png 1024w, https:\/\/lerevedelouise.fr\/wp-content\/uploads\/2023\/07\/diamant-768x768.png 768w, https:\/\/lerevedelouise.fr\/wp-content\/uploads\/2023\/07\/diamant-80x80.png 80w, https:\/\/lerevedelouise.fr\/wp-content\/uploads\/2023\/07\/diamant.png 1280w\" sizes=\"auto, (max-width: 150px) 100vw, 150px\" \/><\/a><\/figure><\/div>\n\n\n\n<h4 class=\"has-text-color wp-block-heading\" style=\"color:#d7760c\">Le diamant<\/h4>\n\n\n\n<p>C&rsquo;est un des plus beaux symboles qui soient. Il n&rsquo;a pas subi l&rsquo;\u00e9preuve du temps. Il est rest\u00e9 aussi pr\u00e9cieux \u00e0 nos yeux, qu&rsquo;il l&rsquo;\u00e9tait \u00e0 ceux de nos anc\u00eatres. Certes, on peut attribuer cela \u00e0 sa raret\u00e9, au fait qu&rsquo;il faut des mill\u00e9naires \u00e0 la terre pour le produire. Mais il est vrai qu&rsquo;il poss\u00e8de un \u00e9clat exceptionnel et qu&rsquo;on a l&rsquo;impression, en le voyant et le touchant, que l&rsquo;on est en pr\u00e9sence d&rsquo;une pierre incomparable, proche de la perfection et d&rsquo;une puret\u00e9 totale, il symbolise l&rsquo;une et l&rsquo;autre d&rsquo;ailleurs. L&rsquo;innocence, la v\u00e9rit\u00e9, les vertus les plus nobles et hautes de l&rsquo;\u00e2me, de l&rsquo;esprit et du c\u0153ur s&rsquo;y rattachent. Aussi loin qu&rsquo;on se reporte, disions-nous d\u00e9j\u00e0, on s&rsquo;aper\u00e7oit que le diamant a \u00e9t\u00e9 porteur de vertus bienfaisantes et salvatrices. Il est cens\u00e9 procurer force, harmonie, amour, droiture, loyaut\u00e9, fid\u00e9lit\u00e9, s\u00e9r\u00e9nit\u00e9, sagesse, bonheur, richesse, fermet\u00e9, pouvoir absolu. Et beaucoup de femmes de nos jours encore, le prennent comme le plus beau et le plus pr\u00e9cieux des joyaux.<\/p>\n\n\n\n<h4 class=\"has-text-color wp-block-heading\" style=\"color:#d7760e\">Signification<\/h4>\n\n\n\n<p>Comme on s&rsquo;en doute si votre pion se pose sur cette cas, cela est de tr\u00e8s bonne augure pour vous. En effet, en plus d&rsquo;\u00eatre une promesse de voir tous vos v\u0153ux se r\u00e9aliser ou du moins l&rsquo;un de vos souhaits s&rsquo;accomplir \u00e0 la perfection, c&rsquo;est le gage d&rsquo;une protection providentielle dont vous b\u00e9n\u00e9ficierez s\u00fbrement encore dans les jours, semaines ou mois \u00e0 venir.<\/p>\n\n\n\n<p class=\"has-text-color has-small-font-size\" style=\"color:#d7760c\">Image de <a href=\"https:\/\/pixabay.com\/fr\/users\/bijutoha-127394\/\" target=\"_blank\" rel=\"noopener\" title=\"\">bijutoha<\/a> de <a href=\"https:\/\/pixabay.com\/fr\/\" target=\"_blank\" rel=\"noreferrer noopener\">Pixabay<\/a> <\/p>\n\n\n\n<p class=\"has-text-color has-small-font-size\" style=\"color:#d7760e\">Source : <a href=\"https:\/\/www.hachette-collections.com\/fr-fr\/?gclid=CjwKCAjw8J32BRBCEiwApQEKgdiFVIkH2wypRsYiCjhK4KTn5ifV_DR1FX_lAZt9mKdtG8ksfXzYzxoCfegQAvD_BwE\" target=\"_blank\" rel=\"noreferrer noopener\">les arts divina<em>toires \u2013 Hachette Collection<\/em><\/a><\/p>\n","protected":false},"excerpt":{"rendered":"<p>Le diamant C&rsquo;est un des plus beaux symboles qui soient. Il n&rsquo;a pas subi l&rsquo;\u00e9preuve du temps. Il est rest\u00e9 aussi pr\u00e9cieux \u00e0 nos yeux, qu&rsquo;il l&rsquo;\u00e9tait \u00e0 ceux de nos anc\u00eatres. Certes, on peut attribuer cela \u00e0 sa raret\u00e9, au fait qu&rsquo;il faut des mill\u00e9naires \u00e0 la terre pour le produire. Mais il est [&hellip;]<\/p>\n","protected":false},"author":1,"featured_media":0,"parent":480,"menu_order":61,"comment_status":"closed","ping_status":"closed","template":"","meta":{"_eb_attr":"","footnotes":""},"class_list":["post-8157","page","type-page","status-publish","hentry"],"_links":{"self":[{"href":"https:\/\/lerevedelouise.fr\/index.php\/wp-json\/wp\/v2\/pages\/8157","targetHints":{"allow":["GET"]}}],"collection":[{"href":"https:\/\/lerevedelouise.fr\/index.php\/wp-json\/wp\/v2\/pages"}],"about":[{"href":"https:\/\/lerevedelouise.fr\/index.php\/wp-json\/wp\/v2\/types\/page"}],"author":[{"embeddable":true,"href":"https:\/\/lerevedelouise.fr\/index.php\/wp-json\/wp\/v2\/users\/1"}],"replies":[{"embeddable":true,"href":"https:\/\/lerevedelouise.fr\/index.php\/wp-json\/wp\/v2\/comments?post=8157"}],"version-history":[{"count":4,"href":"https:\/\/lerevedelouise.fr\/index.php\/wp-json\/wp\/v2\/pages\/8157\/revisions"}],"predecessor-version":[{"id":8478,"href":"https:\/\/lerevedelouise.fr\/index.php\/wp-json\/wp\/v2\/pages\/8157\/revisions\/8478"}],"up":[{"embeddable":true,"href":"https:\/\/lerevedelouise.fr\/index.php\/wp-json\/wp\/v2\/pages\/480"}],"wp:attachment":[{"href":"https:\/\/lerevedelouise.fr\/index.php\/wp-json\/wp\/v2\/media?parent=8157"}],"curies":[{"name":"wp","href":"https:\/\/api.w.org\/{rel}","templated":true}]}}