{"id":827,"date":"2020-05-28T01:12:14","date_gmt":"2020-05-27T23:12:14","guid":{"rendered":"https:\/\/lerevedelouise.fr\/?page_id=827"},"modified":"2024-02-05T16:06:41","modified_gmt":"2024-02-05T15:06:41","slug":"case-9","status":"publish","type":"page","link":"https:\/\/lerevedelouise.fr\/index.php\/case-0\/case-9\/","title":{"rendered":"Case 9"},"content":{"rendered":"<span class=\"span-reading-time rt-reading-time\" style=\"display: block;\"><span class=\"rt-label rt-prefix\">Temps de lecture\u00a0: <\/span> <span class=\"rt-time\"> 2<\/span> <span class=\"rt-label rt-postfix\">minutes<\/span><\/span>\n<h4 class=\"wp-block-heading\"><span style=\"color:#d7760e\" class=\"has-inline-color\">La premi\u00e8re Oie<\/span><\/h4>\n\n\n\n<div class=\"wp-block-image\"><figure class=\"aligncenter size-medium\"><a href=\"https:\/\/lerevedelouise.fr\/wp-content\/uploads\/2020\/05\/oie-blanche-1-1.jpg\"><img loading=\"lazy\" decoding=\"async\" width=\"300\" height=\"225\" src=\"https:\/\/lerevedelouise.fr\/wp-content\/uploads\/2020\/05\/oie-blanche-1-1-300x225.jpg\" alt=\"\" class=\"wp-image-829\" srcset=\"https:\/\/lerevedelouise.fr\/wp-content\/uploads\/2020\/05\/oie-blanche-1-1-300x225.jpg 300w, https:\/\/lerevedelouise.fr\/wp-content\/uploads\/2020\/05\/oie-blanche-1-1-600x450.jpg 600w, https:\/\/lerevedelouise.fr\/wp-content\/uploads\/2020\/05\/oie-blanche-1-1-1024x768.jpg 1024w, https:\/\/lerevedelouise.fr\/wp-content\/uploads\/2020\/05\/oie-blanche-1-1-768x576.jpg 768w, https:\/\/lerevedelouise.fr\/wp-content\/uploads\/2020\/05\/oie-blanche-1-1.jpg 1280w\" sizes=\"auto, (max-width: 300px) 100vw, 300px\" \/><\/a><\/figure><\/div>\n\n\n\n<p>A chaque d\u00e9but de cycle une oie appara\u00eet, il y en a 7 dans le jeu de l&rsquo;oie. Chacune d&rsquo;elles a une signification particuli\u00e8re, qui correspond plus ou moins \u00e0 l&rsquo;\u00e9volution progressive du consultant, \u00e0 passage. On pourrait consid\u00e9rer qu&rsquo;il existe une avant-premi\u00e8re oie, puisque juste avant la case 0 (la  porte) une oie figure au d\u00e9but du parcours. Cependant, celle-ci ne peut pas \u00eatre prise en compte dans votre tirage, car elle est une \u00e9tape obligatoire,  celle du d\u00e9part et l&rsquo;on ne peut faire autrement que d&rsquo;y placer son pion avant d&rsquo;entamer le parcours. D\u00e8s lors, c&rsquo;est moins la symbolique de l&rsquo;oie qui doit retenir notre attention ici que ce que signifie chacune des 7 oies qui vont intervenir tout le long du parcours. <\/p>\n\n\n\n<h4 class=\"wp-block-heading\"><span style=\"color:#d7760e\" class=\"has-inline-color\">Signification<\/span><\/h4>\n\n\n\n<p>Elle r\u00e9v\u00e8le toujours une prise de conscience importante, qui vous incline \u00e0 r\u00e9aliser que vous \u00eates seul \u00e0 pouvoir choisir et agir. Ici, seul ne signifie pas isol\u00e9, contraint forc\u00e9, retenu enferm\u00e9, mais plut\u00f4t livr\u00e9 \u00e0 vous-m\u00eame pour pouvoir exercer votre libre arbitre. C&rsquo;est donc dans cet \u00e9tat d&rsquo;esprit que vous serez dans toutes les situations r\u00e9v\u00e9l\u00e9es par les cases suivantes.<\/p>\n\n\n\n<p class=\"has-small-font-size\"><span style=\"color:#d7760e\" class=\"has-inline-color\">Image par :<\/span> <a href=\"https:\/\/fr.wikipedia.org\/wiki\/Fichier:Oie_blanche_052006.JPG\" target=\"_blank\" rel=\"noopener\">Wikip\u00e9dia<\/a><\/p>\n\n\n\n<p class=\"has-small-font-size\"><span style=\"color:#d7760e\" class=\"has-inline-color\">Source : <\/span><a href=\"https:\/\/www.hachette-collections.com\/fr-fr\/?gclid=CjwKCAjw8J32BRBCEiwApQEKgdiFVIkH2wypRsYiCjhK4KTn5ifV_DR1FX_lAZt9mKdtG8ksfXzYzxoCfegQAvD_BwE\" target=\"_blank\" rel=\"noreferrer noopener\">les arts divina<em>toires \u2013 Hachette Collection<\/em><\/a><\/p>\n","protected":false},"excerpt":{"rendered":"<p>La premi\u00e8re Oie A chaque d\u00e9but de cycle une oie appara\u00eet, il y en a 7 dans le jeu de l&rsquo;oie. Chacune d&rsquo;elles a une signification particuli\u00e8re, qui correspond plus ou moins \u00e0 l&rsquo;\u00e9volution progressive du consultant, \u00e0 passage. On pourrait consid\u00e9rer qu&rsquo;il existe une avant-premi\u00e8re oie, puisque juste avant la case 0 (la porte) [&hellip;]<\/p>\n","protected":false},"author":1,"featured_media":0,"parent":480,"menu_order":9,"comment_status":"closed","ping_status":"closed","template":"","meta":{"_eb_attr":"","footnotes":""},"class_list":["post-827","page","type-page","status-publish","hentry"],"_links":{"self":[{"href":"https:\/\/lerevedelouise.fr\/index.php\/wp-json\/wp\/v2\/pages\/827","targetHints":{"allow":["GET"]}}],"collection":[{"href":"https:\/\/lerevedelouise.fr\/index.php\/wp-json\/wp\/v2\/pages"}],"about":[{"href":"https:\/\/lerevedelouise.fr\/index.php\/wp-json\/wp\/v2\/types\/page"}],"author":[{"embeddable":true,"href":"https:\/\/lerevedelouise.fr\/index.php\/wp-json\/wp\/v2\/users\/1"}],"replies":[{"embeddable":true,"href":"https:\/\/lerevedelouise.fr\/index.php\/wp-json\/wp\/v2\/comments?post=827"}],"version-history":[{"count":12,"href":"https:\/\/lerevedelouise.fr\/index.php\/wp-json\/wp\/v2\/pages\/827\/revisions"}],"predecessor-version":[{"id":4277,"href":"https:\/\/lerevedelouise.fr\/index.php\/wp-json\/wp\/v2\/pages\/827\/revisions\/4277"}],"up":[{"embeddable":true,"href":"https:\/\/lerevedelouise.fr\/index.php\/wp-json\/wp\/v2\/pages\/480"}],"wp:attachment":[{"href":"https:\/\/lerevedelouise.fr\/index.php\/wp-json\/wp\/v2\/media?parent=827"}],"curies":[{"name":"wp","href":"https:\/\/api.w.org\/{rel}","templated":true}]}}