{"id":8508,"date":"2023-12-05T00:03:09","date_gmt":"2023-12-04T23:03:09","guid":{"rendered":"https:\/\/lerevedelouise.fr\/?page_id=8508"},"modified":"2024-02-05T16:28:49","modified_gmt":"2024-02-05T15:28:49","slug":"case-63","status":"publish","type":"page","link":"https:\/\/lerevedelouise.fr\/index.php\/case-0\/case-63\/","title":{"rendered":"Case 63"},"content":{"rendered":"<span class=\"span-reading-time rt-reading-time\" style=\"display: block;\"><span class=\"rt-label rt-prefix\">Temps de lecture\u00a0: <\/span> <span class=\"rt-time\"> 2<\/span> <span class=\"rt-label rt-postfix\">minutes<\/span><\/span>\n<div class=\"wp-block-image is-style-default\"><figure class=\"aligncenter size-medium\"><a href=\"https:\/\/lerevedelouise.fr\/wp-content\/uploads\/2022\/02\/oie-3.jpg\"><img loading=\"lazy\" decoding=\"async\" width=\"300\" height=\"201\" src=\"https:\/\/lerevedelouise.fr\/wp-content\/uploads\/2022\/02\/oie-3-300x201.jpg\" alt=\"\" class=\"wp-image-3703\" srcset=\"https:\/\/lerevedelouise.fr\/wp-content\/uploads\/2022\/02\/oie-3-300x201.jpg 300w, https:\/\/lerevedelouise.fr\/wp-content\/uploads\/2022\/02\/oie-3-272x182.jpg 272w, https:\/\/lerevedelouise.fr\/wp-content\/uploads\/2022\/02\/oie-3.jpg 400w\" sizes=\"auto, (max-width: 300px) 100vw, 300px\" \/><\/a><\/figure><\/div>\n\n\n\n<h4 class=\"has-text-color wp-block-heading\" style=\"color:#d7760e\">La septi\u00e8me Oie<\/h4>\n\n\n\n<p>Le parcours se termine avec la rencontre d&rsquo;une septi\u00e8me Oie, mais dans la vie la partie n&rsquo;est jamais finie. On peut parvenir \u00e0 obtenir ce que l&rsquo;on veut \u00e0 accomplir nos r\u00eaves, projets, id\u00e9es, nos v\u0153ux, nos ambitions, mais la vie est \u00e9ternel recommencement, un \u00e9ternel retour.<\/p>\n\n\n\n<h4 class=\"has-text-color wp-block-heading\" style=\"color:#d7760e\">Signification<\/h4>\n\n\n\n<p>Si votre pion tombe sur cette case, la septi\u00e8me Oie vous d\u00e9livre un message que rien n&rsquo;est jamais d\u00e9finitif ici-bas. Cette case vous permet de vous identifier au temps qui passe. Vous devenez le temps qui ne s&rsquo;arr\u00eate jamais. Vous demeurez vous-m\u00eame tandis que autour de vous, tout change, bouge, se transforme, appara\u00eet, dispara\u00eet, meurt et rena\u00eet. Vous vivez au rythme du temps, mais vous \u00eates immuable. Vous vous d\u00e9placez dans le temps et en m\u00eame  et pourtant vous \u00eates immobile. Tel est le paradoxe de la vie sur Terre. Votre mental et votre corps bougent sans cesse, vous dit la septi\u00e8me Oie, mais votre \u00e2me, l&rsquo;essence de votre vie, ne bouge pas. Ainsi, le message ultime d\u00e9livr\u00e9 par ce jeu initiatique est que, celui qui est au c\u0153ur du mouvement, qui fait se mouvoir toutes choses ici-bas, est immobile.<\/p>\n\n\n\n<p class=\"has-text-color has-small-font-size\" style=\"color:#d7760e\">Images : <a href=\"https:\/\/www.google.com\/search?q=oie+blanche+sauvage&amp;tbm=isch&amp;ved=2ahUKEwiuivjfmfSCAxV1micCHcVRAwAQ2-cCegQIABAA&amp;oq=oie+blanche+sauvage&amp;gs_lcp=CgNpbWcQAzIECCMQJzIGCAAQCBAeUABYAGDdBmgAcAB4AIABQIgBQJIBATGYAQCqAQtnd3Mtd2l6LWltZ8ABAQ&amp;sclient=img&amp;ei=w_FsZe6cAfW0nsEPxaMN&amp;bih=739&amp;biw=1519&amp;client=firefox-b-d&amp;hl=fr\" target=\"_blank\" rel=\"noopener\" title=\"Google\">Google<\/a><\/p>\n\n\n\n<p class=\"has-text-color has-small-font-size\" style=\"color:#d7760e\">Source : <a href=\"https:\/\/www.hachette-collections.com\/fr-fr\/?gclid=CjwKCAjw8J32BRBCEiwApQEKgdiFVIkH2wypRsYiCjhK4KTn5ifV_DR1FX_lAZt9mKdtG8ksfXzYzxoCfegQAvD_BwE\" target=\"_blank\" rel=\"noreferrer noopener\">les arts divina<em>toires \u2013 Hachette Collection<\/em><\/a><\/p>\n","protected":false},"excerpt":{"rendered":"<p>La septi\u00e8me Oie Le parcours se termine avec la rencontre d&rsquo;une septi\u00e8me Oie, mais dans la vie la partie n&rsquo;est jamais finie. On peut parvenir \u00e0 obtenir ce que l&rsquo;on veut \u00e0 accomplir nos r\u00eaves, projets, id\u00e9es, nos v\u0153ux, nos ambitions, mais la vie est \u00e9ternel recommencement, un \u00e9ternel retour. Signification Si votre pion tombe [&hellip;]<\/p>\n","protected":false},"author":1,"featured_media":0,"parent":480,"menu_order":63,"comment_status":"closed","ping_status":"closed","template":"","meta":{"_eb_attr":"","footnotes":""},"class_list":["post-8508","page","type-page","status-publish","hentry"],"_links":{"self":[{"href":"https:\/\/lerevedelouise.fr\/index.php\/wp-json\/wp\/v2\/pages\/8508","targetHints":{"allow":["GET"]}}],"collection":[{"href":"https:\/\/lerevedelouise.fr\/index.php\/wp-json\/wp\/v2\/pages"}],"about":[{"href":"https:\/\/lerevedelouise.fr\/index.php\/wp-json\/wp\/v2\/types\/page"}],"author":[{"embeddable":true,"href":"https:\/\/lerevedelouise.fr\/index.php\/wp-json\/wp\/v2\/users\/1"}],"replies":[{"embeddable":true,"href":"https:\/\/lerevedelouise.fr\/index.php\/wp-json\/wp\/v2\/comments?post=8508"}],"version-history":[{"count":5,"href":"https:\/\/lerevedelouise.fr\/index.php\/wp-json\/wp\/v2\/pages\/8508\/revisions"}],"predecessor-version":[{"id":8528,"href":"https:\/\/lerevedelouise.fr\/index.php\/wp-json\/wp\/v2\/pages\/8508\/revisions\/8528"}],"up":[{"embeddable":true,"href":"https:\/\/lerevedelouise.fr\/index.php\/wp-json\/wp\/v2\/pages\/480"}],"wp:attachment":[{"href":"https:\/\/lerevedelouise.fr\/index.php\/wp-json\/wp\/v2\/media?parent=8508"}],"curies":[{"name":"wp","href":"https:\/\/api.w.org\/{rel}","templated":true}]}}