{"id":8874,"date":"2024-02-03T15:20:46","date_gmt":"2024-02-03T14:20:46","guid":{"rendered":"https:\/\/lerevedelouise.fr\/?page_id=8874"},"modified":"2025-12-16T11:45:40","modified_gmt":"2025-12-16T10:45:40","slug":"maitrise-emotion","status":"publish","type":"page","link":"https:\/\/lerevedelouise.fr\/index.php\/sommaire\/maitrise-emotion\/","title":{"rendered":"Ma\u00eetrise &#038; Emotion"},"content":{"rendered":"<span class=\"span-reading-time rt-reading-time\" style=\"display: block;\"><span class=\"rt-label rt-prefix\">Temps de lecture\u00a0: <\/span> <span class=\"rt-time\"> &lt;\u00a01<\/span> <span class=\"rt-label rt-postfix\">minute<\/span><\/span>\n<ul class=\"wp-block-list\">\n<li><a title=\"\" href=\"https:\/\/lerevedelouise.fr\/index.php\/2024\/01\/30\/favorisez-lendormissement\/\">Favorisez l&rsquo;endormissement<\/a><\/li>\n\n\n\n<li><a href=\"https:\/\/lerevedelouise.fr\/index.php\/2024\/05\/23\/la-maitrise-de-soi\/\">La ma\u00eetrise de soi<\/a><\/li>\n\n\n\n<li><a href=\"https:\/\/lerevedelouise.fr\/index.php\/2025\/04\/16\/organisation-et-quotidien\/\">Organisation et quotidien<\/a><\/li>\n\n\n\n<li><a href=\"https:\/\/lerevedelouise.fr\/index.php\/2025\/12\/08\/les-preparatifs-de-noel\/\">Les pr\u00e9paratifs de No\u00ebl<\/a><\/li>\n<\/ul>\n\n\n<div class=\"wp-block-themezee-magazine-blocks-list tz-magazine-block \"><div class=\"tz-magazine-list tz-magazine-list-50-50\"><div class=\"tz-post-wrap\"><article id=\"post-12248\" class=\"tz-magazine-post post-12248 post tz-type-post status-publish format-standard has-post-thumbnail hentry category-maitrise-emotion tag-maitrise\"><div class=\"tz-post-image\"><figure class=\"tz-entry-image entry-image\"><a href=\"https:\/\/lerevedelouise.fr\/index.php\/2025\/12\/08\/les-preparatifs-de-noel\/\" rel=\"bookmark\"><img loading=\"lazy\" decoding=\"async\" width=\"300\" height=\"251\" src=\"https:\/\/lerevedelouise.fr\/wp-content\/uploads\/2025\/12\/preparatifs-de-noel-300x251.jpg\" class=\"attachment-medium size-medium wp-post-image\" alt=\"les pr\u00e9paratifs de No\u00ebl\" \/><\/a><\/figure><\/div><div class=\"tz-post-content\"><header class=\"tz-entry-header entry-header\"><h2 class=\"tz-entry-title entry-title\"><a href=\"https:\/\/lerevedelouise.fr\/index.php\/2025\/12\/08\/les-preparatifs-de-noel\/\" rel=\"bookmark\">Les pr\u00e9paratifs de No\u00ebl<\/a><\/h2><div class=\"tz-entry-meta entry-meta\"><span class=\"tz-meta-date meta-date tz-meta-field\"><a href=\"https:\/\/lerevedelouise.fr\/index.php\/2025\/12\/08\/les-preparatifs-de-noel\/\" title=\"19 h 55 min\" rel=\"bookmark\"><time class=\"published updated\" datetime=\"2025-12-08T19:55:12+01:00\">8 d\u00e9cembre 2025<\/time><\/a><\/span><span class=\"tz-meta-author meta-author tz-meta-field author vcard\"><a class=\"url fn n\" href=\"https:\/\/lerevedelouise.fr\/author\/admin\/\" title=\"View all posts by Pascale\" rel=\"author\">Pascale<\/a><\/span><\/div><\/header><div class=\"tz-entry-content entry-content\"><p>SommaireLe stress des pr\u00e9paratifs de No\u00eblLa magie du moment pr\u00e9sentDes pr\u00e9paratifs vus comme un rituelL&#039;importance de la respiration et de la pauseCr\u00e9er des souvenirs durablesL&#039;art <span class=\"tz-excerpt-more\">[&hellip;]<\/span><\/p><p class=\"tz-read-more read-more\"><a href=\"https:\/\/lerevedelouise.fr\/index.php\/2025\/12\/08\/les-preparatifs-de-noel\/\" class=\"tz-more-link more-link\" rel=\"bookmark\">Lire la suite<\/a><\/p><\/div><\/div><\/article><\/div><\/div><\/div>","protected":false},"excerpt":{"rendered":"","protected":false},"author":1,"featured_media":0,"parent":412,"menu_order":4,"comment_status":"closed","ping_status":"closed","template":"","meta":{"_eb_attr":"","footnotes":""},"class_list":["post-8874","page","type-page","status-publish","hentry"],"_links":{"self":[{"href":"https:\/\/lerevedelouise.fr\/index.php\/wp-json\/wp\/v2\/pages\/8874","targetHints":{"allow":["GET"]}}],"collection":[{"href":"https:\/\/lerevedelouise.fr\/index.php\/wp-json\/wp\/v2\/pages"}],"about":[{"href":"https:\/\/lerevedelouise.fr\/index.php\/wp-json\/wp\/v2\/types\/page"}],"author":[{"embeddable":true,"href":"https:\/\/lerevedelouise.fr\/index.php\/wp-json\/wp\/v2\/users\/1"}],"replies":[{"embeddable":true,"href":"https:\/\/lerevedelouise.fr\/index.php\/wp-json\/wp\/v2\/comments?post=8874"}],"version-history":[{"count":14,"href":"https:\/\/lerevedelouise.fr\/index.php\/wp-json\/wp\/v2\/pages\/8874\/revisions"}],"predecessor-version":[{"id":12337,"href":"https:\/\/lerevedelouise.fr\/index.php\/wp-json\/wp\/v2\/pages\/8874\/revisions\/12337"}],"up":[{"embeddable":true,"href":"https:\/\/lerevedelouise.fr\/index.php\/wp-json\/wp\/v2\/pages\/412"}],"wp:attachment":[{"href":"https:\/\/lerevedelouise.fr\/index.php\/wp-json\/wp\/v2\/media?parent=8874"}],"curies":[{"name":"wp","href":"https:\/\/api.w.org\/{rel}","templated":true}]}}