{"id":8885,"date":"2024-02-03T15:43:07","date_gmt":"2024-02-03T14:43:07","guid":{"rendered":"https:\/\/lerevedelouise.fr\/?page_id=8885"},"modified":"2026-03-10T13:54:23","modified_gmt":"2026-03-10T12:54:23","slug":"analyse-reve","status":"publish","type":"page","link":"https:\/\/lerevedelouise.fr\/index.php\/sommaire\/analyse-reve\/","title":{"rendered":"Analyse &#038; r\u00eave"},"content":{"rendered":"<span class=\"span-reading-time rt-reading-time\" style=\"display: block;\"><span class=\"rt-label rt-prefix\">Temps de lecture\u00a0: <\/span> <span class=\"rt-time\"> &lt;\u00a01<\/span> <span class=\"rt-label rt-postfix\">minute<\/span><\/span>\n<ul class=\"wp-block-list\">\n<li><a title=\"\" href=\"https:\/\/lerevedelouise.fr\/index.php\/2020\/08\/20\/les-types-de-reves\/\">Les types de r\u00eaves<\/a><\/li>\n\n\n\n<li><a href=\"https:\/\/lerevedelouise.fr\/index.php\/2024\/06\/07\/les-reves-physiologiques\/\">Les r\u00eaves physiologiques<\/a><\/li>\n\n\n\n<li><a href=\"https:\/\/lerevedelouise.fr\/index.php\/2025\/06\/14\/les-reves-de-preoccupation\/\">Les r\u00eaves de pr\u00e9occupation<\/a><\/li>\n\n\n\n<li><a href=\"https:\/\/lerevedelouise.fr\/index.php\/2025\/09\/24\/les-reves-des-desirs\/\">Les r\u00eaves des d\u00e9sirs<\/a><\/li>\n\n\n\n<li><a href=\"https:\/\/lerevedelouise.fr\/index.php\/2025\/12\/16\/les-reves-recurrents\/\">Les r\u00eaves r\u00e9currents<\/a><\/li>\n\n\n\n<li><a title=\"\" href=\"https:\/\/lerevedelouise.fr\/index.php\/2022\/03\/28\/les-reves-initiatiques-ou-dindividuation\/\">Les r\u00eaves initiatiques ou d&rsquo;individuation<\/a><\/li>\n\n\n\n<li><a href=\"https:\/\/lerevedelouise.fr\/index.php\/2025\/05\/21\/les-phases-du-sommeil\/\">Les phases du sommeil<\/a><\/li>\n\n\n\n<li><a href=\"https:\/\/lerevedelouise.fr\/index.php\/2021\/02\/16\/l-interpretation-des-reves\/\" title=\"\">L&rsquo;interpr\u00e9tation des r\u00eaves<\/a><\/li>\n\n\n\n<li><a href=\"https:\/\/lerevedelouise.fr\/index.php\/2022\/02\/14\/vous-pouvez-analyser-vos-reves\/\" title=\"\">Vous pouvez analyser vos r\u00eaves<\/a><\/li>\n\n\n\n<li><a href=\"https:\/\/lerevedelouise.fr\/index.php\/2026\/03\/10\/les-lettres-secretes-de-lame\/\">Les lettres secr\u00e8tes de l&rsquo;\u00e2me<\/a><\/li>\n<\/ul>\n\n\n\n<ul class=\"wp-block-list\"><\/ul>\n\n\n<div class=\"wp-block-themezee-magazine-blocks-list tz-magazine-block \"><div class=\"tz-magazine-list tz-magazine-list-50-50\"><div class=\"tz-post-wrap\"><article id=\"post-12728\" class=\"tz-magazine-post post-12728 post tz-type-post status-publish format-standard has-post-thumbnail hentry category-analyse-reve category-article-recent tag-reve\"><div class=\"tz-post-image\"><figure class=\"tz-entry-image entry-image\"><a href=\"https:\/\/lerevedelouise.fr\/index.php\/2026\/03\/10\/les-lettres-secretes-de-lame\/\" rel=\"bookmark\"><img loading=\"lazy\" decoding=\"async\" width=\"300\" height=\"251\" src=\"https:\/\/lerevedelouise.fr\/wp-content\/uploads\/2026\/03\/les-lettres-secretes-de-l-ame-300x251.jpg\" class=\"attachment-medium size-medium wp-post-image\" alt=\"les lettres secr\u00e8tes de l&#039;\u00e2me\" \/><\/a><\/figure><\/div><div class=\"tz-post-content\"><header class=\"tz-entry-header entry-header\"><h2 class=\"tz-entry-title entry-title\"><a href=\"https:\/\/lerevedelouise.fr\/index.php\/2026\/03\/10\/les-lettres-secretes-de-lame\/\" rel=\"bookmark\">Les lettres secr\u00e8tes de l&rsquo;\u00e2me<\/a><\/h2><div class=\"tz-entry-meta entry-meta\"><span class=\"tz-meta-date meta-date tz-meta-field\"><a href=\"https:\/\/lerevedelouise.fr\/index.php\/2026\/03\/10\/les-lettres-secretes-de-lame\/\" title=\"13 h 40 min\" rel=\"bookmark\"><time class=\"published updated\" datetime=\"2026-03-10T13:40:11+01:00\">10 mars 2026<\/time><\/a><\/span><span class=\"tz-meta-author meta-author tz-meta-field author vcard\"><a class=\"url fn n\" href=\"https:\/\/lerevedelouise.fr\/author\/admin\/\" title=\"View all posts by Pascale\" rel=\"author\">Pascale<\/a><\/span><\/div><\/header><div class=\"tz-entry-content entry-content\"><p>SommaireQuand l&#039;\u00e2me murmure dans la nuitUn langage symboliqueUn espace de gu\u00e9risonUn lieu de rencontre avec l&#039;invisibleUn pont entre le conscient et l&#039;\u00e2meEcouter la correspondance int\u00e9rieure <span class=\"tz-excerpt-more\">[&hellip;]<\/span><\/p><p class=\"tz-read-more read-more\"><a href=\"https:\/\/lerevedelouise.fr\/index.php\/2026\/03\/10\/les-lettres-secretes-de-lame\/\" class=\"tz-more-link more-link\" rel=\"bookmark\">Lire la suite<\/a><\/p><\/div><\/div><\/article><\/div><\/div><\/div>","protected":false},"excerpt":{"rendered":"","protected":false},"author":1,"featured_media":0,"parent":412,"menu_order":5,"comment_status":"closed","ping_status":"closed","template":"","meta":{"_eb_attr":"","footnotes":""},"class_list":["post-8885","page","type-page","status-publish","hentry"],"_links":{"self":[{"href":"https:\/\/lerevedelouise.fr\/index.php\/wp-json\/wp\/v2\/pages\/8885","targetHints":{"allow":["GET"]}}],"collection":[{"href":"https:\/\/lerevedelouise.fr\/index.php\/wp-json\/wp\/v2\/pages"}],"about":[{"href":"https:\/\/lerevedelouise.fr\/index.php\/wp-json\/wp\/v2\/types\/page"}],"author":[{"embeddable":true,"href":"https:\/\/lerevedelouise.fr\/index.php\/wp-json\/wp\/v2\/users\/1"}],"replies":[{"embeddable":true,"href":"https:\/\/lerevedelouise.fr\/index.php\/wp-json\/wp\/v2\/comments?post=8885"}],"version-history":[{"count":15,"href":"https:\/\/lerevedelouise.fr\/index.php\/wp-json\/wp\/v2\/pages\/8885\/revisions"}],"predecessor-version":[{"id":12738,"href":"https:\/\/lerevedelouise.fr\/index.php\/wp-json\/wp\/v2\/pages\/8885\/revisions\/12738"}],"up":[{"embeddable":true,"href":"https:\/\/lerevedelouise.fr\/index.php\/wp-json\/wp\/v2\/pages\/412"}],"wp:attachment":[{"href":"https:\/\/lerevedelouise.fr\/index.php\/wp-json\/wp\/v2\/media?parent=8885"}],"curies":[{"name":"wp","href":"https:\/\/api.w.org\/{rel}","templated":true}]}}