{"id":8923,"date":"2024-02-03T23:45:15","date_gmt":"2024-02-03T22:45:15","guid":{"rendered":"https:\/\/lerevedelouise.fr\/?page_id=8923"},"modified":"2025-12-16T11:09:28","modified_gmt":"2025-12-16T10:09:28","slug":"initiation-parcours","status":"publish","type":"page","link":"https:\/\/lerevedelouise.fr\/index.php\/sommaire\/initiation-parcours\/","title":{"rendered":"Initiation &#038; Parcours"},"content":{"rendered":"<span class=\"span-reading-time rt-reading-time\" style=\"display: block;\"><span class=\"rt-label rt-prefix\">Temps de lecture\u00a0: <\/span> <span class=\"rt-time\"> &lt;\u00a01<\/span> <span class=\"rt-label rt-postfix\">minute<\/span><\/span>\n<ul class=\"wp-block-list\">\n<li><a title=\"\" href=\"https:\/\/lerevedelouise.fr\/index.php\/2020\/06\/04\/les-arcanes-majeurs\/\">Le Tarot : les 22 Arcanes majeurs<\/a><\/li>\n\n\n\n<li><a title=\"\" href=\"https:\/\/lerevedelouise.fr\/index.php\/2022\/03\/11\/le-zodiaque-est-sa-symbolique\/\">Le zodiaque et sa symbolique<\/a><\/li>\n\n\n\n<li><a title=\"\" href=\"https:\/\/lerevedelouise.fr\/index.php\/2020\/05\/23\/jeu-de-loie-les-regles-du-jeu\/\">Jeu de l&rsquo;Oie initiatique : les r\u00e8gles du jeu <\/a><\/li>\n<\/ul>\n\n\n<div class=\"wp-block-themezee-magazine-blocks-list tz-magazine-block \"><div class=\"tz-magazine-list tz-magazine-list-50-50\"><div class=\"tz-post-wrap\"><article id=\"post-474\" class=\"tz-magazine-post post-474 post tz-type-post status-publish format-standard has-post-thumbnail hentry category-initiation-parcours tag-jeu-oie\"><div class=\"tz-post-image\"><figure class=\"tz-entry-image entry-image\"><a href=\"https:\/\/lerevedelouise.fr\/index.php\/2020\/05\/23\/jeu-de-loie-les-regles-du-jeu\/\" rel=\"bookmark\"><img loading=\"lazy\" decoding=\"async\" width=\"300\" height=\"200\" src=\"https:\/\/lerevedelouise.fr\/wp-content\/uploads\/2020\/05\/jeu-de-loie-1-300x200.jpg\" class=\"attachment-medium size-medium wp-post-image\" alt=\"Jeu de l&#039;oie\" \/><\/a><\/figure><\/div><div class=\"tz-post-content\"><header class=\"tz-entry-header entry-header\"><h2 class=\"tz-entry-title entry-title\"><a href=\"https:\/\/lerevedelouise.fr\/index.php\/2020\/05\/23\/jeu-de-loie-les-regles-du-jeu\/\" rel=\"bookmark\">Jeu de l&rsquo;Oie initiatique : les r\u00e8gles du jeu<\/a><\/h2><div class=\"tz-entry-meta entry-meta\"><span class=\"tz-meta-date meta-date tz-meta-field\"><a href=\"https:\/\/lerevedelouise.fr\/index.php\/2020\/05\/23\/jeu-de-loie-les-regles-du-jeu\/\" title=\"16 h 55 min\" rel=\"bookmark\"><time class=\"published updated\" datetime=\"2020-05-23T16:55:37+02:00\">23 mai 2020<\/time><\/a><\/span><span class=\"tz-meta-author meta-author tz-meta-field author vcard\"><a class=\"url fn n\" href=\"https:\/\/lerevedelouise.fr\/author\/admin\/\" title=\"View all posts by Pascale\" rel=\"author\">Pascale<\/a><\/span><\/div><\/header><div class=\"tz-entry-content entry-content\"><p>Parcours du chemin du jeu de l&#039;Oie Le plateau est constitu\u00e9 de 63 cases, num\u00e9rot\u00e9es de 1 \u00e0 63, qui se d\u00e9compose en 7 cycles <span class=\"tz-excerpt-more\">[&hellip;]<\/span><\/p><p class=\"tz-read-more read-more\"><a href=\"https:\/\/lerevedelouise.fr\/index.php\/2020\/05\/23\/jeu-de-loie-les-regles-du-jeu\/\" class=\"tz-more-link more-link\" rel=\"bookmark\">Lire la suite<\/a><\/p><\/div><\/div><\/article><\/div><\/div><\/div>","protected":false},"excerpt":{"rendered":"","protected":false},"author":1,"featured_media":0,"parent":412,"menu_order":8,"comment_status":"closed","ping_status":"closed","template":"","meta":{"_eb_attr":"","footnotes":""},"class_list":["post-8923","page","type-page","status-publish","hentry"],"_links":{"self":[{"href":"https:\/\/lerevedelouise.fr\/index.php\/wp-json\/wp\/v2\/pages\/8923","targetHints":{"allow":["GET"]}}],"collection":[{"href":"https:\/\/lerevedelouise.fr\/index.php\/wp-json\/wp\/v2\/pages"}],"about":[{"href":"https:\/\/lerevedelouise.fr\/index.php\/wp-json\/wp\/v2\/types\/page"}],"author":[{"embeddable":true,"href":"https:\/\/lerevedelouise.fr\/index.php\/wp-json\/wp\/v2\/users\/1"}],"replies":[{"embeddable":true,"href":"https:\/\/lerevedelouise.fr\/index.php\/wp-json\/wp\/v2\/comments?post=8923"}],"version-history":[{"count":6,"href":"https:\/\/lerevedelouise.fr\/index.php\/wp-json\/wp\/v2\/pages\/8923\/revisions"}],"predecessor-version":[{"id":12331,"href":"https:\/\/lerevedelouise.fr\/index.php\/wp-json\/wp\/v2\/pages\/8923\/revisions\/12331"}],"up":[{"embeddable":true,"href":"https:\/\/lerevedelouise.fr\/index.php\/wp-json\/wp\/v2\/pages\/412"}],"wp:attachment":[{"href":"https:\/\/lerevedelouise.fr\/index.php\/wp-json\/wp\/v2\/media?parent=8923"}],"curies":[{"name":"wp","href":"https:\/\/api.w.org\/{rel}","templated":true}]}}