{"id":8936,"date":"2024-02-04T00:08:57","date_gmt":"2024-02-03T23:08:57","guid":{"rendered":"https:\/\/lerevedelouise.fr\/?page_id=8936"},"modified":"2025-12-16T11:07:52","modified_gmt":"2025-12-16T10:07:52","slug":"langage-symbolique","status":"publish","type":"page","link":"https:\/\/lerevedelouise.fr\/index.php\/sommaire\/langage-symbolique\/","title":{"rendered":"Langage &#038; Symbolique"},"content":{"rendered":"<span class=\"span-reading-time rt-reading-time\" style=\"display: block;\"><span class=\"rt-label rt-prefix\">Temps de lecture\u00a0: <\/span> <span class=\"rt-time\"> &lt;\u00a01<\/span> <span class=\"rt-label rt-postfix\">minute<\/span><\/span>\n<h2 class=\"wp-block-heading has-text-color\" style=\"color:#d7760e\">Votre couleur pr\u00e9f\u00e9r\u00e9e r\u00e9v\u00e8le votre personnalit\u00e9<\/h2>\n\n\n\n<ul class=\"wp-block-list\">\n<li><a href=\"https:\/\/lerevedelouise.fr\/index.php\/2020\/05\/17\/le-jaune-est-votre-couleur\/\">Le jaune est votre couleur<\/a><\/li>\n\n\n\n<li><a href=\"https:\/\/lerevedelouise.fr\/index.php\/2021\/03\/11\/le-calme-avec-la-couleur-bleue\/\" title=\"\">Le calme avec la couleur bleue<\/a><\/li>\n\n\n\n<li><a href=\"https:\/\/lerevedelouise.fr\/index.php\/2022\/01\/12\/l-authentique-avec-la-couleur-marron\/\" title=\"\">L&rsquo;authentique avec la couleur marron<\/a><\/li>\n<\/ul>\n\n\n\n<h2 class=\"wp-block-heading has-text-color\" style=\"color:#d7760e\">L&rsquo;\u00e9quilibre avec les 4 \u00e9l\u00e9ments<\/h2>\n\n\n\n<ul class=\"wp-block-list\">\n<li><a title=\"\" href=\"https:\/\/lerevedelouise.fr\/index.php\/2022\/04\/09\/lelement-feu\/\">L&rsquo;\u00e9l\u00e9ment Feu<\/a><\/li>\n\n\n\n<li><a title=\"\" href=\"https:\/\/lerevedelouise.fr\/index.php\/2024\/01\/24\/lelement-air\/\">L&rsquo;\u00e9l\u00e9ment Air<\/a><\/li>\n\n\n\n<li><a title=\"\" href=\"https:\/\/lerevedelouise.fr\/index.php\/2021\/02\/12\/lelement-eau\/\">L&rsquo;\u00e9l\u00e9ment Eau<\/a><\/li>\n\n\n\n<li><a href=\"https:\/\/lerevedelouise.fr\/index.php\/2023\/06\/14\/lelement-terre\/\">L&rsquo;\u00e9l\u00e9ment Terre<\/a><\/li>\n<\/ul>\n\n\n<div class=\"wp-block-themezee-magazine-blocks-list tz-magazine-block \"><div class=\"tz-magazine-list tz-magazine-list-50-50\"><div class=\"tz-post-wrap\"><article id=\"post-8766\" class=\"tz-magazine-post post-8766 post tz-type-post status-publish format-standard has-post-thumbnail hentry category-langage-symbolique tag-4-elements\"><div class=\"tz-post-image\"><figure class=\"tz-entry-image entry-image\"><a href=\"https:\/\/lerevedelouise.fr\/index.php\/2024\/01\/24\/lelement-air\/\" rel=\"bookmark\"><img loading=\"lazy\" decoding=\"async\" width=\"300\" height=\"200\" src=\"https:\/\/lerevedelouise.fr\/wp-content\/uploads\/2020\/05\/lair-300x200.jpg\" class=\"attachment-medium size-medium wp-post-image\" alt=\"L&#039;\u00e9l\u00e9ment Air\" \/><\/a><\/figure><\/div><div class=\"tz-post-content\"><header class=\"tz-entry-header entry-header\"><h2 class=\"tz-entry-title entry-title\"><a href=\"https:\/\/lerevedelouise.fr\/index.php\/2024\/01\/24\/lelement-air\/\" rel=\"bookmark\">L&rsquo;\u00e9l\u00e9ment Air<\/a><\/h2><div class=\"tz-entry-meta entry-meta\"><span class=\"tz-meta-date meta-date tz-meta-field\"><a href=\"https:\/\/lerevedelouise.fr\/index.php\/2024\/01\/24\/lelement-air\/\" title=\"17 h 39 min\" rel=\"bookmark\"><time class=\"published updated\" datetime=\"2024-01-24T17:39:10+01:00\">24 janvier 2024<\/time><\/a><\/span><span class=\"tz-meta-author meta-author tz-meta-field author vcard\"><a class=\"url fn n\" href=\"https:\/\/lerevedelouise.fr\/author\/admin\/\" title=\"View all posts by Pascale\" rel=\"author\">Pascale<\/a><\/span><\/div><\/header><div class=\"tz-entry-content entry-content\"><p>SommaireL&#039;Air communication spirituelCaract\u00e9ristique L&#039;Air communication spirituel L&#039;\u00e9l\u00e9ment Air est symboliquement associ\u00e9 au vent, au souffle, il repr\u00e9sente le monde subtil interm\u00e9diaire entre le ciel et <span class=\"tz-excerpt-more\">[&hellip;]<\/span><\/p><p class=\"tz-read-more read-more\"><a href=\"https:\/\/lerevedelouise.fr\/index.php\/2024\/01\/24\/lelement-air\/\" class=\"tz-more-link more-link\" rel=\"bookmark\">Lire la suite<\/a><\/p><\/div><\/div><\/article><\/div><\/div><\/div>","protected":false},"excerpt":{"rendered":"<p>Votre couleur pr\u00e9f\u00e9r\u00e9e r\u00e9v\u00e8le votre personnalit\u00e9 L&rsquo;\u00e9quilibre avec les 4 \u00e9l\u00e9ments<\/p>\n","protected":false},"author":1,"featured_media":0,"parent":412,"menu_order":7,"comment_status":"closed","ping_status":"closed","template":"","meta":{"_eb_attr":"","footnotes":""},"class_list":["post-8936","page","type-page","status-publish","hentry"],"_links":{"self":[{"href":"https:\/\/lerevedelouise.fr\/index.php\/wp-json\/wp\/v2\/pages\/8936","targetHints":{"allow":["GET"]}}],"collection":[{"href":"https:\/\/lerevedelouise.fr\/index.php\/wp-json\/wp\/v2\/pages"}],"about":[{"href":"https:\/\/lerevedelouise.fr\/index.php\/wp-json\/wp\/v2\/types\/page"}],"author":[{"embeddable":true,"href":"https:\/\/lerevedelouise.fr\/index.php\/wp-json\/wp\/v2\/users\/1"}],"replies":[{"embeddable":true,"href":"https:\/\/lerevedelouise.fr\/index.php\/wp-json\/wp\/v2\/comments?post=8936"}],"version-history":[{"count":15,"href":"https:\/\/lerevedelouise.fr\/index.php\/wp-json\/wp\/v2\/pages\/8936\/revisions"}],"predecessor-version":[{"id":12329,"href":"https:\/\/lerevedelouise.fr\/index.php\/wp-json\/wp\/v2\/pages\/8936\/revisions\/12329"}],"up":[{"embeddable":true,"href":"https:\/\/lerevedelouise.fr\/index.php\/wp-json\/wp\/v2\/pages\/412"}],"wp:attachment":[{"href":"https:\/\/lerevedelouise.fr\/index.php\/wp-json\/wp\/v2\/media?parent=8936"}],"curies":[{"name":"wp","href":"https:\/\/api.w.org\/{rel}","templated":true}]}}